{"id":3189,"date":"2026-04-11T00:01:34","date_gmt":"2026-04-11T00:01:34","guid":{"rendered":"https:\/\/novaluxeurope.com\/producto\/armaf-club-de-nuit-siiiage-set-edp-30-mlhair-mist-55-mldeostick-75gbody-spray-50-ml\/"},"modified":"2026-05-11T05:15:25","modified_gmt":"2026-05-11T05:15:25","slug":"armaf-club-de-nuit-siiiage-set-edp-30-mlhair-mist-55-mldeostick-75gbody-spray-50-ml","status":"publish","type":"product","link":"https:\/\/novaluxeurope.com\/en\/product\/armaf-club-de-nuit-siiiage-set-edp-30-mlhair-mist-55-mldeostick-75gbody-spray-50-ml\/","title":{"rendered":"Armaf Club de Nuit SiIIage SET- +hair mist +deostick +body spray"},"content":{"rendered":"<p>Experimenta la lujosa esencia de Club De Nuit Sillage de Armaf , una fragancia masculina que se lanz\u00f3 en 2020 y que se ha convertido r\u00e1pidamente en un b\u00e1sico en el mundo de las fragancias de Oriente Medio. Esta opulenta fragancia pertenece a la familia olfativa Almizcle Floral Amaderado , ofreciendo un equilibrio perfecto de frescura y calidez que resulta cautivador y atemporal. Las notas de salida de Club De Nuit Sillage son una vigorizante mezcla de bergamota, grosella negra, lim\u00f3n, hoja de violeta, lima y jengibre. Esta refrescante combinaci\u00f3n proporciona un comienzo electrizante, causando una audaz primera impresi\u00f3n. A medida que la fragancia evoluciona, las notas de coraz\u00f3n de rosa, iris y jazm\u00edn adquieren protagonismo, creando un bouquet floral rico y sofisticado. La fragancia se asienta en una base profunda y duradera de ambrox\u00e1n, almizcle, s\u00e1ndalo y cedro. Estas notas garantizan un acabado c\u00e1lido y amaderado que perdura en la piel, creando una experiencia olfativa memorable y duradera. El Club De Nuit Sillage no es s\u00f3lo una fragancia; es la encarnaci\u00f3n de la elegancia y el refinamiento, perfecto para cualquier ocasi\u00f3n. El estuche de regalo Club De Nuit Sillage para hombre de Armaf incluye un EDP de 30 ml, un spray corporal de 50 ml, una bruma capilar de 55 ml y una barra desodorante de 75 g, lo que lo convierte en un regalo ideal para el hombre exigente. La casa de dise\u00f1o Armaf es famosa por sus exquisitas fragancias de Oriente Medio, y este set de regalo no es una excepci\u00f3n. NOTAS DE PERFUME Notas de salida: Bergamota, grosella negra, lim\u00f3n, hoja de violeta, lima, jengibre Notas medias: Rosa, Iris y Jazm\u00edn Notas de Fondo: Ambroxan, Almizcle, S\u00e1ndalo, Cedro<\/p>\n<h4>Pir\u00e1mide olfativa<\/h4>\n<ul>\n<li><strong>Notas de entrada:<\/strong> Bergamota, Grosella negra, Lim\u00f3n, Hoja violeta, Cal, Jengibre<\/li>\n<li><strong>Notas de coraz\u00f3n:<\/strong> Rosa, Iris, y Jasmine<\/li>\n<li><strong>Notas de salida:<\/strong> Ambroxan, Almizcle, S\u00e1ndalo, Cedro<\/li>\n<\/ul>","protected":false},"excerpt":{"rendered":"<p>Experimenta la lujosa esencia de Club De Nuit Sillage de Armaf , una fragancia masculina que se lanz\u00f3 en 2020 y que se ha convertido r\u00e1pidamente en un b\u00e1sico en el mundo de las fragancias de Oriente Medio. Esta opulenta fragancia pertenece a la familia olfativa Almizcle Floral Amaderado , ofreciendo un equilibrio perfecto de [&hellip;]<\/p>\n","protected":false},"featured_media":3188,"comment_status":"open","ping_status":"closed","template":"","meta":[],"product_brand":[535],"product_cat":[225],"product_tag":[59,76,102,477,53,111,376,55,180,140,49,174,608],"class_list":{"0":"post-3189","1":"product","2":"type-product","3":"status-publish","4":"has-post-thumbnail","6":"product_brand-armaf","7":"product_cat-perfumes-y-fragancias","8":"product_tag-almizcle","9":"product_tag-ambroxan","10":"product_tag-bergamota","11":"product_tag-cal","12":"product_tag-cedro","13":"product_tag-grosella-negra","14":"product_tag-hoja-violeta","15":"product_tag-iris","16":"product_tag-jengibre","17":"product_tag-limon","18":"product_tag-rosa","19":"product_tag-sandalo","20":"product_tag-y-jasmine","22":"first","23":"instock","24":"taxable","25":"shipping-taxable","26":"product-type-simple"},"_links":{"self":[{"href":"https:\/\/novaluxeurope.com\/en\/wp-json\/wp\/v2\/product\/3189","targetHints":{"allow":["GET"]}}],"collection":[{"href":"https:\/\/novaluxeurope.com\/en\/wp-json\/wp\/v2\/product"}],"about":[{"href":"https:\/\/novaluxeurope.com\/en\/wp-json\/wp\/v2\/types\/product"}],"replies":[{"embeddable":true,"href":"https:\/\/novaluxeurope.com\/en\/wp-json\/wp\/v2\/comments?post=3189"}],"wp:featuredmedia":[{"embeddable":true,"href":"https:\/\/novaluxeurope.com\/en\/wp-json\/wp\/v2\/media\/3188"}],"wp:attachment":[{"href":"https:\/\/novaluxeurope.com\/en\/wp-json\/wp\/v2\/media?parent=3189"}],"wp:term":[{"taxonomy":"product_brand","embeddable":true,"href":"https:\/\/novaluxeurope.com\/en\/wp-json\/wp\/v2\/product_brand?post=3189"},{"taxonomy":"product_cat","embeddable":true,"href":"https:\/\/novaluxeurope.com\/en\/wp-json\/wp\/v2\/product_cat?post=3189"},{"taxonomy":"product_tag","embeddable":true,"href":"https:\/\/novaluxeurope.com\/en\/wp-json\/wp\/v2\/product_tag?post=3189"}],"curies":[{"name":"wp","href":"https:\/\/api.w.org\/{rel}","templated":true}]}}