{"id":3184,"date":"2026-04-11T00:01:33","date_gmt":"2026-04-11T00:01:33","guid":{"rendered":"https:\/\/novaluxeurope.com\/producto\/armaf-club-de-nuit-set-cdn-untold-30-ml-cdn-iconic-30-ml-cdn-white-imperiale-30-ml\/"},"modified":"2026-05-03T00:01:10","modified_gmt":"2026-05-03T00:01:10","slug":"armaf-club-de-nuit-set-cdn-untold-30-ml-cdn-iconic-30-ml-cdn-white-imperiale-30-ml","status":"publish","type":"product","link":"https:\/\/novaluxeurope.com\/en\/product\/armaf-club-de-nuit-set-cdn-untold-30-ml-cdn-iconic-30-ml-cdn-white-imperiale-30-ml\/","title":{"rendered":"Armaf Club de Nuit SET &#8211; CDN Untold +CDN Iconic +CDN White Imperiale"},"content":{"rendered":"<p>Presentamos el set de regalo de tres piezas del tr\u00edo de perfumes ARMAF: \u00a1Descubra la esencia de la elegancia con Untold, Iconic e Imperiale! Del\u00e9itese con el ep\u00edtome del lujo con nuestro \u00faltimo tr\u00edo de fragancias, cuidadosamente seleccionadas para cautivar los sentidos y dejar una impresi\u00f3n duradera. El set de regalo de tres piezas de ARMAF Perfumes es una celebraci\u00f3n de la sofisticaci\u00f3n, con tres fragancias encantadoras de 30 ml: Untold, Iconic e Imperiale. Untold le sumerge en una sinfon\u00eda de opulencia, que combina el rico encanto de las notas de salida de azafr\u00e1n y jazm\u00edn, la calidez de las notas medias de \u00e1mbar y \u00e1mbar gris, y el cautivador abrazo de las notas de fondo de resina de fuego y cedro. Iconic se deleita con una mezcla din\u00e1mica de pomelo, menta y lim\u00f3n combinados con cilantro picante y pimienta rosa. Un coraz\u00f3n de jengibre, nuez moscada, mel\u00f3n y jazm\u00edn a\u00f1ade intriga, mientras que las notas de fondo de incienso, \u00e1mbar, cedro, s\u00e1ndalo y pachul\u00ed crean un encanto duradero e irresistible. Imperiale descubre una cautivadora mezcla de lichi, bergamota y nuez moscada, seguida de rosa turca, peon\u00eda, almizcle y vainilla. El encantador viaje concluye con notas de fondo de cachemira, cedro, incienso y vetiver , creando una fragancia que destila sofisticaci\u00f3n y encanto. Del\u00e9itese con el arte de ARMAF Perfumes y eleve su colecci\u00f3n de fragancias con este exclusivo set de regalo de tres piezas. Perfecto para cualquier ocasi\u00f3n, este set es un regalo bien pensado para usted o para un ser querido que aprecia las cosas buenas de la vida. Descubra lo extraordinario con los Perfumes ARMAF, donde cada fragancia cuenta una historia y cada frasco es una obra maestra.<\/p>","protected":false},"excerpt":{"rendered":"<p>Presentamos el set de regalo de tres piezas del tr\u00edo de perfumes ARMAF: \u00a1Descubra la esencia de la elegancia con Untold, Iconic e Imperiale! Del\u00e9itese con el ep\u00edtome del lujo con nuestro \u00faltimo tr\u00edo de fragancias, cuidadosamente seleccionadas para cautivar los sentidos y dejar una impresi\u00f3n duradera. El set de regalo de tres piezas de [&hellip;]<\/p>\n","protected":false},"featured_media":3183,"comment_status":"open","ping_status":"closed","template":"","meta":[],"product_brand":[535],"product_cat":[225],"product_tag":[],"class_list":{"0":"post-3184","1":"product","2":"type-product","3":"status-publish","4":"has-post-thumbnail","6":"product_brand-armaf","7":"product_cat-perfumes-y-fragancias","9":"first","10":"instock","11":"taxable","12":"shipping-taxable","13":"product-type-simple"},"_links":{"self":[{"href":"https:\/\/novaluxeurope.com\/en\/wp-json\/wp\/v2\/product\/3184","targetHints":{"allow":["GET"]}}],"collection":[{"href":"https:\/\/novaluxeurope.com\/en\/wp-json\/wp\/v2\/product"}],"about":[{"href":"https:\/\/novaluxeurope.com\/en\/wp-json\/wp\/v2\/types\/product"}],"replies":[{"embeddable":true,"href":"https:\/\/novaluxeurope.com\/en\/wp-json\/wp\/v2\/comments?post=3184"}],"wp:featuredmedia":[{"embeddable":true,"href":"https:\/\/novaluxeurope.com\/en\/wp-json\/wp\/v2\/media\/3183"}],"wp:attachment":[{"href":"https:\/\/novaluxeurope.com\/en\/wp-json\/wp\/v2\/media?parent=3184"}],"wp:term":[{"taxonomy":"product_brand","embeddable":true,"href":"https:\/\/novaluxeurope.com\/en\/wp-json\/wp\/v2\/product_brand?post=3184"},{"taxonomy":"product_cat","embeddable":true,"href":"https:\/\/novaluxeurope.com\/en\/wp-json\/wp\/v2\/product_cat?post=3184"},{"taxonomy":"product_tag","embeddable":true,"href":"https:\/\/novaluxeurope.com\/en\/wp-json\/wp\/v2\/product_tag?post=3184"}],"curies":[{"name":"wp","href":"https:\/\/api.w.org\/{rel}","templated":true}]}}