{"id":3164,"date":"2026-04-11T00:01:28","date_gmt":"2026-04-11T00:01:28","guid":{"rendered":"https:\/\/novaluxeurope.com\/producto\/armaf-club-de-nuit-milestone-soap-130-g\/"},"modified":"2026-04-24T13:31:56","modified_gmt":"2026-04-24T13:31:56","slug":"armaf-club-de-nuit-milestone-soap-130-g","status":"publish","type":"product","link":"https:\/\/novaluxeurope.com\/en\/product\/armaf-club-de-nuit-milestone-soap-130-g\/","title":{"rendered":"Armaf Club de Nuit Milestone Soap"},"content":{"rendered":"<p>Sum\u00e9rjase en la vigorizante y cautivadora esencia del jab\u00f3n Club De Nuit Milestone . Este jab\u00f3n lleva la fragancia caracter\u00edstica de Club De Nuit Milestone, conocida por sus acordes frescos y amaderados. El Jab\u00f3n Club De Nuit Milestone es m\u00e1s que un simple producto de limpieza; es una oportunidad para impregnar su rutina diaria con la distinguida fragancia de Club De Nuit Milestone, dej\u00e1ndole una sensaci\u00f3n refrescante y sutilmente perfumada durante todo el d\u00eda. NOTAS DE PERFUME Notas de salida: Notas marinas, frutos rojos, bergamota Notas medias: Violeta, Maderas Blancas, S\u00e1ndalo Notas de Fondo: Ambroxan, Almizcle, Vetiver<\/p>\n<h4>Pir\u00e1mide olfativa<\/h4>\n<ul>\n<li><strong>Notas de entrada:<\/strong> Notas de mar, Frutos rojos, Bergamota<\/li>\n<li><strong>Notas de coraz\u00f3n:<\/strong> Violeta, Bosques blancos, S\u00e1ndalo<\/li>\n<li><strong>Notas de salida:<\/strong> Ambroxan, Almizcle, Vetiver<\/li>\n<\/ul>","protected":false},"excerpt":{"rendered":"<p>Sum\u00e9rjase en la vigorizante y cautivadora esencia del jab\u00f3n Club De Nuit Milestone . Este jab\u00f3n lleva la fragancia caracter\u00edstica de Club De Nuit Milestone, conocida por sus acordes frescos y amaderados. El Jab\u00f3n Club De Nuit Milestone es m\u00e1s que un simple producto de limpieza; es una oportunidad para impregnar su rutina diaria con [&hellip;]<\/p>\n","protected":false},"featured_media":3163,"comment_status":"open","ping_status":"closed","template":"","meta":[],"product_brand":[535],"product_cat":[225],"product_tag":[59,76,102,604,215,358,174,50,51],"class_list":{"0":"post-3164","1":"product","2":"type-product","3":"status-publish","4":"has-post-thumbnail","6":"product_brand-armaf","7":"product_cat-perfumes-y-fragancias","8":"product_tag-almizcle","9":"product_tag-ambroxan","10":"product_tag-bergamota","11":"product_tag-bosques-blancos","12":"product_tag-frutos-rojos","13":"product_tag-notas-de-mar","14":"product_tag-sandalo","15":"product_tag-vetiver","16":"product_tag-violeta","18":"first","19":"outofstock","20":"taxable","21":"shipping-taxable","22":"product-type-simple"},"_links":{"self":[{"href":"https:\/\/novaluxeurope.com\/en\/wp-json\/wp\/v2\/product\/3164","targetHints":{"allow":["GET"]}}],"collection":[{"href":"https:\/\/novaluxeurope.com\/en\/wp-json\/wp\/v2\/product"}],"about":[{"href":"https:\/\/novaluxeurope.com\/en\/wp-json\/wp\/v2\/types\/product"}],"replies":[{"embeddable":true,"href":"https:\/\/novaluxeurope.com\/en\/wp-json\/wp\/v2\/comments?post=3164"}],"wp:featuredmedia":[{"embeddable":true,"href":"https:\/\/novaluxeurope.com\/en\/wp-json\/wp\/v2\/media\/3163"}],"wp:attachment":[{"href":"https:\/\/novaluxeurope.com\/en\/wp-json\/wp\/v2\/media?parent=3164"}],"wp:term":[{"taxonomy":"product_brand","embeddable":true,"href":"https:\/\/novaluxeurope.com\/en\/wp-json\/wp\/v2\/product_brand?post=3164"},{"taxonomy":"product_cat","embeddable":true,"href":"https:\/\/novaluxeurope.com\/en\/wp-json\/wp\/v2\/product_cat?post=3164"},{"taxonomy":"product_tag","embeddable":true,"href":"https:\/\/novaluxeurope.com\/en\/wp-json\/wp\/v2\/product_tag?post=3164"}],"curies":[{"name":"wp","href":"https:\/\/api.w.org\/{rel}","templated":true}]}}