{"id":3149,"date":"2026-04-10T23:58:54","date_gmt":"2026-04-10T23:58:54","guid":{"rendered":"https:\/\/novaluxeurope.com\/producto\/armaf-club-de-nuit-maleka\/"},"modified":"2026-05-06T12:01:21","modified_gmt":"2026-05-06T12:01:21","slug":"armaf-club-de-nuit-maleka","status":"publish","type":"product","link":"https:\/\/novaluxeurope.com\/en\/product\/armaf-club-de-nuit-maleka\/","title":{"rendered":"Armaf Club de Nuit Maleka"},"content":{"rendered":"<p dir=\"ltr\"><strong>Una fragancia que despertar\u00e1 a la reina que llevas dentro<\/strong><\/p>\n<p dir=\"ltr\">El eau de parfum Armaf Club De Nuit Maleka es una celebraci\u00f3n de la fuerza, elegancia y misterio femeninos. D\u00e9jate envolver por su composici\u00f3n: un elegante velo de frutas ex\u00f3ticas y flores opulentas, con un sutil toque especiado.<\/p>\n<ul>\n<li value=\"1\">fragancia floral con notas frutales y amaderadas<\/li>\n<li value=\"2\">ideal para uso diario<\/li>\n<li value=\"3\">para mujer<\/li>\n<\/ul>\n<p dir=\"ltr\"><strong>Composici\u00f3n de la fragancia:<\/strong><br \/>La fragancia se abre con una radiante fusi\u00f3n de c\u00edtricos y frutas ex\u00f3ticas, llena de frescura y vitalidad. A continuaci\u00f3n, emergen nobles notas florales y c\u00e1lidas especias que aportan feminidad y profundidad al perfume. En el fondo resplandece el \u00e1mbar m\u00e1s lujoso, un almizcle suave y maderas cremosas que confieren a la fragancia elegancia y sensualidad.<\/p>\n<h4>Pir\u00e1mide olfativa<\/h4>\n<ul>\n<li><strong>Notas de entrada:<\/strong> bergamota, lichi, pimienta rosada<\/li>\n<li><strong>Notas de coraz\u00f3n:<\/strong> ra\u00edz de orris<\/li>\n<li><strong>Notas de salida:<\/strong> pralin\u00e9, madera de s\u00e1ndalo, ambroxan<\/li>\n<\/ul>","protected":false},"excerpt":{"rendered":"<p>Una fragancia que despertar\u00e1 a la reina que llevas dentro El eau de parfum Armaf Club De Nuit Maleka es una celebraci\u00f3n de la fuerza, elegancia y misterio femeninos. D\u00e9jate envolver por su composici\u00f3n: un elegante velo de frutas ex\u00f3ticas y flores opulentas, con un sutil toque especiado. fragancia floral con notas frutales y amaderadas [&hellip;]<\/p>\n","protected":false},"featured_media":3148,"comment_status":"open","ping_status":"closed","template":"","meta":[],"product_brand":[535],"product_cat":[225],"product_tag":[76,102,108,47,181,159,267],"class_list":{"0":"post-3149","1":"product","2":"type-product","3":"status-publish","4":"has-post-thumbnail","6":"product_brand-armaf","7":"product_cat-perfumes-y-fragancias","8":"product_tag-ambroxan","9":"product_tag-bergamota","10":"product_tag-lichi","11":"product_tag-madera-de-sandalo","12":"product_tag-pimienta-rosada","13":"product_tag-praline","14":"product_tag-raiz-de-orris","16":"first","17":"instock","18":"taxable","19":"shipping-taxable","20":"product-type-simple"},"_links":{"self":[{"href":"https:\/\/novaluxeurope.com\/en\/wp-json\/wp\/v2\/product\/3149","targetHints":{"allow":["GET"]}}],"collection":[{"href":"https:\/\/novaluxeurope.com\/en\/wp-json\/wp\/v2\/product"}],"about":[{"href":"https:\/\/novaluxeurope.com\/en\/wp-json\/wp\/v2\/types\/product"}],"replies":[{"embeddable":true,"href":"https:\/\/novaluxeurope.com\/en\/wp-json\/wp\/v2\/comments?post=3149"}],"wp:featuredmedia":[{"embeddable":true,"href":"https:\/\/novaluxeurope.com\/en\/wp-json\/wp\/v2\/media\/3148"}],"wp:attachment":[{"href":"https:\/\/novaluxeurope.com\/en\/wp-json\/wp\/v2\/media?parent=3149"}],"wp:term":[{"taxonomy":"product_brand","embeddable":true,"href":"https:\/\/novaluxeurope.com\/en\/wp-json\/wp\/v2\/product_brand?post=3149"},{"taxonomy":"product_cat","embeddable":true,"href":"https:\/\/novaluxeurope.com\/en\/wp-json\/wp\/v2\/product_cat?post=3149"},{"taxonomy":"product_tag","embeddable":true,"href":"https:\/\/novaluxeurope.com\/en\/wp-json\/wp\/v2\/product_tag?post=3149"}],"curies":[{"name":"wp","href":"https:\/\/api.w.org\/{rel}","templated":true}]}}