{"id":3144,"date":"2026-04-10T23:58:52","date_gmt":"2026-04-10T23:58:52","guid":{"rendered":"https:\/\/novaluxeurope.com\/producto\/armaf-club-de-nuit-precieux-6\/"},"modified":"2026-05-07T16:01:23","modified_gmt":"2026-05-07T16:01:23","slug":"armaf-club-de-nuit-precieux-6","status":"publish","type":"product","link":"https:\/\/novaluxeurope.com\/en\/product\/armaf-club-de-nuit-precieux-6\/","title":{"rendered":"Armaf Club de Nuit Precieux"},"content":{"rendered":"<p dir=\"ltr\">S\u00e9 diferente. El extracto de perfume unisex Armaf Club de Nuit Precieux\u00a0rompe todas las reglas para forjar su propio camino. Su composici\u00f3n chipre de \u00e1mbar combina un frescor picante con una suavidad floral y una calidez amaderada profunda. Esta fragancia no es para todo el mundo, pero quiz\u00e1 sea perfecta para ti.<\/p>\n<ul>\n<li value=\"1\">composici\u00f3n arom\u00e1tica chipre y de \u00e1mbar<\/li>\n<li value=\"2\">ideal para destacar tanto de d\u00eda como de noche<\/li>\n<li value=\"3\">unisex <\/li>\n<\/ul>\n<p dir=\"ltr\"><strong>Composici\u00f3n de la fragancia:<\/strong><br \/>El extracto de perfume se abre con una viva paleta de notas: bergamota fresca, lim\u00f3n, pimienta negra y rosa ligeramente picantes, jugosa pi\u00f1a y pera, todo ello suavizado por el dulzor del caramelo. En la siguiente capa se despliegan las notas florales del lirio de los valles y el jazm\u00edn, entremezcl\u00e1ndose con toques de an\u00eds, madera blanca y musgo verde. Al final surge la intensa combinaci\u00f3n de \u00e1mbar gris, madera de cedro, c\u00e1lido cuero, terroso pachuli, almizcle blando, dulce vainilla y exclusivo ambroxan. Estas sensuales notas de fondo permanecen en la piel durante mucho tiempo y dejan una intensa huella.<\/p>\n<h4>Pir\u00e1mide olfativa<\/h4>\n<ul>\n<li><strong>Notas de entrada:<\/strong> bergamota, lim\u00f3n, pimienta rosada, pimienta negra, pi\u00f1a, pera, caramelo<\/li>\n<li><strong>Notas de coraz\u00f3n:<\/strong> an\u00eds, lirio de los valles, jazm\u00edn, musgo de roble, madera blanca<\/li>\n<li><strong>Notas de salida:<\/strong> \u00e1mbar, madera de cedro, cuero, pachuli, almizcle blanco, vainilla, ambroxan<\/li>\n<\/ul>","protected":false},"excerpt":{"rendered":"<p>S\u00e9 diferente. El extracto de perfume unisex Armaf Club de Nuit Precieux\u00a0rompe todas las reglas para forjar su propio camino. Su composici\u00f3n chipre de \u00e1mbar combina un frescor picante con una suavidad floral y una calidez amaderada profunda. Esta fragancia no es para todo el mundo, pero quiz\u00e1 sea perfecta para ti. composici\u00f3n arom\u00e1tica chipre [&hellip;]<\/p>\n","protected":false},"featured_media":2764,"comment_status":"open","ping_status":"closed","template":"","meta":[],"product_brand":[535],"product_cat":[225],"product_tag":[169,52,76,154,102,60,69,56,140,85,536,46,61,67,112,323,181,101,63],"class_list":{"0":"post-3144","1":"product","2":"type-product","3":"status-publish","4":"has-post-thumbnail","6":"product_brand-armaf","7":"product_cat-perfumes-y-fragancias","8":"product_tag-almizcle-blanco","9":"product_tag-ambar","10":"product_tag-ambroxan","11":"product_tag-anis","12":"product_tag-bergamota","13":"product_tag-caramelo","14":"product_tag-cuero","15":"product_tag-jazmin","16":"product_tag-limon","17":"product_tag-lirio-de-los-valles","18":"product_tag-madera-blanca","19":"product_tag-madera-de-cedro","20":"product_tag-musgo-de-roble","21":"product_tag-pachuli","22":"product_tag-pera","23":"product_tag-pimienta-negra","24":"product_tag-pimienta-rosada","25":"product_tag-pina","26":"product_tag-vainilla","28":"first","29":"outofstock","30":"taxable","31":"shipping-taxable","32":"product-type-simple"},"_links":{"self":[{"href":"https:\/\/novaluxeurope.com\/en\/wp-json\/wp\/v2\/product\/3144","targetHints":{"allow":["GET"]}}],"collection":[{"href":"https:\/\/novaluxeurope.com\/en\/wp-json\/wp\/v2\/product"}],"about":[{"href":"https:\/\/novaluxeurope.com\/en\/wp-json\/wp\/v2\/types\/product"}],"replies":[{"embeddable":true,"href":"https:\/\/novaluxeurope.com\/en\/wp-json\/wp\/v2\/comments?post=3144"}],"wp:featuredmedia":[{"embeddable":true,"href":"https:\/\/novaluxeurope.com\/en\/wp-json\/wp\/v2\/media\/2764"}],"wp:attachment":[{"href":"https:\/\/novaluxeurope.com\/en\/wp-json\/wp\/v2\/media?parent=3144"}],"wp:term":[{"taxonomy":"product_brand","embeddable":true,"href":"https:\/\/novaluxeurope.com\/en\/wp-json\/wp\/v2\/product_brand?post=3144"},{"taxonomy":"product_cat","embeddable":true,"href":"https:\/\/novaluxeurope.com\/en\/wp-json\/wp\/v2\/product_cat?post=3144"},{"taxonomy":"product_tag","embeddable":true,"href":"https:\/\/novaluxeurope.com\/en\/wp-json\/wp\/v2\/product_tag?post=3144"}],"curies":[{"name":"wp","href":"https:\/\/api.w.org\/{rel}","templated":true}]}}