{"id":3143,"date":"2026-04-10T23:58:52","date_gmt":"2026-04-10T23:58:52","guid":{"rendered":"https:\/\/novaluxeurope.com\/producto\/armaf-club-de-nuit-precieux-5\/"},"modified":"2026-05-13T20:01:35","modified_gmt":"2026-05-13T20:01:35","slug":"armaf-club-de-nuit-precieux-5","status":"publish","type":"product","link":"https:\/\/novaluxeurope.com\/en\/product\/armaf-club-de-nuit-precieux-5\/","title":{"rendered":"Armaf Club de Nuit Intense Woman EDP W 10 ml"},"content":{"rendered":"<p>ARMAF Club De Nuit Intense Woman Eau De Parfum 10 ml presenta una fragancia rica y evocadora que comienza con una mezcla de notas de salida, donde la rom\u00e1ntica esencia de la rosa, la ex\u00f3tica especia del azafr\u00e1n y la sutil nota floral del geranio crean una apertura seductora y vibrantemente especiada. Al pasar a las notas medias, la fragancia introduce un coraz\u00f3n complejo en el que la nuez moscada y la pimienta aportan un toque picante. Se suaviza con la dulzura empolvada de la violeta y el intrigante toque de la alcaravea, creando una capa intermedia profundamente arom\u00e1tica y encantadoramente polifac\u00e9tica. Las notas de fondo ofrecen un acabado profundo y duradero, caracterizado por la profundidad terrosa del Pachul\u00ed y los matices ricos y ahumados de la Madera de Agar (Oud). La vainilla a\u00f1ade una capa cremosa y dulce, que se combina armoniosamente con el aroma c\u00e1lido y resinoso del \u00e1mbar. Esta base garantiza una estela irresistible y duradera que cautiva e hipnotiza. NOTAS DE PERFUME Notas de salida: Rosa, Azafr\u00e1n, Geranio Notas medias: Nuez moscada, Pimienta, Violeta, Alcaravea Notas de fondo: Pachul\u00ed, Madera de agar (Oud), Vainilla, \u00c1mbar<\/p>\n<h4>Pir\u00e1mide olfativa<\/h4>\n<ul>\n<li><strong>Notas de entrada:<\/strong> Rosa, Azafr\u00e1n, Geranio<\/li>\n<li><strong>Notas de coraz\u00f3n:<\/strong> Nuez moscada, Pimienta, Violeta, Alcaravea<\/li>\n<li><strong>Notas de salida:<\/strong> Pachul\u00ed, Madera de agar (oud), Vainilla, \u00c1mbar<\/li>\n<\/ul>","protected":false},"excerpt":{"rendered":"<p>ARMAF Club De Nuit Intense Woman Eau De Parfum 10 ml presenta una fragancia rica y evocadora que comienza con una mezcla de notas de salida, donde la rom\u00e1ntica esencia de la rosa, la ex\u00f3tica especia del azafr\u00e1n y la sutil nota floral del geranio crean una apertura seductora y vibrantemente especiada. Al pasar a [&hellip;]<\/p>\n","protected":false},"featured_media":6058,"comment_status":"open","ping_status":"closed","template":"","meta":[],"product_brand":[535],"product_cat":[225],"product_tag":[169,52,76,154,102,60,69,56,140,85,536,46,61,67,112,323,181,101,63],"class_list":{"0":"post-3143","1":"product","2":"type-product","3":"status-publish","4":"has-post-thumbnail","6":"product_brand-armaf","7":"product_cat-perfumes-y-fragancias","8":"product_tag-almizcle-blanco","9":"product_tag-ambar","10":"product_tag-ambroxan","11":"product_tag-anis","12":"product_tag-bergamota","13":"product_tag-caramelo","14":"product_tag-cuero","15":"product_tag-jazmin","16":"product_tag-limon","17":"product_tag-lirio-de-los-valles","18":"product_tag-madera-blanca","19":"product_tag-madera-de-cedro","20":"product_tag-musgo-de-roble","21":"product_tag-pachuli","22":"product_tag-pera","23":"product_tag-pimienta-negra","24":"product_tag-pimienta-rosada","25":"product_tag-pina","26":"product_tag-vainilla","28":"first","29":"outofstock","30":"taxable","31":"shipping-taxable","32":"product-type-simple"},"_links":{"self":[{"href":"https:\/\/novaluxeurope.com\/en\/wp-json\/wp\/v2\/product\/3143","targetHints":{"allow":["GET"]}}],"collection":[{"href":"https:\/\/novaluxeurope.com\/en\/wp-json\/wp\/v2\/product"}],"about":[{"href":"https:\/\/novaluxeurope.com\/en\/wp-json\/wp\/v2\/types\/product"}],"replies":[{"embeddable":true,"href":"https:\/\/novaluxeurope.com\/en\/wp-json\/wp\/v2\/comments?post=3143"}],"wp:featuredmedia":[{"embeddable":true,"href":"https:\/\/novaluxeurope.com\/en\/wp-json\/wp\/v2\/media\/6058"}],"wp:attachment":[{"href":"https:\/\/novaluxeurope.com\/en\/wp-json\/wp\/v2\/media?parent=3143"}],"wp:term":[{"taxonomy":"product_brand","embeddable":true,"href":"https:\/\/novaluxeurope.com\/en\/wp-json\/wp\/v2\/product_brand?post=3143"},{"taxonomy":"product_cat","embeddable":true,"href":"https:\/\/novaluxeurope.com\/en\/wp-json\/wp\/v2\/product_cat?post=3143"},{"taxonomy":"product_tag","embeddable":true,"href":"https:\/\/novaluxeurope.com\/en\/wp-json\/wp\/v2\/product_tag?post=3143"}],"curies":[{"name":"wp","href":"https:\/\/api.w.org\/{rel}","templated":true}]}}