{"id":3141,"date":"2026-04-10T23:58:52","date_gmt":"2026-04-10T23:58:52","guid":{"rendered":"https:\/\/novaluxeurope.com\/producto\/armaf-club-de-nuit-man-intense-7\/"},"modified":"2026-04-24T13:13:48","modified_gmt":"2026-04-24T13:13:48","slug":"armaf-club-de-nuit-man-intense-7","status":"publish","type":"product","link":"https:\/\/novaluxeurope.com\/en\/product\/armaf-club-de-nuit-man-intense-7\/","title":{"rendered":"Armaf Club de Nuit Man Intense"},"content":{"rendered":"<p>Originalidad, atemporalidad, refinamiento. El eau de parfum Armaf Club de Nuit Man Intense materializa todas estas cualidades y, del mismo modo, t\u00fa tambi\u00e9n puedes encarnarlas. Esta fragancia frutal y amaderada te evocar\u00e1 emociones inesperadas y pondr\u00e1 el mundo entero a tus pies. Disfruta de una experiencia \u00fanica.<\/p>\n<ul>\n<li>fragancia amaderada y especiada con notas frutales del a\u00f1o 2015<\/li>\n<li>para hombres con car\u00e1cter que valoran el refinamiento<\/li>\n<li>una variante m\u00e1s intensa del EDP original Armaf Club de Nuit Man<\/li>\n<\/ul>\n<p> <strong>Composici\u00f3n de la fragancia:<\/strong><br \/>La encantadora composici\u00f3n arom\u00e1tica del eau de parfum Armaf Club de Nuit Man Intense se abre con una explosi\u00f3n de esencias frutales encabezadas por el lim\u00f3n y la bergamota y secundadas a la perfecci\u00f3n por la fresca manzana, la jugosa pi\u00f1a y la \u00e1cida grosella negra. A continuaci\u00f3n te acogen en su regazo unas notas de coraz\u00f3n impregnadas de dulce jazm\u00edn, fresco abedul y rom\u00e1ntica rosa. Las notas de fondo de la fragancia son atractivas y excitantes gracias al ardiente \u00e1mbar y al almizcle, que se complementan con el aroma oscuro y terroso del pachuli y la dulce calidez de la vainilla.<\/p>\n<h4>Pir\u00e1mide olfativa<\/h4>\n<ul>\n<li><strong>Notas de entrada:<\/strong> pi\u00f1a, bergamota, lim\u00f3n, grosella negra, manzana<\/li>\n<li><strong>Notas de coraz\u00f3n:<\/strong> abedul, jazm\u00edn, rosa<\/li>\n<li><strong>Notas de salida:<\/strong> \u00e1mbar gris, pachuli, almizcle, vainilla<\/li>\n<\/ul>","protected":false},"excerpt":{"rendered":"<p>Originalidad, atemporalidad, refinamiento. El eau de parfum Armaf Club de Nuit Man Intense materializa todas estas cualidades y, del mismo modo, t\u00fa tambi\u00e9n puedes encarnarlas. Esta fragancia frutal y amaderada te evocar\u00e1 emociones inesperadas y pondr\u00e1 el mundo entero a tus pies. Disfruta de una experiencia \u00fanica. fragancia amaderada y especiada con notas frutales del [&hellip;]<\/p>\n","protected":false},"featured_media":2767,"comment_status":"open","ping_status":"closed","template":"","meta":[],"product_brand":[535],"product_cat":[225],"product_tag":[86,59,64,102,111,56,140,88,67,101,49,63],"class_list":{"0":"post-3141","1":"product","2":"type-product","3":"status-publish","4":"has-post-thumbnail","6":"product_brand-armaf","7":"product_cat-perfumes-y-fragancias","8":"product_tag-abedul","9":"product_tag-almizcle","10":"product_tag-ambar-gris","11":"product_tag-bergamota","12":"product_tag-grosella-negra","13":"product_tag-jazmin","14":"product_tag-limon","15":"product_tag-manzana","16":"product_tag-pachuli","17":"product_tag-pina","18":"product_tag-rosa","19":"product_tag-vainilla","21":"first","22":"outofstock","23":"taxable","24":"shipping-taxable","25":"product-type-simple"},"_links":{"self":[{"href":"https:\/\/novaluxeurope.com\/en\/wp-json\/wp\/v2\/product\/3141","targetHints":{"allow":["GET"]}}],"collection":[{"href":"https:\/\/novaluxeurope.com\/en\/wp-json\/wp\/v2\/product"}],"about":[{"href":"https:\/\/novaluxeurope.com\/en\/wp-json\/wp\/v2\/types\/product"}],"replies":[{"embeddable":true,"href":"https:\/\/novaluxeurope.com\/en\/wp-json\/wp\/v2\/comments?post=3141"}],"wp:featuredmedia":[{"embeddable":true,"href":"https:\/\/novaluxeurope.com\/en\/wp-json\/wp\/v2\/media\/2767"}],"wp:attachment":[{"href":"https:\/\/novaluxeurope.com\/en\/wp-json\/wp\/v2\/media?parent=3141"}],"wp:term":[{"taxonomy":"product_brand","embeddable":true,"href":"https:\/\/novaluxeurope.com\/en\/wp-json\/wp\/v2\/product_brand?post=3141"},{"taxonomy":"product_cat","embeddable":true,"href":"https:\/\/novaluxeurope.com\/en\/wp-json\/wp\/v2\/product_cat?post=3141"},{"taxonomy":"product_tag","embeddable":true,"href":"https:\/\/novaluxeurope.com\/en\/wp-json\/wp\/v2\/product_tag?post=3141"}],"curies":[{"name":"wp","href":"https:\/\/api.w.org\/{rel}","templated":true}]}}