{"id":3135,"date":"2026-04-10T23:58:49","date_gmt":"2026-04-10T23:58:49","guid":{"rendered":"https:\/\/novaluxeurope.com\/producto\/armaf-club-de-nuit-white-imperiale\/"},"modified":"2026-04-24T13:13:48","modified_gmt":"2026-04-24T13:13:48","slug":"armaf-club-de-nuit-white-imperiale","status":"publish","type":"product","link":"https:\/\/novaluxeurope.com\/en\/product\/armaf-club-de-nuit-white-imperiale\/","title":{"rendered":"Armaf Club de Nuit White Imperiale"},"content":{"rendered":"<p>No dejes escapar nunca m\u00e1s la oportunidad de convertirte en la reina de la noche. El eau de parfum para mujer Armaf Club de Nuit White Imperiale te dar\u00e1 un protagonismo deslumbrante y har\u00e1 que todos sucumban a tus encantos en cuesti\u00f3n de segundos.<\/p>\n<ul>\n<li>fragancia floral<\/li>\n<li>fragancia gourmand<\/li>\n<li>fragancia empolvada<\/li>\n<\/ul>\n<h4>Pir\u00e1mide olfativa<\/h4>\n<ul>\n<li><strong>Notas de entrada:<\/strong> lichi, bergamota, nuez moscada<\/li>\n<li><strong>Notas de coraz\u00f3n:<\/strong> rosa turca, vainilla, peon\u00eda, almizcle<\/li>\n<li><strong>Notas de salida:<\/strong> vainilla, cashmeran, incenso, cedro<\/li>\n<\/ul>","protected":false},"excerpt":{"rendered":"<p>No dejes escapar nunca m\u00e1s la oportunidad de convertirte en la reina de la noche. El eau de parfum para mujer Armaf Club de Nuit White Imperiale te dar\u00e1 un protagonismo deslumbrante y har\u00e1 que todos sucumban a tus encantos en cuesti\u00f3n de segundos. fragancia floral fragancia gourmand fragancia empolvada Pir\u00e1mide olfativa Notas de entrada: [&hellip;]<\/p>\n","protected":false},"featured_media":3134,"comment_status":"open","ping_status":"closed","template":"","meta":[],"product_brand":[535],"product_cat":[225],"product_tag":[59,102,121,53,185,108,95,57,434,63],"class_list":{"0":"post-3135","1":"product","2":"type-product","3":"status-publish","4":"has-post-thumbnail","6":"product_brand-armaf","7":"product_cat-perfumes-y-fragancias","8":"product_tag-almizcle","9":"product_tag-bergamota","10":"product_tag-cashmeran","11":"product_tag-cedro","12":"product_tag-incenso","13":"product_tag-lichi","14":"product_tag-nuez-moscada","15":"product_tag-peonia","16":"product_tag-rosa-turca","17":"product_tag-vainilla","19":"first","20":"outofstock","21":"taxable","22":"shipping-taxable","23":"product-type-simple"},"_links":{"self":[{"href":"https:\/\/novaluxeurope.com\/en\/wp-json\/wp\/v2\/product\/3135","targetHints":{"allow":["GET"]}}],"collection":[{"href":"https:\/\/novaluxeurope.com\/en\/wp-json\/wp\/v2\/product"}],"about":[{"href":"https:\/\/novaluxeurope.com\/en\/wp-json\/wp\/v2\/types\/product"}],"replies":[{"embeddable":true,"href":"https:\/\/novaluxeurope.com\/en\/wp-json\/wp\/v2\/comments?post=3135"}],"wp:featuredmedia":[{"embeddable":true,"href":"https:\/\/novaluxeurope.com\/en\/wp-json\/wp\/v2\/media\/3134"}],"wp:attachment":[{"href":"https:\/\/novaluxeurope.com\/en\/wp-json\/wp\/v2\/media?parent=3135"}],"wp:term":[{"taxonomy":"product_brand","embeddable":true,"href":"https:\/\/novaluxeurope.com\/en\/wp-json\/wp\/v2\/product_brand?post=3135"},{"taxonomy":"product_cat","embeddable":true,"href":"https:\/\/novaluxeurope.com\/en\/wp-json\/wp\/v2\/product_cat?post=3135"},{"taxonomy":"product_tag","embeddable":true,"href":"https:\/\/novaluxeurope.com\/en\/wp-json\/wp\/v2\/product_tag?post=3135"}],"curies":[{"name":"wp","href":"https:\/\/api.w.org\/{rel}","templated":true}]}}