{"id":3129,"date":"2026-04-10T23:58:47","date_gmt":"2026-04-10T23:58:47","guid":{"rendered":"https:\/\/novaluxeurope.com\/producto\/armaf-club-de-nuit-blue-iconic-3\/"},"modified":"2026-05-13T18:08:51","modified_gmt":"2026-05-13T18:08:51","slug":"armaf-club-de-nuit-blue-iconic-3","status":"publish","type":"product","link":"https:\/\/novaluxeurope.com\/en\/product\/armaf-club-de-nuit-blue-iconic-3\/","title":{"rendered":"Armaf Club de Nuit Blue Iconic EDP M 105 ml"},"content":{"rendered":"<p>Presentamos el Club De Nuit Blue Iconic EDP Spray para hombre de Armaf , una fragancia cautivadora lanzada en 2022 que pertenece a la familia olfativa Amaderada Arom\u00e1tica . Esta lujosa fragancia, que forma parte de la prestigiosa colecci\u00f3n Club De Nuit, est\u00e1 dise\u00f1ada para el hombre moderno que aprecia la sofisticaci\u00f3n y la elegancia. La fragancia se abre con una vigorizante mezcla de notas de salida , que incluyen pomelo, menta, pimienta rosa, lim\u00f3n y cilantro . Estas vivas esencias crean una introducci\u00f3n refrescante y en\u00e9rgica que causar\u00e1 una impresi\u00f3n duradera. A medida que la fragancia se desarrolla, las notas de coraz\u00f3n revelan una rica y compleja combinaci\u00f3n de jengibre, nuez moscada, mel\u00f3n y jazm\u00edn. Esta intrigante mezcla a\u00f1ade profundidad y calidez, haciendo que la fragancia sea seductora e inolvidable. Las notas de fondo de incienso, \u00e1mbar, cedro, s\u00e1ndalo, notas amaderadas, l\u00e1dano y pachul\u00ed proporcionan una base s\u00f3lida y duradera. Estos elementos terrosos y arom\u00e1ticos garantizan que la fragancia siga siendo audaz y memorable durante todo el d\u00eda. Elaborado por la renombrada casa de dise\u00f1o Armaf, el Club De Nuit Blue Iconic EDP Spray se presenta en un generoso tama\u00f1o de 105 ml, que lo convierte en un complemento perfecto para cualquier colecci\u00f3n de fragancias. Su elegante frasco y su sofisticado aroma lo convierten en la elecci\u00f3n ideal para cualquier ocasi\u00f3n, ya sea un evento formal o una salida informal. Mejore su guardarropa de fragancias con el Club De Nuit Blue Iconic EDP Spray de Armaf Men. Esta fragancia est\u00e1 dise\u00f1ada para captar la atenci\u00f3n y dejar una impresi\u00f3n duradera. Experimente la mezcla perfecta de refrescantes notas de salida, c\u00e1lidas notas de coraz\u00f3n y una robusta base que define esta excepcional fragancia. NOTAS DE PERFUME Notas de salida: Pomelo, menta, pimienta rosa, lim\u00f3n, cilantro Notas medias: Jengibre, Nuez Moscada, Mel\u00f3n, Jazm\u00edn Notas de Fondo: Incienso, \u00e1mbar, cedro, s\u00e1ndalo, notas amaderadas, pachul\u00ed, l\u00e1dano<\/p>\n<h4>Pir\u00e1mide olfativa<\/h4>\n<ul>\n<li><strong>Notas de entrada:<\/strong> Pomelo, Menta, Pimienta rosa, Lim\u00f3n, Cilantro<\/li>\n<li><strong>Notas de coraz\u00f3n:<\/strong> Jengibre, Nuez moscada, Mel\u00f3n, Jazm\u00edn<\/li>\n<li><strong>Notas de salida:<\/strong> Incienso, \u00c1mbar, Cedro, S\u00e1ndalo, Notas de madera, Pachul\u00ed, Labdanum<\/li>\n<\/ul>","protected":false},"excerpt":{"rendered":"<p>Presentamos el Club De Nuit Blue Iconic EDP Spray para hombre de Armaf , una fragancia cautivadora lanzada en 2022 que pertenece a la familia olfativa Amaderada Arom\u00e1tica . Esta lujosa fragancia, que forma parte de la prestigiosa colecci\u00f3n Club De Nuit, est\u00e1 dise\u00f1ada para el hombre moderno que aprecia la sofisticaci\u00f3n y la elegancia. [&hellip;]<\/p>\n","protected":false},"featured_media":6006,"comment_status":"open","ping_status":"closed","template":"","meta":[],"product_brand":[535],"product_cat":[225],"product_tag":[52,53,155,185,56,180,70,140,47,194,179,95,67,181,245,352],"class_list":{"0":"post-3129","1":"product","2":"type-product","3":"status-publish","4":"has-post-thumbnail","6":"product_brand-armaf","7":"product_cat-perfumes-y-fragancias","8":"product_tag-ambar","9":"product_tag-cedro","10":"product_tag-cilantro","11":"product_tag-incenso","12":"product_tag-jazmin","13":"product_tag-jengibre","14":"product_tag-ladano","15":"product_tag-limon","16":"product_tag-madera-de-sandalo","17":"product_tag-menta","18":"product_tag-notas-amaderadas","19":"product_tag-nuez-moscada","20":"product_tag-pachuli","21":"product_tag-pimienta-rosada","22":"product_tag-pomelo","23":"product_tag-sandia","25":"first","26":"instock","27":"featured","28":"taxable","29":"shipping-taxable","30":"product-type-simple"},"_links":{"self":[{"href":"https:\/\/novaluxeurope.com\/en\/wp-json\/wp\/v2\/product\/3129","targetHints":{"allow":["GET"]}}],"collection":[{"href":"https:\/\/novaluxeurope.com\/en\/wp-json\/wp\/v2\/product"}],"about":[{"href":"https:\/\/novaluxeurope.com\/en\/wp-json\/wp\/v2\/types\/product"}],"replies":[{"embeddable":true,"href":"https:\/\/novaluxeurope.com\/en\/wp-json\/wp\/v2\/comments?post=3129"}],"wp:featuredmedia":[{"embeddable":true,"href":"https:\/\/novaluxeurope.com\/en\/wp-json\/wp\/v2\/media\/6006"}],"wp:attachment":[{"href":"https:\/\/novaluxeurope.com\/en\/wp-json\/wp\/v2\/media?parent=3129"}],"wp:term":[{"taxonomy":"product_brand","embeddable":true,"href":"https:\/\/novaluxeurope.com\/en\/wp-json\/wp\/v2\/product_brand?post=3129"},{"taxonomy":"product_cat","embeddable":true,"href":"https:\/\/novaluxeurope.com\/en\/wp-json\/wp\/v2\/product_cat?post=3129"},{"taxonomy":"product_tag","embeddable":true,"href":"https:\/\/novaluxeurope.com\/en\/wp-json\/wp\/v2\/product_tag?post=3129"}],"curies":[{"name":"wp","href":"https:\/\/api.w.org\/{rel}","templated":true}]}}