{"id":3123,"date":"2026-04-10T23:58:43","date_gmt":"2026-04-10T23:58:43","guid":{"rendered":"https:\/\/novaluxeurope.com\/producto\/armaf-art-damour\/"},"modified":"2026-05-11T05:19:15","modified_gmt":"2026-05-11T05:19:15","slug":"armaf-art-damour","status":"publish","type":"product","link":"https:\/\/novaluxeurope.com\/en\/product\/armaf-art-damour\/","title":{"rendered":"Armaf Art d&#8217;Amour"},"content":{"rendered":"<p>Si te gusta la fruta, entonces el eau de parfum para mujer Armaf Art d&#8217;Amour te fascinar\u00e1 por completo. Sus deliciosas y jugosas notas frutales son irresistibles y, sin duda, har\u00e1n tu d\u00eda m\u00e1s agradable.<\/p>\n<ul>\n<li>fragancia c\u00edtrica<\/li>\n<li>fragancia frutal<\/li>\n<\/ul>\n<h4>Pir\u00e1mide olfativa<\/h4>\n<ul>\n<li><strong>Notas de entrada:<\/strong> naranja, bergamota, lim\u00f3n, lichi, pera<\/li>\n<li><strong>Notas de coraz\u00f3n:<\/strong> rosa, jazm\u00edn, acordes frutales<\/li>\n<li><strong>Notas de salida:<\/strong> pachuli, vainilla, almizcle, haba tonka<\/li>\n<\/ul>","protected":false},"excerpt":{"rendered":"<p>Si te gusta la fruta, entonces el eau de parfum para mujer Armaf Art d&#8217;Amour te fascinar\u00e1 por completo. Sus deliciosas y jugosas notas frutales son irresistibles y, sin duda, har\u00e1n tu d\u00eda m\u00e1s agradable. fragancia c\u00edtrica fragancia frutal Pir\u00e1mide olfativa Notas de entrada: naranja, bergamota, lim\u00f3n, lichi, pera Notas de coraz\u00f3n: rosa, jazm\u00edn, acordes [&hellip;]<\/p>\n","protected":false},"featured_media":3122,"comment_status":"open","ping_status":"closed","template":"","meta":[],"product_brand":[535],"product_cat":[225],"product_tag":[422,59,102,79,56,108,140,98,67,112,49,63],"class_list":{"0":"post-3123","1":"product","2":"type-product","3":"status-publish","4":"has-post-thumbnail","6":"product_brand-armaf","7":"product_cat-perfumes-y-fragancias","8":"product_tag-acordes-frutales","9":"product_tag-almizcle","10":"product_tag-bergamota","11":"product_tag-haba-tonka","12":"product_tag-jazmin","13":"product_tag-lichi","14":"product_tag-limon","15":"product_tag-naranja","16":"product_tag-pachuli","17":"product_tag-pera","18":"product_tag-rosa","19":"product_tag-vainilla","21":"first","22":"instock","23":"taxable","24":"shipping-taxable","25":"product-type-simple"},"_links":{"self":[{"href":"https:\/\/novaluxeurope.com\/en\/wp-json\/wp\/v2\/product\/3123","targetHints":{"allow":["GET"]}}],"collection":[{"href":"https:\/\/novaluxeurope.com\/en\/wp-json\/wp\/v2\/product"}],"about":[{"href":"https:\/\/novaluxeurope.com\/en\/wp-json\/wp\/v2\/types\/product"}],"replies":[{"embeddable":true,"href":"https:\/\/novaluxeurope.com\/en\/wp-json\/wp\/v2\/comments?post=3123"}],"wp:featuredmedia":[{"embeddable":true,"href":"https:\/\/novaluxeurope.com\/en\/wp-json\/wp\/v2\/media\/3122"}],"wp:attachment":[{"href":"https:\/\/novaluxeurope.com\/en\/wp-json\/wp\/v2\/media?parent=3123"}],"wp:term":[{"taxonomy":"product_brand","embeddable":true,"href":"https:\/\/novaluxeurope.com\/en\/wp-json\/wp\/v2\/product_brand?post=3123"},{"taxonomy":"product_cat","embeddable":true,"href":"https:\/\/novaluxeurope.com\/en\/wp-json\/wp\/v2\/product_cat?post=3123"},{"taxonomy":"product_tag","embeddable":true,"href":"https:\/\/novaluxeurope.com\/en\/wp-json\/wp\/v2\/product_tag?post=3123"}],"curies":[{"name":"wp","href":"https:\/\/api.w.org\/{rel}","templated":true}]}}