{"id":3117,"date":"2026-04-10T23:58:41","date_gmt":"2026-04-10T23:58:41","guid":{"rendered":"https:\/\/novaluxeurope.com\/producto\/armaf-yum-yum-w-edp-100-ml\/"},"modified":"2026-05-06T20:29:17","modified_gmt":"2026-05-06T20:29:17","slug":"armaf-yum-yum-w-edp-100-ml","status":"publish","type":"product","link":"https:\/\/novaluxeurope.com\/en\/product\/armaf-yum-yum-w-edp-100-ml\/","title":{"rendered":"Armaf Yum Yum"},"content":{"rendered":"<p>Descubra el juguet\u00f3n encanto de Armaf Yum Yum , un Eau de Parfum Floral Frutal Gourmand 100 ml dise\u00f1ado para las mujeres que aman los aromas dulces y edificantes. La fragancia se abre con una mezcla jugosa y vibrante de bergamota, naranja, cereza y bayas silvestres, creando una introducci\u00f3n brillante y alegre. En el coraz\u00f3n, la rosa, las flores blancas y la vainilla aportan un toque floral suave y cremoso, que se combina a la perfecci\u00f3n con la salida afrutada para ofrecer una experiencia armoniosa y placentera. La base se asienta en reconfortantes notas de almizcle, \u00e1mbar y polvo, dejando una estela c\u00e1lida y acogedora que perdura suavemente durante todo el d\u00eda. Yum Yum es perfecta para llevar durante el d\u00eda en primavera y verano, ya que ofrece un aroma alegre de inspiraci\u00f3n gourmand que es a la vez femenino e irresistible. NOTAS DE PERFUME Notas de salida: Bergamota, Naranja, Cereza, Bayas silvestres Notas medias: Rosa, Flores Blancas, Vainilla Notas de Fondo: Almizcle, \u00c1mbar, Notas Empolvadas<\/p>\n<h4>Pir\u00e1mide olfativa<\/h4>\n<ul>\n<li><strong>Notas de entrada:<\/strong> Bergamota, Naranja, Cereza, Bayas silvestres<\/li>\n<li><strong>Notas de coraz\u00f3n:<\/strong> Rosa, Flores blancas, Vainilla<\/li>\n<li><strong>Notas de salida:<\/strong> Almizcle, \u00c1mbar, Notas empolvadas<\/li>\n<\/ul>","protected":false},"excerpt":{"rendered":"<p>Descubra el juguet\u00f3n encanto de Armaf Yum Yum , un Eau de Parfum Floral Frutal Gourmand 100 ml dise\u00f1ado para las mujeres que aman los aromas dulces y edificantes. La fragancia se abre con una mezcla jugosa y vibrante de bergamota, naranja, cereza y bayas silvestres, creando una introducci\u00f3n brillante y alegre. En el coraz\u00f3n, [&hellip;]<\/p>\n","protected":false},"featured_media":3116,"comment_status":"open","ping_status":"closed","template":"","meta":[],"product_brand":[535],"product_cat":[225],"product_tag":[59,52,601,102,602,110,98,471,49,63],"class_list":{"0":"post-3117","1":"product","2":"type-product","3":"status-publish","4":"has-post-thumbnail","6":"product_brand-armaf","7":"product_cat-perfumes-y-fragancias","8":"product_tag-almizcle","9":"product_tag-ambar","10":"product_tag-bayas-silvestres","11":"product_tag-bergamota","12":"product_tag-cereza","13":"product_tag-flores-blancas","14":"product_tag-naranja","15":"product_tag-notas-empolvadas","16":"product_tag-rosa","17":"product_tag-vainilla","19":"first","20":"instock","21":"taxable","22":"shipping-taxable","23":"product-type-simple"},"_links":{"self":[{"href":"https:\/\/novaluxeurope.com\/en\/wp-json\/wp\/v2\/product\/3117","targetHints":{"allow":["GET"]}}],"collection":[{"href":"https:\/\/novaluxeurope.com\/en\/wp-json\/wp\/v2\/product"}],"about":[{"href":"https:\/\/novaluxeurope.com\/en\/wp-json\/wp\/v2\/types\/product"}],"replies":[{"embeddable":true,"href":"https:\/\/novaluxeurope.com\/en\/wp-json\/wp\/v2\/comments?post=3117"}],"wp:featuredmedia":[{"embeddable":true,"href":"https:\/\/novaluxeurope.com\/en\/wp-json\/wp\/v2\/media\/3116"}],"wp:attachment":[{"href":"https:\/\/novaluxeurope.com\/en\/wp-json\/wp\/v2\/media?parent=3117"}],"wp:term":[{"taxonomy":"product_brand","embeddable":true,"href":"https:\/\/novaluxeurope.com\/en\/wp-json\/wp\/v2\/product_brand?post=3117"},{"taxonomy":"product_cat","embeddable":true,"href":"https:\/\/novaluxeurope.com\/en\/wp-json\/wp\/v2\/product_cat?post=3117"},{"taxonomy":"product_tag","embeddable":true,"href":"https:\/\/novaluxeurope.com\/en\/wp-json\/wp\/v2\/product_tag?post=3117"}],"curies":[{"name":"wp","href":"https:\/\/api.w.org\/{rel}","templated":true}]}}