{"id":3114,"date":"2026-04-10T23:58:39","date_gmt":"2026-04-10T23:58:39","guid":{"rendered":"https:\/\/novaluxeurope.com\/producto\/armaf-voyage-hawaii\/"},"modified":"2026-04-24T13:31:55","modified_gmt":"2026-04-24T13:31:55","slug":"armaf-voyage-hawaii","status":"publish","type":"product","link":"https:\/\/novaluxeurope.com\/en\/product\/armaf-voyage-hawaii\/","title":{"rendered":"Armaf Voyage Hawaii"},"content":{"rendered":"<p>Disfruta de una fragancia con la que no pasar\u00e1s desapercibida en ning\u00fan evento. El eau de parfum para mujer Armaf Voyage Hawaii es la materializaci\u00f3n del lujo y la exclusividad. Su sofisticada composici\u00f3n arom\u00e1tica deleitar\u00e1 hasta a las personas m\u00e1s exigentes.<\/p>\n<ul>\n<li>fragancia floral<\/li>\n<li>fragancia frutal<\/li>\n<li>fragancia c\u00edtrica<\/li>\n<\/ul>\n<h4>Pir\u00e1mide olfativa<\/h4>\n<ul>\n<li><strong>Notas de entrada:<\/strong> melocot\u00f3n, bergamota, mandarina<\/li>\n<li><strong>Notas de coraz\u00f3n:<\/strong> azucena, pasionaria, jazm\u00edn<\/li>\n<li><strong>Notas de salida:<\/strong> vainilla, Ambrocenide, almizcle<\/li>\n<\/ul>","protected":false},"excerpt":{"rendered":"<p>Disfruta de una fragancia con la que no pasar\u00e1s desapercibida en ning\u00fan evento. El eau de parfum para mujer Armaf Voyage Hawaii es la materializaci\u00f3n del lujo y la exclusividad. Su sofisticada composici\u00f3n arom\u00e1tica deleitar\u00e1 hasta a las personas m\u00e1s exigentes. fragancia floral fragancia frutal fragancia c\u00edtrica Pir\u00e1mide olfativa Notas de entrada: melocot\u00f3n, bergamota, mandarina [&hellip;]<\/p>\n","protected":false},"featured_media":3113,"comment_status":"open","ping_status":"closed","template":"","meta":[],"product_brand":[535],"product_cat":[225],"product_tag":[59,600,324,102,56,99,186,214,63],"class_list":{"0":"post-3114","1":"product","2":"type-product","3":"status-publish","4":"has-post-thumbnail","6":"product_brand-armaf","7":"product_cat-perfumes-y-fragancias","8":"product_tag-almizcle","9":"product_tag-ambrocenide","10":"product_tag-azucena","11":"product_tag-bergamota","12":"product_tag-jazmin","13":"product_tag-mandarina","14":"product_tag-melocoton","15":"product_tag-pasionaria","16":"product_tag-vainilla","18":"first","19":"outofstock","20":"taxable","21":"shipping-taxable","22":"product-type-simple"},"_links":{"self":[{"href":"https:\/\/novaluxeurope.com\/en\/wp-json\/wp\/v2\/product\/3114","targetHints":{"allow":["GET"]}}],"collection":[{"href":"https:\/\/novaluxeurope.com\/en\/wp-json\/wp\/v2\/product"}],"about":[{"href":"https:\/\/novaluxeurope.com\/en\/wp-json\/wp\/v2\/types\/product"}],"replies":[{"embeddable":true,"href":"https:\/\/novaluxeurope.com\/en\/wp-json\/wp\/v2\/comments?post=3114"}],"wp:featuredmedia":[{"embeddable":true,"href":"https:\/\/novaluxeurope.com\/en\/wp-json\/wp\/v2\/media\/3113"}],"wp:attachment":[{"href":"https:\/\/novaluxeurope.com\/en\/wp-json\/wp\/v2\/media?parent=3114"}],"wp:term":[{"taxonomy":"product_brand","embeddable":true,"href":"https:\/\/novaluxeurope.com\/en\/wp-json\/wp\/v2\/product_brand?post=3114"},{"taxonomy":"product_cat","embeddable":true,"href":"https:\/\/novaluxeurope.com\/en\/wp-json\/wp\/v2\/product_cat?post=3114"},{"taxonomy":"product_tag","embeddable":true,"href":"https:\/\/novaluxeurope.com\/en\/wp-json\/wp\/v2\/product_tag?post=3114"}],"curies":[{"name":"wp","href":"https:\/\/api.w.org\/{rel}","templated":true}]}}