{"id":3111,"date":"2026-04-10T23:58:36","date_gmt":"2026-04-10T23:58:36","guid":{"rendered":"https:\/\/novaluxeurope.com\/producto\/armaf-ventana-marine\/"},"modified":"2026-04-24T13:13:49","modified_gmt":"2026-04-24T13:13:49","slug":"armaf-ventana-marine","status":"publish","type":"product","link":"https:\/\/novaluxeurope.com\/en\/product\/armaf-ventana-marine\/","title":{"rendered":"Armaf Ventana Marine"},"content":{"rendered":"<p dir=\"ltr\"><strong>Una fragancia que evoca la frescura de la brisa marina y la elegancia de la madera<\/strong><\/p>\n<p dir=\"ltr\">Algunas fragancias solo te refrescan, pero otras te llegan directamente al alma. El eau de parfum unisex Armaf Ventana Marine combina una ligereza c\u00edtrica con delicados matices especiados y un fondo amaderado, creando una impresi\u00f3n moderna y limpia, y un encanto que no pasa desapercibido. La fragancia evoca un d\u00eda sin preocupaciones en la playa; pero en lugar de agua salada, te envuelve con la frescura de la bergamota, el neroli y la madera rosa de Brasil. Es ideal para todas aquellas personas que deseen sentir la libertad, el frescor y la confianza.<\/p>\n<ul>\n<li value=\"1\">fragancia c\u00edtrica y amaderada con notas florales y de t\u00e9<\/li>\n<li value=\"2\">ideal para llevar a diario y en el verano<\/li>\n<li value=\"3\">crea una impresi\u00f3n fresca y ligeramente deportiva, al tiempo que inspira una elegancia neutra<\/li>\n<\/ul>\n<p dir=\"ltr\"><strong>Composici\u00f3n de la fragancia:<\/strong><br \/>Las notas de salida son frescas e intensas. El petitgrain, con su sutil amargor, el jugoso lim\u00f3n, la bergamota de Calabria, dulce y picante, y la chispeante naranja de Sicilia aportan la primera bocanada de frescor. A continuaci\u00f3n se incorpora el arom\u00e1tico cardamomo y el jengibre de Nigeria, que aportan una profundidad especiada a la fragancia. Las notas de coraz\u00f3n florales se componen de la tierna flor de lirio de los valles, embriagador jazm\u00edn, neroli de T\u00fanez, fresco y c\u00edtrico, c\u00e1lida canela de Ceil\u00e1n y romero de sutil aroma herbal. En las notas de fondo se asienta la aterciopelada madera de s\u00e1ndalo, la c\u00e1lida y cremosa madera rosa brasile\u00f1a, el misterioso guayaco y el t\u00e9 chino, con un sutil matiz ahumado.<\/p>\n<p dir=\"ltr\"><strong>Historia de la fragancia:<\/strong><br \/>La marca Armaf es conocida por ofrecer fragancias sofisticadas con car\u00e1cter, y Ventana Marine es prueba de ello. El frasco de tonos azules met\u00e1licos evoca la arquitectura moderna y la superficie del mar bajo el sol estival. Esta fragancia se cre\u00f3 como s\u00edmbolo de libertad, espacio abierto y elegancia natural.<\/p>\n<h4>Pir\u00e1mide olfativa<\/h4>\n<ul>\n<li><strong>Notas de entrada:<\/strong> petitgrain (naranjo agrio), cidro, bergamota calabresa, naranja, cardamomo<\/li>\n<li><strong>Notas de coraz\u00f3n:<\/strong> jengibre, neroli tunecino, canela de Ceyl\u00e1n, romero, lirio de los valles, jazm\u00edn<\/li>\n<li><strong>Notas de salida:<\/strong> palisandro, madera de s\u00e1ndalo, t\u00e9 negro, madera de guayaco<\/li>\n<\/ul>","protected":false},"excerpt":{"rendered":"<p>Una fragancia que evoca la frescura de la brisa marina y la elegancia de la madera Algunas fragancias solo te refrescan, pero otras te llegan directamente al alma. El eau de parfum unisex Armaf Ventana Marine combina una ligereza c\u00edtrica con delicados matices especiados y un fondo amaderado, creando una impresi\u00f3n moderna y limpia, y [&hellip;]<\/p>\n","protected":false},"featured_media":3110,"comment_status":"open","ping_status":"closed","template":"","meta":[],"product_brand":[535],"product_cat":[225],"product_tag":[597,598,77,545,56,180,85,147,47,98,599,208,236,187,350],"class_list":{"0":"post-3111","1":"product","2":"type-product","3":"status-publish","4":"has-post-thumbnail","6":"product_brand-armaf","7":"product_cat-perfumes-y-fragancias","8":"product_tag-bergamota-calabresa","9":"product_tag-canela-de-ceylan","10":"product_tag-cardamomo","11":"product_tag-cidro","12":"product_tag-jazmin","13":"product_tag-jengibre","14":"product_tag-lirio-de-los-valles","15":"product_tag-madera-de-guayaco","16":"product_tag-madera-de-sandalo","17":"product_tag-naranja","18":"product_tag-neroli-tunecino","19":"product_tag-palisandro","20":"product_tag-petitgrain-naranjo-agrio","21":"product_tag-romero","22":"product_tag-te-negro","24":"first","25":"outofstock","26":"taxable","27":"shipping-taxable","28":"product-type-simple"},"_links":{"self":[{"href":"https:\/\/novaluxeurope.com\/en\/wp-json\/wp\/v2\/product\/3111","targetHints":{"allow":["GET"]}}],"collection":[{"href":"https:\/\/novaluxeurope.com\/en\/wp-json\/wp\/v2\/product"}],"about":[{"href":"https:\/\/novaluxeurope.com\/en\/wp-json\/wp\/v2\/types\/product"}],"replies":[{"embeddable":true,"href":"https:\/\/novaluxeurope.com\/en\/wp-json\/wp\/v2\/comments?post=3111"}],"wp:featuredmedia":[{"embeddable":true,"href":"https:\/\/novaluxeurope.com\/en\/wp-json\/wp\/v2\/media\/3110"}],"wp:attachment":[{"href":"https:\/\/novaluxeurope.com\/en\/wp-json\/wp\/v2\/media?parent=3111"}],"wp:term":[{"taxonomy":"product_brand","embeddable":true,"href":"https:\/\/novaluxeurope.com\/en\/wp-json\/wp\/v2\/product_brand?post=3111"},{"taxonomy":"product_cat","embeddable":true,"href":"https:\/\/novaluxeurope.com\/en\/wp-json\/wp\/v2\/product_cat?post=3111"},{"taxonomy":"product_tag","embeddable":true,"href":"https:\/\/novaluxeurope.com\/en\/wp-json\/wp\/v2\/product_tag?post=3111"}],"curies":[{"name":"wp","href":"https:\/\/api.w.org\/{rel}","templated":true}]}}