{"id":3108,"date":"2026-04-10T23:58:34","date_gmt":"2026-04-10T23:58:34","guid":{"rendered":"https:\/\/novaluxeurope.com\/producto\/armaf-ventana-pour-homme\/"},"modified":"2026-05-07T16:01:23","modified_gmt":"2026-05-07T16:01:23","slug":"armaf-ventana-pour-homme","status":"publish","type":"product","link":"https:\/\/novaluxeurope.com\/en\/product\/armaf-ventana-pour-homme\/","title":{"rendered":"Armaf Ventana Pour Homme"},"content":{"rendered":"<p>Un nuevo d\u00eda, una nueva oportunidad para afrontar retos. El eau de parfum para hombre Armaf Ventana Pour Homme refrescar\u00e1 tu mente para que puedas seguir tu instinto con valent\u00eda. L\u00e1nzate al encuentro de la aventura diaria.<\/p>\n<ul>\n<li>fragancia amaderada<\/li>\n<li>fragancia arom\u00e1tica con notas herbales<\/li>\n<li>fragancia c\u00edtrica<\/li>\n<li>para hombres activos llenos de energ\u00eda<\/li>\n<li>fragancia adecuada para uso diario<\/li>\n<\/ul>\n<h4>Pir\u00e1mide olfativa<\/h4>\n<ul>\n<li><strong>Notas de entrada:<\/strong> pomelo, lim\u00f3n, mandarina<\/li>\n<li><strong>Notas de coraz\u00f3n:<\/strong> lavanda, geranio, pachuli, vetiver<\/li>\n<li><strong>Notas de salida:<\/strong> cedro, \u00e1mbar, maderas raras<\/li>\n<\/ul>","protected":false},"excerpt":{"rendered":"<p>Un nuevo d\u00eda, una nueva oportunidad para afrontar retos. El eau de parfum para hombre Armaf Ventana Pour Homme refrescar\u00e1 tu mente para que puedas seguir tu instinto con valent\u00eda. L\u00e1nzate al encuentro de la aventura diaria. fragancia amaderada fragancia arom\u00e1tica con notas herbales fragancia c\u00edtrica para hombres activos llenos de energ\u00eda fragancia adecuada para [&hellip;]<\/p>\n","protected":false},"featured_media":3107,"comment_status":"open","ping_status":"closed","template":"","meta":[],"product_brand":[535],"product_cat":[225],"product_tag":[52,53,131,73,140,596,99,67,245,50],"class_list":{"0":"post-3108","1":"product","2":"type-product","3":"status-publish","4":"has-post-thumbnail","6":"product_brand-armaf","7":"product_cat-perfumes-y-fragancias","8":"product_tag-ambar","9":"product_tag-cedro","10":"product_tag-geranio","11":"product_tag-lavanda","12":"product_tag-limon","13":"product_tag-maderas-raras","14":"product_tag-mandarina","15":"product_tag-pachuli","16":"product_tag-pomelo","17":"product_tag-vetiver","19":"first","20":"instock","21":"taxable","22":"shipping-taxable","23":"product-type-simple"},"_links":{"self":[{"href":"https:\/\/novaluxeurope.com\/en\/wp-json\/wp\/v2\/product\/3108","targetHints":{"allow":["GET"]}}],"collection":[{"href":"https:\/\/novaluxeurope.com\/en\/wp-json\/wp\/v2\/product"}],"about":[{"href":"https:\/\/novaluxeurope.com\/en\/wp-json\/wp\/v2\/types\/product"}],"replies":[{"embeddable":true,"href":"https:\/\/novaluxeurope.com\/en\/wp-json\/wp\/v2\/comments?post=3108"}],"wp:featuredmedia":[{"embeddable":true,"href":"https:\/\/novaluxeurope.com\/en\/wp-json\/wp\/v2\/media\/3107"}],"wp:attachment":[{"href":"https:\/\/novaluxeurope.com\/en\/wp-json\/wp\/v2\/media?parent=3108"}],"wp:term":[{"taxonomy":"product_brand","embeddable":true,"href":"https:\/\/novaluxeurope.com\/en\/wp-json\/wp\/v2\/product_brand?post=3108"},{"taxonomy":"product_cat","embeddable":true,"href":"https:\/\/novaluxeurope.com\/en\/wp-json\/wp\/v2\/product_cat?post=3108"},{"taxonomy":"product_tag","embeddable":true,"href":"https:\/\/novaluxeurope.com\/en\/wp-json\/wp\/v2\/product_tag?post=3108"}],"curies":[{"name":"wp","href":"https:\/\/api.w.org\/{rel}","templated":true}]}}