{"id":3105,"date":"2026-04-10T23:58:32","date_gmt":"2026-04-10T23:58:32","guid":{"rendered":"https:\/\/novaluxeurope.com\/producto\/armaf-tres-nuit-lyric\/"},"modified":"2026-04-24T13:13:49","modified_gmt":"2026-04-24T13:13:49","slug":"armaf-tres-nuit-lyric","status":"publish","type":"product","link":"https:\/\/novaluxeurope.com\/en\/product\/armaf-tres-nuit-lyric\/","title":{"rendered":"Armaf Tres Nuit Lyric"},"content":{"rendered":"<p>El eau de parfum para hombre Armaf Tres Nuit Lyric te ayudar\u00e1 a descubrir la virilidad, la fuerza y el valor que se ocultan en tu interior. La fragancia rebosa masculinidad y acentuar\u00e1 perfectamente tu car\u00e1cter a cada paso.<\/p>\n<ul>\n<li>fragancia c\u00edtrica<\/li>\n<li>fragancia acu\u00e1tica con notas marinas<\/li>\n<li>fragancia almizclada<\/li>\n<li>resalta el atractivo y la masculinidad natural<\/li>\n<\/ul>\n<h4>Pir\u00e1mide olfativa<\/h4>\n<ul>\n<li><strong>Notas de entrada:<\/strong> bergamota, notas acu\u00e1ticas, flores de mandarino<\/li>\n<li><strong>Notas de coraz\u00f3n:<\/strong> romero, lavanda, cipr\u00e9s<\/li>\n<li><strong>Notas de salida:<\/strong> almizcle, pachuli, \u00e1mbar<\/li>\n<\/ul>","protected":false},"excerpt":{"rendered":"<p>El eau de parfum para hombre Armaf Tres Nuit Lyric te ayudar\u00e1 a descubrir la virilidad, la fuerza y el valor que se ocultan en tu interior. La fragancia rebosa masculinidad y acentuar\u00e1 perfectamente tu car\u00e1cter a cada paso. fragancia c\u00edtrica fragancia acu\u00e1tica con notas marinas fragancia almizclada resalta el atractivo y la masculinidad natural [&hellip;]<\/p>\n","protected":false},"featured_media":3104,"comment_status":"open","ping_status":"closed","template":"","meta":[],"product_brand":[535],"product_cat":[225],"product_tag":[59,52,102,54,546,73,595,67,187],"class_list":{"0":"post-3105","1":"product","2":"type-product","3":"status-publish","4":"has-post-thumbnail","6":"product_brand-armaf","7":"product_cat-perfumes-y-fragancias","8":"product_tag-almizcle","9":"product_tag-ambar","10":"product_tag-bergamota","11":"product_tag-cipres","12":"product_tag-flores-de-mandarino","13":"product_tag-lavanda","14":"product_tag-notas-acuaticas","15":"product_tag-pachuli","16":"product_tag-romero","18":"first","19":"outofstock","20":"taxable","21":"shipping-taxable","22":"product-type-simple"},"_links":{"self":[{"href":"https:\/\/novaluxeurope.com\/en\/wp-json\/wp\/v2\/product\/3105","targetHints":{"allow":["GET"]}}],"collection":[{"href":"https:\/\/novaluxeurope.com\/en\/wp-json\/wp\/v2\/product"}],"about":[{"href":"https:\/\/novaluxeurope.com\/en\/wp-json\/wp\/v2\/types\/product"}],"replies":[{"embeddable":true,"href":"https:\/\/novaluxeurope.com\/en\/wp-json\/wp\/v2\/comments?post=3105"}],"wp:featuredmedia":[{"embeddable":true,"href":"https:\/\/novaluxeurope.com\/en\/wp-json\/wp\/v2\/media\/3104"}],"wp:attachment":[{"href":"https:\/\/novaluxeurope.com\/en\/wp-json\/wp\/v2\/media?parent=3105"}],"wp:term":[{"taxonomy":"product_brand","embeddable":true,"href":"https:\/\/novaluxeurope.com\/en\/wp-json\/wp\/v2\/product_brand?post=3105"},{"taxonomy":"product_cat","embeddable":true,"href":"https:\/\/novaluxeurope.com\/en\/wp-json\/wp\/v2\/product_cat?post=3105"},{"taxonomy":"product_tag","embeddable":true,"href":"https:\/\/novaluxeurope.com\/en\/wp-json\/wp\/v2\/product_tag?post=3105"}],"curies":[{"name":"wp","href":"https:\/\/api.w.org\/{rel}","templated":true}]}}