{"id":3099,"date":"2026-04-10T23:58:29","date_gmt":"2026-04-10T23:58:29","guid":{"rendered":"https:\/\/novaluxeurope.com\/producto\/armaf-tag-him-prestige-edition-edt-m-100-ml\/"},"modified":"2026-05-07T16:01:22","modified_gmt":"2026-05-07T16:01:22","slug":"armaf-tag-him-prestige-edition-edt-m-100-ml","status":"publish","type":"product","link":"https:\/\/novaluxeurope.com\/en\/product\/armaf-tag-him-prestige-edition-edt-m-100-ml\/","title":{"rendered":"Armaf Tag Him Prestige Edition"},"content":{"rendered":"<p>Armaf Tag Him Prestige Edition Eau de Toilette 100 ml , lanzada en 2019 por la casa Armaf, con sede en los Emiratos \u00c1rabes Unidos, es una fragancia amaderada-ambarina distintiva con influencias orientales-fougere dise\u00f1ada para hombres . Esta fragancia equilibra expertamente notas de salida c\u00edtricas frescas con especias c\u00e1lidas y maderas cremosas, creando una composici\u00f3n convincente y armoniosa. La fragancia se abre con una mezcla brillante y vigorizante de pomelo, menta y bergamota, que proporciona una introducci\u00f3n refrescante y energizante que despierta los sentidos. El coraz\u00f3n revela una fusi\u00f3n din\u00e1mica de naranja sanguina, lavanda, pimienta y canela, que combina c\u00edtricos arom\u00e1ticos, calma floral y calidez especiada para crear una capa intermedia compleja y cautivadora. Al secarse, la fragancia se asienta en una base lujosa y duradera de vainilla, \u00e1mbar, maderas blancas (cedro, s\u00e1ndalo y vetiver) y pachul\u00ed. Esta rica base envuelve al usuario en profundidad y elegancia, dejando una estela sofisticada y duradera. Tag Him Prestige Edition es especialmente adecuada para las noches de oto\u00f1o e invierno, donde brilla su naturaleza c\u00e1lida y reconfortante. Atrae a los hombres seguros de s\u00ed mismos que buscan una fragancia encantadora y sutilmente atrevida, una declaraci\u00f3n refinada y memorable. NOTAS DE PERFUME Notas de salida: Pomelo, Menta, Bergamota Notas medias: Naranja sanguina, Lavanda, Pimienta, Canela Notas de fondo: Vainilla, \u00c1mbar, Cedro, S\u00e1ndalo, Vetiver, Pachul\u00ed<\/p>\n<h4>Pir\u00e1mide olfativa<\/h4>\n<ul>\n<li><strong>Notas de entrada:<\/strong> Pomelo, Menta, Bergamota<\/li>\n<li><strong>Notas de coraz\u00f3n:<\/strong> Lavanda, Naranja sanguina, Canela, Pimienta<\/li>\n<li><strong>Notas de salida:<\/strong> Vainilla, \u00c1mbar, Cedro, S\u00e1ndalo, Vetiver, Pachul\u00ed<\/li>\n<\/ul>","protected":false},"excerpt":{"rendered":"<p>Armaf Tag Him Prestige Edition Eau de Toilette 100 ml , lanzada en 2019 por la casa Armaf, con sede en los Emiratos \u00c1rabes Unidos, es una fragancia amaderada-ambarina distintiva con influencias orientales-fougere dise\u00f1ada para hombres . Esta fragancia equilibra expertamente notas de salida c\u00edtricas frescas con especias c\u00e1lidas y maderas cremosas, creando una composici\u00f3n [&hellip;]<\/p>\n","protected":false},"featured_media":3098,"comment_status":"open","ping_status":"closed","template":"","meta":[],"product_brand":[535],"product_cat":[225],"product_tag":[52,102,94,53,73,194,412,67,205,245,174,63,50],"class_list":{"0":"post-3099","1":"product","2":"type-product","3":"status-publish","4":"has-post-thumbnail","6":"product_brand-armaf","7":"product_cat-perfumes-y-fragancias","8":"product_tag-ambar","9":"product_tag-bergamota","10":"product_tag-canela","11":"product_tag-cedro","12":"product_tag-lavanda","13":"product_tag-menta","14":"product_tag-naranja-sanguina","15":"product_tag-pachuli","16":"product_tag-pimienta","17":"product_tag-pomelo","18":"product_tag-sandalo","19":"product_tag-vainilla","20":"product_tag-vetiver","22":"first","23":"instock","24":"taxable","25":"shipping-taxable","26":"product-type-simple"},"_links":{"self":[{"href":"https:\/\/novaluxeurope.com\/en\/wp-json\/wp\/v2\/product\/3099","targetHints":{"allow":["GET"]}}],"collection":[{"href":"https:\/\/novaluxeurope.com\/en\/wp-json\/wp\/v2\/product"}],"about":[{"href":"https:\/\/novaluxeurope.com\/en\/wp-json\/wp\/v2\/types\/product"}],"replies":[{"embeddable":true,"href":"https:\/\/novaluxeurope.com\/en\/wp-json\/wp\/v2\/comments?post=3099"}],"wp:featuredmedia":[{"embeddable":true,"href":"https:\/\/novaluxeurope.com\/en\/wp-json\/wp\/v2\/media\/3098"}],"wp:attachment":[{"href":"https:\/\/novaluxeurope.com\/en\/wp-json\/wp\/v2\/media?parent=3099"}],"wp:term":[{"taxonomy":"product_brand","embeddable":true,"href":"https:\/\/novaluxeurope.com\/en\/wp-json\/wp\/v2\/product_brand?post=3099"},{"taxonomy":"product_cat","embeddable":true,"href":"https:\/\/novaluxeurope.com\/en\/wp-json\/wp\/v2\/product_cat?post=3099"},{"taxonomy":"product_tag","embeddable":true,"href":"https:\/\/novaluxeurope.com\/en\/wp-json\/wp\/v2\/product_tag?post=3099"}],"curies":[{"name":"wp","href":"https:\/\/api.w.org\/{rel}","templated":true}]}}