{"id":3094,"date":"2026-04-10T23:58:28","date_gmt":"2026-04-10T23:58:28","guid":{"rendered":"https:\/\/novaluxeurope.com\/producto\/armaf-shades-edt-m-100-ml\/"},"modified":"2026-04-24T13:13:49","modified_gmt":"2026-04-24T13:13:49","slug":"armaf-shades-edt-m-100-ml","status":"publish","type":"product","link":"https:\/\/novaluxeurope.com\/en\/product\/armaf-shades-edt-m-100-ml\/","title":{"rendered":"Armaf Shades"},"content":{"rendered":"<p>Armaf Shades Eau de Toilette 100 ml es una refinada fragancia masculina de la familia Chypre \/ Woody Chypre , dise\u00f1ada para aquellos que aprecian un aroma sofisticado y vers\u00e1til. Se abre con una vibrante mezcla de ciruela, pi\u00f1a, bergamota, cardamomo, lima y hojas de violeta, creando una introducci\u00f3n fresca, afrutada y sutilmente especiada. El coraz\u00f3n revela una combinaci\u00f3n arom\u00e1tica y floral de salvia, romero, jazm\u00edn, geranio y cedro, que aporta profundidad y elegancia a la fragancia. La base se asienta en un acabado c\u00e1lido y duradero de almizcle blanco, \u00e1mbar gris, pachul\u00ed, s\u00e1ndalo y cedro, dejando una estela suave y masculina que perdura durante todo el d\u00eda. Shades es ideal para llevar durante el d\u00eda, en veladas informales o en la oficina, ya que ofrece un perfil equilibrado que es a la vez alegre y sofisticado. Su estructura chipre-amaderada garantiza versatilidad a la vez que mantiene un car\u00e1cter seguro y moderno. NOTAS DE PERFUME Notas de salida: Ciruela, pi\u00f1a, bergamota, cardamomo, lima, hojas de violeta Notas medias: Salvia, Romero, Jazm\u00edn, Geranio, Cedro Notas de Fondo: Almizcle blanco, \u00e1mbar gris, pachul\u00ed, s\u00e1ndalo, cedro<\/p>\n<h4>Pir\u00e1mide olfativa<\/h4>\n<ul>\n<li><strong>Notas de entrada:<\/strong> Ciruela, Hojas de violeta, Bergamota, Pi\u00f1a, Cardamomo, Cal<\/li>\n<li><strong>Notas de coraz\u00f3n:<\/strong> Salvia, Rosemary, Jazm\u00edn, Geranio, Cedro<\/li>\n<li><strong>Notas de salida:<\/strong> Almizcle blanco, Cedro, Ambergris, Pachul\u00ed, S\u00e1ndalo<\/li>\n<\/ul>","protected":false},"excerpt":{"rendered":"<p>Armaf Shades Eau de Toilette 100 ml es una refinada fragancia masculina de la familia Chypre \/ Woody Chypre , dise\u00f1ada para aquellos que aprecian un aroma sofisticado y vers\u00e1til. Se abre con una vibrante mezcla de ciruela, pi\u00f1a, bergamota, cardamomo, lima y hojas de violeta, creando una introducci\u00f3n fresca, afrutada y sutilmente especiada. El [&hellip;]<\/p>\n","protected":false},"featured_media":3093,"comment_status":"open","ping_status":"closed","template":"","meta":[],"product_brand":[535],"product_cat":[225],"product_tag":[169,234,102,477,77,53,198,131,475,56,67,101,463,242,174],"class_list":{"0":"post-3094","1":"product","2":"type-product","3":"status-publish","4":"has-post-thumbnail","6":"product_brand-armaf","7":"product_cat-perfumes-y-fragancias","8":"product_tag-almizcle-blanco","9":"product_tag-ambergris","10":"product_tag-bergamota","11":"product_tag-cal","12":"product_tag-cardamomo","13":"product_tag-cedro","14":"product_tag-ciruela","15":"product_tag-geranio","16":"product_tag-hojas-de-violeta","17":"product_tag-jazmin","18":"product_tag-pachuli","19":"product_tag-pina","20":"product_tag-rosemary","21":"product_tag-salvia","22":"product_tag-sandalo","24":"first","25":"outofstock","26":"taxable","27":"shipping-taxable","28":"product-type-simple"},"_links":{"self":[{"href":"https:\/\/novaluxeurope.com\/en\/wp-json\/wp\/v2\/product\/3094","targetHints":{"allow":["GET"]}}],"collection":[{"href":"https:\/\/novaluxeurope.com\/en\/wp-json\/wp\/v2\/product"}],"about":[{"href":"https:\/\/novaluxeurope.com\/en\/wp-json\/wp\/v2\/types\/product"}],"replies":[{"embeddable":true,"href":"https:\/\/novaluxeurope.com\/en\/wp-json\/wp\/v2\/comments?post=3094"}],"wp:featuredmedia":[{"embeddable":true,"href":"https:\/\/novaluxeurope.com\/en\/wp-json\/wp\/v2\/media\/3093"}],"wp:attachment":[{"href":"https:\/\/novaluxeurope.com\/en\/wp-json\/wp\/v2\/media?parent=3094"}],"wp:term":[{"taxonomy":"product_brand","embeddable":true,"href":"https:\/\/novaluxeurope.com\/en\/wp-json\/wp\/v2\/product_brand?post=3094"},{"taxonomy":"product_cat","embeddable":true,"href":"https:\/\/novaluxeurope.com\/en\/wp-json\/wp\/v2\/product_cat?post=3094"},{"taxonomy":"product_tag","embeddable":true,"href":"https:\/\/novaluxeurope.com\/en\/wp-json\/wp\/v2\/product_tag?post=3094"}],"curies":[{"name":"wp","href":"https:\/\/api.w.org\/{rel}","templated":true}]}}