{"id":3084,"date":"2026-04-10T23:58:23","date_gmt":"2026-04-10T23:58:23","guid":{"rendered":"https:\/\/novaluxeurope.com\/producto\/armaf-scentasy-matcha-magix\/"},"modified":"2026-04-24T13:13:49","modified_gmt":"2026-04-24T13:13:49","slug":"armaf-scentasy-matcha-magix","status":"publish","type":"product","link":"https:\/\/novaluxeurope.com\/en\/product\/armaf-scentasy-matcha-magix\/","title":{"rendered":"Armaf Scentasy Matcha Magix"},"content":{"rendered":"<p>El eau de parfum unisex Armaf Scentasy Matcha Magix refleja una armon\u00eda perfecta entre frescor y notas frutales. Esta fragancia repleta de radiante energ\u00eda se convertir\u00e1 en tu compa\u00f1era imprescindible no solo durante el verano.<\/p>\n<ul>\n<li>fragancia arom\u00e1tica con notas herbales<\/li>\n<li>fragancia verde<\/li>\n<li>para optimistas incorregibles<\/li>\n<li>fragancia adecuada para uso diario<\/li>\n<li>fragancia unisex<\/li>\n<\/ul>\n<h4>Pir\u00e1mide olfativa<\/h4>\n<ul>\n<li><strong>Notas de entrada:<\/strong> bergamota, mandarina, pimienta rosada<\/li>\n<li><strong>Notas de coraz\u00f3n:<\/strong> matcha, leche, fresa, t\u00e9 negro<\/li>\n<li><strong>Notas de salida:<\/strong> mate, madera de cedro<\/li>\n<\/ul>","protected":false},"excerpt":{"rendered":"<p>El eau de parfum unisex Armaf Scentasy Matcha Magix refleja una armon\u00eda perfecta entre frescor y notas frutales. Esta fragancia repleta de radiante energ\u00eda se convertir\u00e1 en tu compa\u00f1era imprescindible no solo durante el verano. fragancia arom\u00e1tica con notas herbales fragancia verde para optimistas incorregibles fragancia adecuada para uso diario fragancia unisex Pir\u00e1mide olfativa Notas [&hellip;]<\/p>\n","protected":false},"featured_media":3083,"comment_status":"open","ping_status":"closed","template":"","meta":[],"product_brand":[535],"product_cat":[225],"product_tag":[102,165,146,46,99,594,221,181,350],"class_list":{"0":"post-3084","1":"product","2":"type-product","3":"status-publish","4":"has-post-thumbnail","6":"product_brand-armaf","7":"product_cat-perfumes-y-fragancias","8":"product_tag-bergamota","9":"product_tag-fresa","10":"product_tag-leche","11":"product_tag-madera-de-cedro","12":"product_tag-mandarina","13":"product_tag-matcha","14":"product_tag-mate","15":"product_tag-pimienta-rosada","16":"product_tag-te-negro","18":"first","19":"outofstock","20":"taxable","21":"shipping-taxable","22":"product-type-simple"},"_links":{"self":[{"href":"https:\/\/novaluxeurope.com\/en\/wp-json\/wp\/v2\/product\/3084","targetHints":{"allow":["GET"]}}],"collection":[{"href":"https:\/\/novaluxeurope.com\/en\/wp-json\/wp\/v2\/product"}],"about":[{"href":"https:\/\/novaluxeurope.com\/en\/wp-json\/wp\/v2\/types\/product"}],"replies":[{"embeddable":true,"href":"https:\/\/novaluxeurope.com\/en\/wp-json\/wp\/v2\/comments?post=3084"}],"wp:featuredmedia":[{"embeddable":true,"href":"https:\/\/novaluxeurope.com\/en\/wp-json\/wp\/v2\/media\/3083"}],"wp:attachment":[{"href":"https:\/\/novaluxeurope.com\/en\/wp-json\/wp\/v2\/media?parent=3084"}],"wp:term":[{"taxonomy":"product_brand","embeddable":true,"href":"https:\/\/novaluxeurope.com\/en\/wp-json\/wp\/v2\/product_brand?post=3084"},{"taxonomy":"product_cat","embeddable":true,"href":"https:\/\/novaluxeurope.com\/en\/wp-json\/wp\/v2\/product_cat?post=3084"},{"taxonomy":"product_tag","embeddable":true,"href":"https:\/\/novaluxeurope.com\/en\/wp-json\/wp\/v2\/product_tag?post=3084"}],"curies":[{"name":"wp","href":"https:\/\/api.w.org\/{rel}","templated":true}]}}