{"id":3080,"date":"2026-04-10T23:58:20","date_gmt":"2026-04-10T23:58:20","guid":{"rendered":"https:\/\/novaluxeurope.com\/producto\/armaf-pride-luna-edp-u-100-ml\/"},"modified":"2026-04-24T13:13:49","modified_gmt":"2026-04-24T13:13:49","slug":"armaf-pride-luna-edp-u-100-ml","status":"publish","type":"product","link":"https:\/\/novaluxeurope.com\/en\/product\/armaf-pride-luna-edp-u-100-ml\/","title":{"rendered":"Armaf Pride Luna"},"content":{"rendered":"<p>Armaf Pride Luna Eau de Parfum 100 ml es una divertida fragancia unisex que pertenece a la familia olfativa floral frutal gourmand. Su composici\u00f3n combina jugosas frutas, suaves notas florales y cremosos acordes de postre para crear un aroma dulce, a\u00e9reo y deliciosamente indulgente. Inspirada en el car\u00e1cter reconfortante de los postres de fresa y los esponjosos dulces de malvavisco, Luna ofrece un estilo gourmand moderno que equilibra la frescura con la dulzura cremosa, lo que la hace atractiva para cualquiera que disfrute de los perfumes suaves parecidos a los postres con un ligero brillo afrutado. La fragancia comienza con una animada combinaci\u00f3n de bergamota, lim\u00f3n y manzana. Estas notas crean una apertura brillante y chispeante en la que la frescura de los c\u00edtricos se une a la crujiente dulzura afrutada. La bergamota y el lim\u00f3n aportan una vivacidad refrescante, mientras que la manzana introduce una jugosa suavidad que prepara la composici\u00f3n para los acordes gourmand m\u00e1s dulces que le siguen. En el coraz\u00f3n de la fragancia, el aroma se enriquece y se asemeja m\u00e1s a un postre, ya que el malvavisco, la fresa, el coco, la flor de azahar, la rosa, la fresia y la peon\u00eda crean un n\u00facleo cremoso y goloso. El malvavisco combina a la perfecci\u00f3n con el car\u00e1cter afrutado de la fresa, mientras que el coco aporta una suave cremosidad. La flor de azahar, la rosa, la fresia y la peon\u00eda aportan un delicado brillo floral que mantiene el dulzor equilibrado y elegante. A medida que la fragancia se asienta, la base se convierte en un final c\u00e1lido y cremoso compuesto por nata montada , vainilla , miel , az\u00facar , \u00e1mbar , almizcle , pachul\u00ed , frambuesa y mirabel . La nata montada, la vainilla, la miel y el az\u00facar crean una suave calidez de postre, mientras que el \u00e1mbar, el almizcle y el pachul\u00ed a\u00f1aden profundidad y una suave longevidad. La frambuesa y el mirabel realzan el car\u00e1cter afrutado de la fragancia, dejando un rastro dulce y cremoso en la piel. Armaf Pride Luna es una encantadora fragancia gourmand en la que destaca el malvavisco como nota dominante, a menudo comparada con el estilo de fragancias como Burberry Her gracias a su cremoso car\u00e1cter de postre de fresa. NOTAS DE PERFUME Notas de salida: Bergamota, Lim\u00f3n, Manzana Notas medias: Malvavisco, Fresa, Coco, Azahar, Rosa, Fresia, Peon\u00eda Notas de Fondo: Nata montada, Vainilla, Miel, Az\u00facar, \u00c1mbar, Almizcle, Pachul\u00ed, Frambuesa, Mirabel<\/p>\n<h4>Pir\u00e1mide olfativa<\/h4>\n<ul>\n<li><strong>Notas de entrada:<\/strong> Bergamota, Lim\u00f3n italiano, Manzana<\/li>\n<li><strong>Notas de coraz\u00f3n:<\/strong> Azahar, Rosa, Fresia, Peon\u00eda, Coco, Malvavisco, Fresa<\/li>\n<li><strong>Notas de salida:<\/strong> Mirabelle, Almizcle, \u00c1mbar, Frambuesa, Nata montada, Pachul\u00ed, Vainilla, Miel, Az\u00facar<\/li>\n<\/ul>","protected":false},"excerpt":{"rendered":"<p>Armaf Pride Luna Eau de Parfum 100 ml es una divertida fragancia unisex que pertenece a la familia olfativa floral frutal gourmand. Su composici\u00f3n combina jugosas frutas, suaves notas florales y cremosos acordes de postre para crear un aroma dulce, a\u00e9reo y deliciosamente indulgente. Inspirada en el car\u00e1cter reconfortante de los postres de fresa y [&hellip;]<\/p>\n","protected":false},"featured_media":3079,"comment_status":"open","ping_status":"closed","template":"","meta":[],"product_brand":[535],"product_cat":[225],"product_tag":[59,52,353,114,102,144,97,165,364,580,403,88,200,549,116,67,57,49,63],"class_list":{"0":"post-3080","1":"product","2":"type-product","3":"status-publish","4":"has-post-thumbnail","6":"product_brand-armaf","7":"product_cat-perfumes-y-fragancias","8":"product_tag-almizcle","9":"product_tag-ambar","10":"product_tag-azahar","11":"product_tag-azucar","12":"product_tag-bergamota","13":"product_tag-coco","14":"product_tag-frambuesa","15":"product_tag-fresa","16":"product_tag-fresia","17":"product_tag-limon-italiano","18":"product_tag-malvavisco","19":"product_tag-manzana","20":"product_tag-miel","21":"product_tag-mirabelle","22":"product_tag-nata-montada","23":"product_tag-pachuli","24":"product_tag-peonia","25":"product_tag-rosa","26":"product_tag-vainilla","28":"first","29":"outofstock","30":"taxable","31":"shipping-taxable","32":"product-type-simple"},"_links":{"self":[{"href":"https:\/\/novaluxeurope.com\/en\/wp-json\/wp\/v2\/product\/3080","targetHints":{"allow":["GET"]}}],"collection":[{"href":"https:\/\/novaluxeurope.com\/en\/wp-json\/wp\/v2\/product"}],"about":[{"href":"https:\/\/novaluxeurope.com\/en\/wp-json\/wp\/v2\/types\/product"}],"replies":[{"embeddable":true,"href":"https:\/\/novaluxeurope.com\/en\/wp-json\/wp\/v2\/comments?post=3080"}],"wp:featuredmedia":[{"embeddable":true,"href":"https:\/\/novaluxeurope.com\/en\/wp-json\/wp\/v2\/media\/3079"}],"wp:attachment":[{"href":"https:\/\/novaluxeurope.com\/en\/wp-json\/wp\/v2\/media?parent=3080"}],"wp:term":[{"taxonomy":"product_brand","embeddable":true,"href":"https:\/\/novaluxeurope.com\/en\/wp-json\/wp\/v2\/product_brand?post=3080"},{"taxonomy":"product_cat","embeddable":true,"href":"https:\/\/novaluxeurope.com\/en\/wp-json\/wp\/v2\/product_cat?post=3080"},{"taxonomy":"product_tag","embeddable":true,"href":"https:\/\/novaluxeurope.com\/en\/wp-json\/wp\/v2\/product_tag?post=3080"}],"curies":[{"name":"wp","href":"https:\/\/api.w.org\/{rel}","templated":true}]}}