{"id":3073,"date":"2026-04-10T23:58:15","date_gmt":"2026-04-10T23:58:15","guid":{"rendered":"https:\/\/novaluxeurope.com\/producto\/armaf-odyssey-wild-one\/"},"modified":"2026-05-06T12:01:21","modified_gmt":"2026-05-06T12:01:21","slug":"armaf-odyssey-wild-one","status":"publish","type":"product","link":"https:\/\/novaluxeurope.com\/en\/product\/armaf-odyssey-wild-one\/","title":{"rendered":"Armaf Odyssey Wild One"},"content":{"rendered":"<p dir=\"ltr\"><strong>La energ\u00eda del aventurero capturada en una fragancia<\/strong><\/p>\n<p dir=\"ltr\">Eleva tu libertad, fuerza y dinamismo en cada momento. El eau de parfum Armaf Odyssey Wild One despierta tu esp\u00edritu aventurero. Esta composici\u00f3n masculina te gu\u00eda desde una apertura c\u00edtrica y refrescante hasta un c\u00e1lido fondo amaderado con matices especiados y almizclados.<\/p>\n<ul>\n<li value=\"1\">fragancia fresca y especiada con car\u00e1cter amaderado para hombres<\/li>\n<li value=\"2\">forma parte de la colecci\u00f3n Odyssey<\/li>\n<li value=\"3\">se lanz\u00f3 en el a\u00f1o 2023<\/li>\n<\/ul>\n<p dir=\"ltr\"><strong>Composici\u00f3n de la fragancia:<\/strong><br \/>La apertura revela la jugosa bergamota, lim\u00f3n y menta, refrescados por un matiz picante de pimienta. M\u00e1s adelante surge una armoniosa combinaci\u00f3n de pimienta rosa, lavanda, vetiver y jengibre, que envuelve los sentidos con un aroma ligeramente especiado. Al final, se revela un acorde c\u00e1lido de s\u00e1ndalo y cedro, entrelazado con pachul\u00ed, elem\u00ed y un almizcle aterciopelado que envuelve la composici\u00f3n arom\u00e1tica en una sensualidad profunda.<\/p>\n<p dir=\"ltr\"><strong>Historia de la fragancia:<\/strong><br \/>El eau de parfum Odyssey Wild One forma parte de una colecci\u00f3n inspirada en el coraje y el deseo de explorar nuevos caminos. La edici\u00f3n de 2023 representa al hombre contempor\u00e1neo que no pierde su encanto natural ni en medio del ritmo fren\u00e9tico de la ciudad. Esta intensidad salvaje tambi\u00e9n se refleja en su frasco negro y dorado, adornado con el motivo de tigre.<\/p>\n<h4>Pir\u00e1mide olfativa<\/h4>\n<ul>\n<li><strong>Notas de entrada:<\/strong> bergamota, pimiento, lim\u00f3n, menta<\/li>\n<li><strong>Notas de coraz\u00f3n:<\/strong> lavanda, pimienta rosada, vetiver, jengibre<\/li>\n<li><strong>Notas de salida:<\/strong> pachuli, vetiver, elemi, cedro, madera de s\u00e1ndalo, almizcle<\/li>\n<\/ul>","protected":false},"excerpt":{"rendered":"<p>La energ\u00eda del aventurero capturada en una fragancia Eleva tu libertad, fuerza y dinamismo en cada momento. El eau de parfum Armaf Odyssey Wild One despierta tu esp\u00edritu aventurero. Esta composici\u00f3n masculina te gu\u00eda desde una apertura c\u00edtrica y refrescante hasta un c\u00e1lido fondo amaderado con matices especiados y almizclados. fragancia fresca y especiada con [&hellip;]<\/p>\n","protected":false},"featured_media":3072,"comment_status":"open","ping_status":"closed","template":"","meta":[],"product_brand":[535],"product_cat":[225],"product_tag":[59,102,53,107,180,73,140,47,194,67,181,381,50],"class_list":{"0":"post-3073","1":"product","2":"type-product","3":"status-publish","4":"has-post-thumbnail","6":"product_brand-armaf","7":"product_cat-perfumes-y-fragancias","8":"product_tag-almizcle","9":"product_tag-bergamota","10":"product_tag-cedro","11":"product_tag-elemi","12":"product_tag-jengibre","13":"product_tag-lavanda","14":"product_tag-limon","15":"product_tag-madera-de-sandalo","16":"product_tag-menta","17":"product_tag-pachuli","18":"product_tag-pimienta-rosada","19":"product_tag-pimiento","20":"product_tag-vetiver","22":"first","23":"instock","24":"taxable","25":"shipping-taxable","26":"product-type-simple"},"_links":{"self":[{"href":"https:\/\/novaluxeurope.com\/en\/wp-json\/wp\/v2\/product\/3073","targetHints":{"allow":["GET"]}}],"collection":[{"href":"https:\/\/novaluxeurope.com\/en\/wp-json\/wp\/v2\/product"}],"about":[{"href":"https:\/\/novaluxeurope.com\/en\/wp-json\/wp\/v2\/types\/product"}],"replies":[{"embeddable":true,"href":"https:\/\/novaluxeurope.com\/en\/wp-json\/wp\/v2\/comments?post=3073"}],"wp:featuredmedia":[{"embeddable":true,"href":"https:\/\/novaluxeurope.com\/en\/wp-json\/wp\/v2\/media\/3072"}],"wp:attachment":[{"href":"https:\/\/novaluxeurope.com\/en\/wp-json\/wp\/v2\/media?parent=3073"}],"wp:term":[{"taxonomy":"product_brand","embeddable":true,"href":"https:\/\/novaluxeurope.com\/en\/wp-json\/wp\/v2\/product_brand?post=3073"},{"taxonomy":"product_cat","embeddable":true,"href":"https:\/\/novaluxeurope.com\/en\/wp-json\/wp\/v2\/product_cat?post=3073"},{"taxonomy":"product_tag","embeddable":true,"href":"https:\/\/novaluxeurope.com\/en\/wp-json\/wp\/v2\/product_tag?post=3073"}],"curies":[{"name":"wp","href":"https:\/\/api.w.org\/{rel}","templated":true}]}}