{"id":3066,"date":"2026-04-10T23:58:13","date_gmt":"2026-04-10T23:58:13","guid":{"rendered":"https:\/\/novaluxeurope.com\/producto\/armaf-odyssey-tyrant-edp-m-100-ml\/"},"modified":"2026-05-06T12:01:21","modified_gmt":"2026-05-06T12:01:21","slug":"armaf-odyssey-tyrant-edp-m-100-ml","status":"publish","type":"product","link":"https:\/\/novaluxeurope.com\/en\/product\/armaf-odyssey-tyrant-edp-m-100-ml\/","title":{"rendered":"Armaf Odyssey Tyrant"},"content":{"rendered":"<p>Armaf Odyssey Tyrant Eau de Parfum 100 ml es una fragancia atrevida y sofisticada para hombre, que combina con maestr\u00eda frescura, especias y calidez amaderada en un cautivador aroma caracter\u00edstico. Se abre con una vigorizante explosi\u00f3n de pomelo y notas c\u00edtricas, creando una primera impresi\u00f3n brillante y energizante que capta inmediatamente la atenci\u00f3n. El coraz\u00f3n de la fragancia revela una refinada mezcla de pimienta, lavanda, geranio y elem\u00ed, que a\u00f1aden profundidad, complejidad y una sutil elegancia arom\u00e1tica. La base se asienta en una fusi\u00f3n masculina de ambroxan , vetiver , cedro y acordes amaderados , dejando una estela duradera que es c\u00e1lida, segura e innegablemente memorable. Envasado en un distintivo frasco verde que recuerda a un frasco de \u00e9poca, Odyssey Tyrant refleja fuerza y aventura, lo que lo convierte en una pieza destacada de cualquier colecci\u00f3n de fragancias. Perfecta para llevar a diario durante la primavera y el oto\u00f1o, ofrece una longevidad de moderada a fuerte y una proyecci\u00f3n notable, garantizando que su presencia se sienta sin ser abrumadora. NOTAS DE PERFUME Notas altas: Pomelo, c\u00edtricos Notas medias: Pimienta, Lavanda, Geranio, Elemi Notas de Fondo: Ambroxan, Vetiver, Cedro, Acentos Amaderados<\/p>\n<h4>Pir\u00e1mide olfativa<\/h4>\n<ul>\n<li><strong>Notas de entrada:<\/strong> Pomelo, Notas c\u00edtricas<\/li>\n<li><strong>Notas de coraz\u00f3n:<\/strong> Pimienta, Lavanda, Geranio, Elemi<\/li>\n<li><strong>Notas de salida:<\/strong> Ambroxan, Notas de madera, Vetiver, Cedro<\/li>\n<\/ul>","protected":false},"excerpt":{"rendered":"<p>Armaf Odyssey Tyrant Eau de Parfum 100 ml es una fragancia atrevida y sofisticada para hombre, que combina con maestr\u00eda frescura, especias y calidez amaderada en un cautivador aroma caracter\u00edstico. Se abre con una vigorizante explosi\u00f3n de pomelo y notas c\u00edtricas, creando una primera impresi\u00f3n brillante y energizante que capta inmediatamente la atenci\u00f3n. El coraz\u00f3n [&hellip;]<\/p>\n","protected":false},"featured_media":3065,"comment_status":"open","ping_status":"closed","template":"","meta":[],"product_brand":[535],"product_cat":[225],"product_tag":[76,53,107,131,73,513,457,205,245,50],"class_list":{"0":"post-3066","1":"product","2":"type-product","3":"status-publish","4":"has-post-thumbnail","6":"product_brand-armaf","7":"product_cat-perfumes-y-fragancias","8":"product_tag-ambroxan","9":"product_tag-cedro","10":"product_tag-elemi","11":"product_tag-geranio","12":"product_tag-lavanda","13":"product_tag-notas-citricas","14":"product_tag-notas-de-madera","15":"product_tag-pimienta","16":"product_tag-pomelo","17":"product_tag-vetiver","19":"first","20":"instock","21":"taxable","22":"shipping-taxable","23":"product-type-simple"},"_links":{"self":[{"href":"https:\/\/novaluxeurope.com\/en\/wp-json\/wp\/v2\/product\/3066","targetHints":{"allow":["GET"]}}],"collection":[{"href":"https:\/\/novaluxeurope.com\/en\/wp-json\/wp\/v2\/product"}],"about":[{"href":"https:\/\/novaluxeurope.com\/en\/wp-json\/wp\/v2\/types\/product"}],"replies":[{"embeddable":true,"href":"https:\/\/novaluxeurope.com\/en\/wp-json\/wp\/v2\/comments?post=3066"}],"wp:featuredmedia":[{"embeddable":true,"href":"https:\/\/novaluxeurope.com\/en\/wp-json\/wp\/v2\/media\/3065"}],"wp:attachment":[{"href":"https:\/\/novaluxeurope.com\/en\/wp-json\/wp\/v2\/media?parent=3066"}],"wp:term":[{"taxonomy":"product_brand","embeddable":true,"href":"https:\/\/novaluxeurope.com\/en\/wp-json\/wp\/v2\/product_brand?post=3066"},{"taxonomy":"product_cat","embeddable":true,"href":"https:\/\/novaluxeurope.com\/en\/wp-json\/wp\/v2\/product_cat?post=3066"},{"taxonomy":"product_tag","embeddable":true,"href":"https:\/\/novaluxeurope.com\/en\/wp-json\/wp\/v2\/product_tag?post=3066"}],"curies":[{"name":"wp","href":"https:\/\/api.w.org\/{rel}","templated":true}]}}