{"id":3049,"date":"2026-04-10T23:58:07","date_gmt":"2026-04-10T23:58:07","guid":{"rendered":"https:\/\/novaluxeurope.com\/producto\/armaf-odyssey-mega-limited-edition-edp-m-200-ml\/"},"modified":"2026-04-24T13:13:52","modified_gmt":"2026-04-24T13:13:52","slug":"armaf-odyssey-mega-limited-edition-edp-m-200-ml","status":"publish","type":"product","link":"https:\/\/novaluxeurope.com\/en\/product\/armaf-odyssey-mega-limited-edition-edp-m-200-ml\/","title":{"rendered":"Armaf Odyssey Mega Limited Edition"},"content":{"rendered":"<p>Lanzada en 2023, Armaf Odyssey Mega Limited Edition 200 ml es una din\u00e1mica fragancia amaderada-arom\u00e1tica dise\u00f1ada para el hombre moderno que busca una elegancia audaz y el poder de dejar una impresi\u00f3n duradera. Creada por la renombrada casa de Oriente Medio Armaf, esta fragancia captura la energ\u00eda, el refinamiento y la masculinidad atemporal en cada pulverizaci\u00f3n. El viaje de la fragancia comienza con una refrescante explosi\u00f3n de jengibre , bergamota , naranja , lim\u00f3n y menta , ofreciendo una introducci\u00f3n viva y vigorizante que despierta al instante los sentidos. A medida que la fragancia se despliega, el coraz\u00f3n revela una composici\u00f3n rica y arom\u00e1tica de pi\u00f1a , salvia , enebro , bayas y geranio , a\u00f1adiendo complejidad, profundidad y un car\u00e1cter irresistible. Por \u00faltimo, el fondo descansa sobre una base c\u00e1lida y masculina de almizcle , cedro , vetiver y haba tonka , creando una estela suave y sensual que perdura mucho despu\u00e9s de la primera pulverizaci\u00f3n. Car\u00e1cter y experiencia: Odyssey Mega Limited Edition se abre con vibrantes c\u00edtricos y especias, pasa a un coraz\u00f3n arom\u00e1tico y sabroso, y se asienta en un refinado fondo amaderado que irradia sofisticaci\u00f3n. Vers\u00e1til y equilibrado, es perfecto tanto para el uso diario como para las ocasiones nocturnas, garantizando una presencia segura e imponente dondequiera que vaya. NOTAS DE PERFUME Notas de salida: Jengibre, Bergamota, Naranja, Lim\u00f3n, Menta Notas medias: Pi\u00f1a, Salvia, Enebro, Bayas, Geranio Notas de Fondo: Almizcle, Cedro, Vetiver, Haba Tonka<\/p>\n<h4>Pir\u00e1mide olfativa<\/h4>\n<ul>\n<li><strong>Notas de entrada:<\/strong> Naranja, Bergamota, Lim\u00f3n, Jengibre, Menta<\/li>\n<li><strong>Notas de coraz\u00f3n:<\/strong> Pi\u00f1a, Juniper, Salvia, Geranio, Bayas<\/li>\n<li><strong>Notas de salida:<\/strong> Almizcle, Haba Tonka, Cedro, Vetiver<\/li>\n<\/ul>","protected":false},"excerpt":{"rendered":"<p>Lanzada en 2023, Armaf Odyssey Mega Limited Edition 200 ml es una din\u00e1mica fragancia amaderada-arom\u00e1tica dise\u00f1ada para el hombre moderno que busca una elegancia audaz y el poder de dejar una impresi\u00f3n duradera. Creada por la renombrada casa de Oriente Medio Armaf, esta fragancia captura la energ\u00eda, el refinamiento y la masculinidad atemporal en cada [&hellip;]<\/p>\n","protected":false},"featured_media":3048,"comment_status":"open","ping_status":"closed","template":"","meta":[],"product_brand":[535],"product_cat":[225],"product_tag":[59,445,102,53,131,79,180,592,140,194,98,101,242,50],"class_list":{"0":"post-3049","1":"product","2":"type-product","3":"status-publish","4":"has-post-thumbnail","6":"product_brand-armaf","7":"product_cat-perfumes-y-fragancias","8":"product_tag-almizcle","9":"product_tag-bayas","10":"product_tag-bergamota","11":"product_tag-cedro","12":"product_tag-geranio","13":"product_tag-haba-tonka","14":"product_tag-jengibre","15":"product_tag-juniper","16":"product_tag-limon","17":"product_tag-menta","18":"product_tag-naranja","19":"product_tag-pina","20":"product_tag-salvia","21":"product_tag-vetiver","23":"first","24":"outofstock","25":"taxable","26":"shipping-taxable","27":"product-type-simple"},"_links":{"self":[{"href":"https:\/\/novaluxeurope.com\/en\/wp-json\/wp\/v2\/product\/3049","targetHints":{"allow":["GET"]}}],"collection":[{"href":"https:\/\/novaluxeurope.com\/en\/wp-json\/wp\/v2\/product"}],"about":[{"href":"https:\/\/novaluxeurope.com\/en\/wp-json\/wp\/v2\/types\/product"}],"replies":[{"embeddable":true,"href":"https:\/\/novaluxeurope.com\/en\/wp-json\/wp\/v2\/comments?post=3049"}],"wp:featuredmedia":[{"embeddable":true,"href":"https:\/\/novaluxeurope.com\/en\/wp-json\/wp\/v2\/media\/3048"}],"wp:attachment":[{"href":"https:\/\/novaluxeurope.com\/en\/wp-json\/wp\/v2\/media?parent=3049"}],"wp:term":[{"taxonomy":"product_brand","embeddable":true,"href":"https:\/\/novaluxeurope.com\/en\/wp-json\/wp\/v2\/product_brand?post=3049"},{"taxonomy":"product_cat","embeddable":true,"href":"https:\/\/novaluxeurope.com\/en\/wp-json\/wp\/v2\/product_cat?post=3049"},{"taxonomy":"product_tag","embeddable":true,"href":"https:\/\/novaluxeurope.com\/en\/wp-json\/wp\/v2\/product_tag?post=3049"}],"curies":[{"name":"wp","href":"https:\/\/api.w.org\/{rel}","templated":true}]}}