{"id":3042,"date":"2026-04-10T23:58:05","date_gmt":"2026-04-10T23:58:05","guid":{"rendered":"https:\/\/novaluxeurope.com\/producto\/armaf-odyssey-mega-limited-edition-edp-m-100-ml\/"},"modified":"2026-05-14T16:55:39","modified_gmt":"2026-05-14T16:55:39","slug":"armaf-odyssey-mega-limited-edition-edp-m-100-ml","status":"publish","type":"product","link":"https:\/\/novaluxeurope.com\/en\/product\/armaf-odyssey-mega-limited-edition-edp-m-100-ml\/","title":{"rendered":"Armaf Odyssey Mega Limited Edition EDP M 100 ml"},"content":{"rendered":"<p>Presentamos Armaf Men&#8217;s Odyssey Mega Eau de Parfum 100 ml , una cautivadora fragancia masculina lanzada en 2023. Esta refinada fragancia ha sido creada para el hombre moderno que abraza tanto la sofisticaci\u00f3n como el esp\u00edritu aventurero. Creada por la prestigiosa casa de fragancias de Oriente Medio Armaf, muestra su talento para dise\u00f1ar aromas inolvidables. Odyssey Mega Man de Armaf es una fragancia arom\u00e1tica amaderada para hombre. Se abre con notas frescas y energizantes de naranja, bergamota, lim\u00f3n, jengibre y menta, despertando al instante los sentidos. El coraz\u00f3n revela una mezcla viva y compleja de pi\u00f1a, enebro, salvia, bayas y geranio, que a\u00f1aden riqueza arom\u00e1tica y profundidad. La fragancia se asienta en una base masculina y duradera de almizcle , haba tonka , cedro y vetiver , dejando una estela c\u00e1lida y memorable. Presentada en un pr\u00e1ctico frasco de 100 ml, esta Eau de Parfum es un complemento perfecto para cualquier colecci\u00f3n. Dise\u00f1ado para hombres que aprecian los mejores momentos de la vida, Armaf Men&#8217;s Odyssey Mega EDP realza su presencia ya sea en una reuni\u00f3n de negocios o en un evento informal, dej\u00e1ndole una sensaci\u00f3n de confianza y distinci\u00f3n. NOTAS DE PERFUME Notas de salida: Naranja, Bergamota, Lim\u00f3n, Jengibre, Menta Notas medias: Pi\u00f1a, Enebro, Salvia, Geranio, Bayas Notas de Fondo: Almizcle, haba tonka, cedro, vetiver<\/p>\n<h4>Pir\u00e1mide olfativa<\/h4>\n<ul>\n<li><strong>Notas de entrada:<\/strong> Naranja, Bergamota, Lim\u00f3n, Jengibre, Menta<\/li>\n<li><strong>Notas de coraz\u00f3n:<\/strong> Pi\u00f1a, Juniper, Salvia, Geranio, Bayas<\/li>\n<li><strong>Notas de salida:<\/strong> Almizcle, Haba Tonka, Cedro, Vetiver<\/li>\n<\/ul>","protected":false},"excerpt":{"rendered":"<p>Presentamos Armaf Men&#8217;s Odyssey Mega Eau de Parfum 100 ml , una cautivadora fragancia masculina lanzada en 2023. Esta refinada fragancia ha sido creada para el hombre moderno que abraza tanto la sofisticaci\u00f3n como el esp\u00edritu aventurero. Creada por la prestigiosa casa de fragancias de Oriente Medio Armaf, muestra su talento para dise\u00f1ar aromas inolvidables. [&hellip;]<\/p>\n","protected":false},"featured_media":3041,"comment_status":"open","ping_status":"closed","template":"","meta":[],"product_brand":[535],"product_cat":[225],"product_tag":[59,445,102,53,131,79,180,592,140,194,98,101,242,50],"class_list":{"0":"post-3042","1":"product","2":"type-product","3":"status-publish","4":"has-post-thumbnail","6":"product_brand-armaf","7":"product_cat-perfumes-y-fragancias","8":"product_tag-almizcle","9":"product_tag-bayas","10":"product_tag-bergamota","11":"product_tag-cedro","12":"product_tag-geranio","13":"product_tag-haba-tonka","14":"product_tag-jengibre","15":"product_tag-juniper","16":"product_tag-limon","17":"product_tag-menta","18":"product_tag-naranja","19":"product_tag-pina","20":"product_tag-salvia","21":"product_tag-vetiver","23":"first","24":"instock","25":"featured","26":"taxable","27":"shipping-taxable","28":"product-type-simple"},"_links":{"self":[{"href":"https:\/\/novaluxeurope.com\/en\/wp-json\/wp\/v2\/product\/3042","targetHints":{"allow":["GET"]}}],"collection":[{"href":"https:\/\/novaluxeurope.com\/en\/wp-json\/wp\/v2\/product"}],"about":[{"href":"https:\/\/novaluxeurope.com\/en\/wp-json\/wp\/v2\/types\/product"}],"replies":[{"embeddable":true,"href":"https:\/\/novaluxeurope.com\/en\/wp-json\/wp\/v2\/comments?post=3042"}],"wp:featuredmedia":[{"embeddable":true,"href":"https:\/\/novaluxeurope.com\/en\/wp-json\/wp\/v2\/media\/3041"}],"wp:attachment":[{"href":"https:\/\/novaluxeurope.com\/en\/wp-json\/wp\/v2\/media?parent=3042"}],"wp:term":[{"taxonomy":"product_brand","embeddable":true,"href":"https:\/\/novaluxeurope.com\/en\/wp-json\/wp\/v2\/product_brand?post=3042"},{"taxonomy":"product_cat","embeddable":true,"href":"https:\/\/novaluxeurope.com\/en\/wp-json\/wp\/v2\/product_cat?post=3042"},{"taxonomy":"product_tag","embeddable":true,"href":"https:\/\/novaluxeurope.com\/en\/wp-json\/wp\/v2\/product_tag?post=3042"}],"curies":[{"name":"wp","href":"https:\/\/api.w.org\/{rel}","templated":true}]}}