{"id":3036,"date":"2026-04-10T23:58:03","date_gmt":"2026-04-10T23:58:03","guid":{"rendered":"https:\/\/novaluxeurope.com\/producto\/armaf-odyssey-mega-body-spray-200-ml\/"},"modified":"2026-04-24T13:13:52","modified_gmt":"2026-04-24T13:13:52","slug":"armaf-odyssey-mega-body-spray-200-ml","status":"publish","type":"product","link":"https:\/\/novaluxeurope.com\/en\/product\/armaf-odyssey-mega-body-spray-200-ml\/","title":{"rendered":"Armaf Odyssey Mega body spray"},"content":{"rendered":"<p>Armaf Odyssey Mega Body Spray 200 ml es una fragancia refrescante y potente creada para hombres que disfrutan de una presencia segura y en\u00e9rgica. Perteneciente a la familia olfativa Amaderada Arom\u00e1tica y lanzada en 2023, esta fragancia captura una esencia masculina moderna con una mezcla que se siente a la vez limpia e intensa. Dise\u00f1ado para el uso diario, ofrece una impresi\u00f3n duradera de sofisticaci\u00f3n y vitalidad que se adapta perfectamente a los hombres activos y seguros de s\u00ed mismos. La fragancia se abre con una chispeante oleada de pomelo y notas c\u00edtricas, que ofrecen un frescor estimulante que despierta los sentidos. A medida que se desarrolla, la pimienta se mezcla con la lavanda arom\u00e1tica, el geranio y el elem\u00ed resinoso, formando un coraz\u00f3n c\u00e1lido, elegante y lleno de profundidad. La base completa la experiencia con vetiver terroso, cedro suave y ricas notas amaderadas, realzadas por ambroxan para un acabado duradero y sensual. Armaf Odyssey Mega Body Spray es la elecci\u00f3n perfecta para los hombres que desean sentirse frescos, seguros y refinados durante todo el d\u00eda. Ya sea para ir al trabajo, al gimnasio o para salir por la noche, deja una estela atrevida y moderna que encarna el esp\u00edritu aventurero de la colecci\u00f3n Odyssey. NOTAS DE PERFUME Notas de salida: Pomelo, notas c\u00edtricas Notas medias: Pimienta, Lavanda, Geranio, Elemi Notas de Fondo: Vetiver, Cedro, Notas Amaderadas, Ambroxan<\/p>\n<h4>Pir\u00e1mide olfativa<\/h4>\n<ul>\n<li><strong>Notas de entrada:<\/strong> Pomelo, Notas c\u00edtricas<\/li>\n<li><strong>Notas de coraz\u00f3n:<\/strong> Pimienta, Lavanda, Geranio, Elemi<\/li>\n<li><strong>Notas de salida:<\/strong> Vetiver, Cedro, Notas amaderadas \/ Ambroxan<\/li>\n<\/ul>","protected":false},"excerpt":{"rendered":"<p>Armaf Odyssey Mega Body Spray 200 ml es una fragancia refrescante y potente creada para hombres que disfrutan de una presencia segura y en\u00e9rgica. Perteneciente a la familia olfativa Amaderada Arom\u00e1tica y lanzada en 2023, esta fragancia captura una esencia masculina moderna con una mezcla que se siente a la vez limpia e intensa. Dise\u00f1ado [&hellip;]<\/p>\n","protected":false},"featured_media":3035,"comment_status":"open","ping_status":"closed","template":"","meta":[],"product_brand":[535],"product_cat":[225],"product_tag":[53,107,131,73,591,513,205,245,50],"class_list":{"0":"post-3036","1":"product","2":"type-product","3":"status-publish","4":"has-post-thumbnail","6":"product_brand-armaf","7":"product_cat-perfumes-y-fragancias","8":"product_tag-cedro","9":"product_tag-elemi","10":"product_tag-geranio","11":"product_tag-lavanda","12":"product_tag-notas-amaderadas-ambroxan","13":"product_tag-notas-citricas","14":"product_tag-pimienta","15":"product_tag-pomelo","16":"product_tag-vetiver","18":"first","19":"outofstock","20":"taxable","21":"shipping-taxable","22":"product-type-simple"},"_links":{"self":[{"href":"https:\/\/novaluxeurope.com\/en\/wp-json\/wp\/v2\/product\/3036","targetHints":{"allow":["GET"]}}],"collection":[{"href":"https:\/\/novaluxeurope.com\/en\/wp-json\/wp\/v2\/product"}],"about":[{"href":"https:\/\/novaluxeurope.com\/en\/wp-json\/wp\/v2\/types\/product"}],"replies":[{"embeddable":true,"href":"https:\/\/novaluxeurope.com\/en\/wp-json\/wp\/v2\/comments?post=3036"}],"wp:featuredmedia":[{"embeddable":true,"href":"https:\/\/novaluxeurope.com\/en\/wp-json\/wp\/v2\/media\/3035"}],"wp:attachment":[{"href":"https:\/\/novaluxeurope.com\/en\/wp-json\/wp\/v2\/media?parent=3036"}],"wp:term":[{"taxonomy":"product_brand","embeddable":true,"href":"https:\/\/novaluxeurope.com\/en\/wp-json\/wp\/v2\/product_brand?post=3036"},{"taxonomy":"product_cat","embeddable":true,"href":"https:\/\/novaluxeurope.com\/en\/wp-json\/wp\/v2\/product_cat?post=3036"},{"taxonomy":"product_tag","embeddable":true,"href":"https:\/\/novaluxeurope.com\/en\/wp-json\/wp\/v2\/product_tag?post=3036"}],"curies":[{"name":"wp","href":"https:\/\/api.w.org\/{rel}","templated":true}]}}