{"id":3030,"date":"2026-04-10T23:58:01","date_gmt":"2026-04-10T23:58:01","guid":{"rendered":"https:\/\/novaluxeurope.com\/producto\/armaf-odyssey-mandarin-sky-elixir-edp-m-100-ml\/"},"modified":"2026-05-09T20:01:12","modified_gmt":"2026-05-09T20:01:12","slug":"armaf-odyssey-mandarin-sky-elixir-edp-m-100-ml","status":"publish","type":"product","link":"https:\/\/novaluxeurope.com\/en\/product\/armaf-odyssey-mandarin-sky-elixir-edp-m-100-ml\/","title":{"rendered":"Armaf Odyssey Mandarin Sky Elixir"},"content":{"rendered":"<p>Entre en un reino de sofisticaci\u00f3n audaz con Odyssey Mandarin Sky Elixir 100 ml de Armaf , una fragancia oriental amaderada dise\u00f1ada para hombres. Lanzada en 2025, esta fragancia fresca y moderna captura la esencia de la elegancia contempor\u00e1nea en una f\u00f3rmula vers\u00e1til. La fragancia se abre con vibrantes notas de salida de mandarina, lavanda, naranja, cardamomo y pimienta negra, creando una introducci\u00f3n brillante, picante y vigorizante. En el coraz\u00f3n, ricas capas de caramelo, haba tonka, incienso y pachul\u00ed aportan calidez y profundidad, combinando dulzura y complejidad ahumada. La composici\u00f3n se asienta en una base duradera de vainilla cremosa y vetiver terroso, que ofrece un final suave y memorable. Presentado en un generoso frasco de 100 ml, Odyssey Mandarin Sky Elixir promete una larga duraci\u00f3n, perfecto para cualquiera que busque una fragancia de autor que equilibre la frescura atrevida con las maderas orientales refinadas. Tanto para el d\u00eda como para la noche, este Eau de Parfum causa una impresi\u00f3n impactante que dice mucho sin necesidad de palabras. Descubra el encanto distintivo de Odyssey Mandarin Sky Elixir EDP Spray de Armaf, una fragancia audaz e inolvidable creada para el hombre moderno. NOTAS DE PERFUME Notas de salida: Mandarina, lavanda, naranja, cardamomo, pimienta negra Notas medias: Caramelo, Haba Tonka, Incienso, Pachul\u00ed Notas de Fondo: Vainilla, Vetiver<\/p>\n<h4>Pir\u00e1mide olfativa<\/h4>\n<ul>\n<li><strong>Notas de entrada:<\/strong> Mandar\u00edn, Lavanda, Naranja, Cardamomo, Pimienta negra<\/li>\n<li><strong>Notas de coraz\u00f3n:<\/strong> Caramelo, Haba Tonka, Incienso, Pachul\u00ed<\/li>\n<li><strong>Notas de salida:<\/strong> Vainilla, Vetiver<\/li>\n<\/ul>","protected":false},"excerpt":{"rendered":"<p>Entre en un reino de sofisticaci\u00f3n audaz con Odyssey Mandarin Sky Elixir 100 ml de Armaf , una fragancia oriental amaderada dise\u00f1ada para hombres. Lanzada en 2025, esta fragancia fresca y moderna captura la esencia de la elegancia contempor\u00e1nea en una f\u00f3rmula vers\u00e1til. La fragancia se abre con vibrantes notas de salida de mandarina, lavanda, [&hellip;]<\/p>\n","protected":false},"featured_media":3029,"comment_status":"open","ping_status":"closed","template":"","meta":[],"product_brand":[535],"product_cat":[225],"product_tag":[60,77,79,127,73,122,98,67,323,63,50],"class_list":{"0":"post-3030","1":"product","2":"type-product","3":"status-publish","4":"has-post-thumbnail","6":"product_brand-armaf","7":"product_cat-perfumes-y-fragancias","8":"product_tag-caramelo","9":"product_tag-cardamomo","10":"product_tag-haba-tonka","11":"product_tag-incienso","12":"product_tag-lavanda","13":"product_tag-mandarin","14":"product_tag-naranja","15":"product_tag-pachuli","16":"product_tag-pimienta-negra","17":"product_tag-vainilla","18":"product_tag-vetiver","20":"first","21":"instock","22":"taxable","23":"shipping-taxable","24":"product-type-simple"},"_links":{"self":[{"href":"https:\/\/novaluxeurope.com\/en\/wp-json\/wp\/v2\/product\/3030","targetHints":{"allow":["GET"]}}],"collection":[{"href":"https:\/\/novaluxeurope.com\/en\/wp-json\/wp\/v2\/product"}],"about":[{"href":"https:\/\/novaluxeurope.com\/en\/wp-json\/wp\/v2\/types\/product"}],"replies":[{"embeddable":true,"href":"https:\/\/novaluxeurope.com\/en\/wp-json\/wp\/v2\/comments?post=3030"}],"wp:featuredmedia":[{"embeddable":true,"href":"https:\/\/novaluxeurope.com\/en\/wp-json\/wp\/v2\/media\/3029"}],"wp:attachment":[{"href":"https:\/\/novaluxeurope.com\/en\/wp-json\/wp\/v2\/media?parent=3030"}],"wp:term":[{"taxonomy":"product_brand","embeddable":true,"href":"https:\/\/novaluxeurope.com\/en\/wp-json\/wp\/v2\/product_brand?post=3030"},{"taxonomy":"product_cat","embeddable":true,"href":"https:\/\/novaluxeurope.com\/en\/wp-json\/wp\/v2\/product_cat?post=3030"},{"taxonomy":"product_tag","embeddable":true,"href":"https:\/\/novaluxeurope.com\/en\/wp-json\/wp\/v2\/product_tag?post=3030"}],"curies":[{"name":"wp","href":"https:\/\/api.w.org\/{rel}","templated":true}]}}