{"id":3023,"date":"2026-04-10T23:57:59","date_gmt":"2026-04-10T23:57:59","guid":{"rendered":"https:\/\/novaluxeurope.com\/producto\/armaf-odyssey-limoni-fresh-body-spray-200-ml\/"},"modified":"2026-04-24T13:13:52","modified_gmt":"2026-04-24T13:13:52","slug":"armaf-odyssey-limoni-fresh-body-spray-200-ml","status":"publish","type":"product","link":"https:\/\/novaluxeurope.com\/en\/product\/armaf-odyssey-limoni-fresh-body-spray-200-ml\/","title":{"rendered":"Armaf Odyssey Limoni Fresh body spray"},"content":{"rendered":"<p>Sum\u00e9rjase en la frescura vigorizante de Armaf Odyssey Limoni Fresh Body Spray 200 ml , una fragancia unisex de la familia arom\u00e1tica c\u00edtrica que energiza los sentidos con una animada mezcla de acordes c\u00edtricos y arom\u00e1ticos. Lanzado en 2024, este spray corporal se inspira en la vibrante armon\u00eda de las frutas \u00e1cidas y las notas refrescantes, dise\u00f1ado para levantar el \u00e1nimo y revitalizar durante todo el d\u00eda. La fragancia se abre con una combinaci\u00f3n brillante y \u00e1cida de lim\u00f3n, naranja dulce, mandarina y bergamota, que ofrece una explosi\u00f3n inmediata de energ\u00eda c\u00edtrica. Su coraz\u00f3n se despliega en una armoniosa mezcla de Azahar , Notas Marinas , y Jengibre , a\u00f1adiendo sutiles especias y una refrescante dimensi\u00f3n acu\u00e1tica. La base se asienta en una mezcla c\u00e1lida y arraigada de t\u00e9, almizcle y \u00e1mbar, dejando una estela duradera, reconfortante y sofisticada. Armaf Odyssey Limoni Fresh Body Spray es una fragancia vers\u00e1til y estimulante adecuada tanto para hombres como para mujeres, perfecta para llevar a diario o siempre que se necesite una explosi\u00f3n de frescor. Su equilibrada composici\u00f3n de c\u00edtricos, especias y c\u00e1lidas notas de fondo garantiza una experiencia olfativa revitalizante, duradera y memorable. NOTAS DE PERFUME Notas de salida: Lim\u00f3n, Naranja dulce, Mandarina, Bergamota Notas medias: Azahar, Notas Marinas, Jengibre Notas de Fondo: T\u00e9, Almizcle, \u00c1mbar<\/p>\n<h4>Pir\u00e1mide olfativa<\/h4>\n<ul>\n<li><strong>Notas de entrada:<\/strong> Lim\u00f3n, Naranja dulce, Mandar\u00edn, Bergamota<\/li>\n<li><strong>Notas de coraz\u00f3n:<\/strong> Azahar, Notas marinas, Jengibre<\/li>\n<li><strong>Notas de salida:<\/strong> T\u00e9, Almizcle, \u00c1mbar<\/li>\n<\/ul>","protected":false},"excerpt":{"rendered":"<p>Sum\u00e9rjase en la frescura vigorizante de Armaf Odyssey Limoni Fresh Body Spray 200 ml , una fragancia unisex de la familia arom\u00e1tica c\u00edtrica que energiza los sentidos con una animada mezcla de acordes c\u00edtricos y arom\u00e1ticos. Lanzado en 2024, este spray corporal se inspira en la vibrante armon\u00eda de las frutas \u00e1cidas y las notas [&hellip;]<\/p>\n","protected":false},"featured_media":3022,"comment_status":"open","ping_status":"closed","template":"","meta":[],"product_brand":[535],"product_cat":[225],"product_tag":[59,52,353,102,180,140,122,151,312,237],"class_list":{"0":"post-3023","1":"product","2":"type-product","3":"status-publish","4":"has-post-thumbnail","6":"product_brand-armaf","7":"product_cat-perfumes-y-fragancias","8":"product_tag-almizcle","9":"product_tag-ambar","10":"product_tag-azahar","11":"product_tag-bergamota","12":"product_tag-jengibre","13":"product_tag-limon","14":"product_tag-mandarin","15":"product_tag-naranja-dulce","16":"product_tag-notas-marinas","17":"product_tag-te","19":"first","20":"outofstock","21":"taxable","22":"shipping-taxable","23":"product-type-simple"},"_links":{"self":[{"href":"https:\/\/novaluxeurope.com\/en\/wp-json\/wp\/v2\/product\/3023","targetHints":{"allow":["GET"]}}],"collection":[{"href":"https:\/\/novaluxeurope.com\/en\/wp-json\/wp\/v2\/product"}],"about":[{"href":"https:\/\/novaluxeurope.com\/en\/wp-json\/wp\/v2\/types\/product"}],"replies":[{"embeddable":true,"href":"https:\/\/novaluxeurope.com\/en\/wp-json\/wp\/v2\/comments?post=3023"}],"wp:featuredmedia":[{"embeddable":true,"href":"https:\/\/novaluxeurope.com\/en\/wp-json\/wp\/v2\/media\/3022"}],"wp:attachment":[{"href":"https:\/\/novaluxeurope.com\/en\/wp-json\/wp\/v2\/media?parent=3023"}],"wp:term":[{"taxonomy":"product_brand","embeddable":true,"href":"https:\/\/novaluxeurope.com\/en\/wp-json\/wp\/v2\/product_brand?post=3023"},{"taxonomy":"product_cat","embeddable":true,"href":"https:\/\/novaluxeurope.com\/en\/wp-json\/wp\/v2\/product_cat?post=3023"},{"taxonomy":"product_tag","embeddable":true,"href":"https:\/\/novaluxeurope.com\/en\/wp-json\/wp\/v2\/product_tag?post=3023"}],"curies":[{"name":"wp","href":"https:\/\/api.w.org\/{rel}","templated":true}]}}