{"id":3018,"date":"2026-04-10T23:57:58","date_gmt":"2026-04-10T23:57:58","guid":{"rendered":"https:\/\/novaluxeurope.com\/producto\/armaf-odyssey-homme-white-edition-edp-m-100-ml\/"},"modified":"2026-05-06T20:29:17","modified_gmt":"2026-05-06T20:29:17","slug":"armaf-odyssey-homme-white-edition-edp-m-100-ml","status":"publish","type":"product","link":"https:\/\/novaluxeurope.com\/en\/product\/armaf-odyssey-homme-white-edition-edp-m-100-ml\/","title":{"rendered":"Armaf Odyssey Homme White Edition"},"content":{"rendered":"<p>Armaf Odyssey Homme White Edition 100 ml Eau de Parfum es una fragancia carism\u00e1tica y de esp\u00edritu libre creada para el hombre moderno. Se abre con un estallido vibrante de notas de salida frescas y especiadas que incluyen menta, pimienta rosa y cardamomo, creando una introducci\u00f3n vigorizante y en\u00e9rgica que capta la atenci\u00f3n. El coraz\u00f3n revela una mezcla din\u00e1mica de salvia y pi\u00f1a, enriquecida con sutiles acordes acu\u00e1ticos que a\u00f1aden una faceta refrescante y fresca a la fragancia. Esta combinaci\u00f3n equilibra los tonos herb\u00e1ceos y afrutados, ofreciendo un car\u00e1cter \u00fanico y vivo. El fondo se basa en notas c\u00e1lidas y masculinas de madera de cedro, \u00e1mbar y vainilla cremosa, que aportan profundidad y un suave y dulce acabado amaderado. El resultado es una fragancia completa, sofisticada y accesible a la vez, perfecta para llevar a diario o en ocasiones especiales. Odyssey Homme White Edition ofrece una experiencia arom\u00e1tica fresca y c\u00e1lida que celebra la libertad y la confianza. NOTAS DE PERFUME Notas de salida: Menta, pimienta rosa, cardamomo Notas medias: Salvia, Pi\u00f1a Notas de Fondo: Cedro, \u00c1mbar, Vainilla<\/p>\n<h4>Pir\u00e1mide olfativa<\/h4>\n<ul>\n<li><strong>Notas de entrada:<\/strong> Menta, Pimienta rosa, Cardamomo<\/li>\n<li><strong>Notas de coraz\u00f3n:<\/strong> Salvia, Pi\u00f1a, Acuerdos acu\u00e1ticos<\/li>\n<li><strong>Notas de salida:<\/strong> Madera de cedro, Amberwood, Vainilla<\/li>\n<\/ul>","protected":false},"excerpt":{"rendered":"<p>Armaf Odyssey Homme White Edition 100 ml Eau de Parfum es una fragancia carism\u00e1tica y de esp\u00edritu libre creada para el hombre moderno. Se abre con un estallido vibrante de notas de salida frescas y especiadas que incluyen menta, pimienta rosa y cardamomo, creando una introducci\u00f3n vigorizante y en\u00e9rgica que capta la atenci\u00f3n. El coraz\u00f3n [&hellip;]<\/p>\n","protected":false},"featured_media":3017,"comment_status":"open","ping_status":"closed","template":"","meta":[],"product_brand":[535],"product_cat":[225],"product_tag":[590,120,77,46,194,141,101,242,63],"class_list":{"0":"post-3018","1":"product","2":"type-product","3":"status-publish","4":"has-post-thumbnail","6":"product_brand-armaf","7":"product_cat-perfumes-y-fragancias","8":"product_tag-acuerdos-acuaticos","9":"product_tag-amberwood","10":"product_tag-cardamomo","11":"product_tag-madera-de-cedro","12":"product_tag-menta","13":"product_tag-pimienta-rosa","14":"product_tag-pina","15":"product_tag-salvia","16":"product_tag-vainilla","18":"first","19":"instock","20":"taxable","21":"shipping-taxable","22":"product-type-simple"},"_links":{"self":[{"href":"https:\/\/novaluxeurope.com\/en\/wp-json\/wp\/v2\/product\/3018","targetHints":{"allow":["GET"]}}],"collection":[{"href":"https:\/\/novaluxeurope.com\/en\/wp-json\/wp\/v2\/product"}],"about":[{"href":"https:\/\/novaluxeurope.com\/en\/wp-json\/wp\/v2\/types\/product"}],"replies":[{"embeddable":true,"href":"https:\/\/novaluxeurope.com\/en\/wp-json\/wp\/v2\/comments?post=3018"}],"wp:featuredmedia":[{"embeddable":true,"href":"https:\/\/novaluxeurope.com\/en\/wp-json\/wp\/v2\/media\/3017"}],"wp:attachment":[{"href":"https:\/\/novaluxeurope.com\/en\/wp-json\/wp\/v2\/media?parent=3018"}],"wp:term":[{"taxonomy":"product_brand","embeddable":true,"href":"https:\/\/novaluxeurope.com\/en\/wp-json\/wp\/v2\/product_brand?post=3018"},{"taxonomy":"product_cat","embeddable":true,"href":"https:\/\/novaluxeurope.com\/en\/wp-json\/wp\/v2\/product_cat?post=3018"},{"taxonomy":"product_tag","embeddable":true,"href":"https:\/\/novaluxeurope.com\/en\/wp-json\/wp\/v2\/product_tag?post=3018"}],"curies":[{"name":"wp","href":"https:\/\/api.w.org\/{rel}","templated":true}]}}