{"id":3015,"date":"2026-04-10T23:57:55","date_gmt":"2026-04-10T23:57:55","guid":{"rendered":"https:\/\/novaluxeurope.com\/producto\/armaf-odyssey-homme\/"},"modified":"2026-04-24T13:31:55","modified_gmt":"2026-04-24T13:31:55","slug":"armaf-odyssey-homme","status":"publish","type":"product","link":"https:\/\/novaluxeurope.com\/en\/product\/armaf-odyssey-homme\/","title":{"rendered":"Armaf Odyssey Homme"},"content":{"rendered":"<p>Despierta al depredador nocturno que hay en ti y sigue tu instinto. El eau de parfum para hombre Armaf Odyssey Homme te aportar\u00e1 la dosis necesaria de confianza. La combinaci\u00f3n sensual y embriagadora de c\u00e1lida vainilla y notas orientales no dejar\u00e1 que pases desapercibido entre la multitud y resaltar\u00e1 maravillosamente tu carisma.<\/p>\n<ul>\n<li>fragancia oriental para hombre<\/li>\n<li>ideal para las noches y los meses m\u00e1s fr\u00edos<\/li>\n<li>en un frasco de aspecto original <\/li>\n<\/ul>\n<p> <strong>Composici\u00f3n de la fragancia:<\/strong><br \/>Las notas de salida de la fragancia Armaf Odyssey Homme comienzan con la c\u00e1lida vainilla, a la que se unen el dulzor y el car\u00e1cter animal del \u00e1mbar. En las notas de coraz\u00f3n se mezcla la intensa combinaci\u00f3n de notas orientales y especiadas junto con las notas delicadas y atalcadas del iris. En las notas de fondo se asienta en tu piel el aroma floral del cautivador jazm\u00edn junto con acordes de cuero y dulce vainilla.<\/p>\n<h4>Pir\u00e1mide olfativa<\/h4>\n<ul>\n<li><strong>Notas de entrada:<\/strong> mandarina, neroli, cardamomo<\/li>\n<li><strong>Notas de coraz\u00f3n:<\/strong> rosa, flor de naranjo<\/li>\n<li><strong>Notas de salida:<\/strong> vainilla, \u00e1mbar, madera de s\u00e1ndalo, notas amaderadas<\/li>\n<\/ul>","protected":false},"excerpt":{"rendered":"<p>Despierta al depredador nocturno que hay en ti y sigue tu instinto. El eau de parfum para hombre Armaf Odyssey Homme te aportar\u00e1 la dosis necesaria de confianza. La combinaci\u00f3n sensual y embriagadora de c\u00e1lida vainilla y notas orientales no dejar\u00e1 que pases desapercibido entre la multitud y resaltar\u00e1 maravillosamente tu carisma. fragancia oriental para [&hellip;]<\/p>\n","protected":false},"featured_media":3014,"comment_status":"open","ping_status":"closed","template":"","meta":[],"product_brand":[535],"product_cat":[225],"product_tag":[52,77,84,47,99,148,179,49,63],"class_list":{"0":"post-3015","1":"product","2":"type-product","3":"status-publish","4":"has-post-thumbnail","6":"product_brand-armaf","7":"product_cat-perfumes-y-fragancias","8":"product_tag-ambar","9":"product_tag-cardamomo","10":"product_tag-flor-de-naranjo","11":"product_tag-madera-de-sandalo","12":"product_tag-mandarina","13":"product_tag-neroli","14":"product_tag-notas-amaderadas","15":"product_tag-rosa","16":"product_tag-vainilla","18":"first","19":"instock","20":"taxable","21":"shipping-taxable","22":"product-type-simple"},"_links":{"self":[{"href":"https:\/\/novaluxeurope.com\/en\/wp-json\/wp\/v2\/product\/3015","targetHints":{"allow":["GET"]}}],"collection":[{"href":"https:\/\/novaluxeurope.com\/en\/wp-json\/wp\/v2\/product"}],"about":[{"href":"https:\/\/novaluxeurope.com\/en\/wp-json\/wp\/v2\/types\/product"}],"replies":[{"embeddable":true,"href":"https:\/\/novaluxeurope.com\/en\/wp-json\/wp\/v2\/comments?post=3015"}],"wp:featuredmedia":[{"embeddable":true,"href":"https:\/\/novaluxeurope.com\/en\/wp-json\/wp\/v2\/media\/3014"}],"wp:attachment":[{"href":"https:\/\/novaluxeurope.com\/en\/wp-json\/wp\/v2\/media?parent=3015"}],"wp:term":[{"taxonomy":"product_brand","embeddable":true,"href":"https:\/\/novaluxeurope.com\/en\/wp-json\/wp\/v2\/product_brand?post=3015"},{"taxonomy":"product_cat","embeddable":true,"href":"https:\/\/novaluxeurope.com\/en\/wp-json\/wp\/v2\/product_cat?post=3015"},{"taxonomy":"product_tag","embeddable":true,"href":"https:\/\/novaluxeurope.com\/en\/wp-json\/wp\/v2\/product_tag?post=3015"}],"curies":[{"name":"wp","href":"https:\/\/api.w.org\/{rel}","templated":true}]}}