{"id":3008,"date":"2026-04-10T23:57:53","date_gmt":"2026-04-10T23:57:53","guid":{"rendered":"https:\/\/novaluxeurope.com\/producto\/armaf-odyssey-homme-edp-m-100-ml\/"},"modified":"2026-05-09T11:19:12","modified_gmt":"2026-05-09T11:19:12","slug":"armaf-odyssey-homme-edp-m-100-ml","status":"publish","type":"product","link":"https:\/\/novaluxeurope.com\/en\/product\/armaf-odyssey-homme-edp-m-100-ml\/","title":{"rendered":"Armaf Odyssey Homme"},"content":{"rendered":"<p>Armaf Odyssey Homme Eau de Parfum 100 ml es una cautivadora fragancia oriental para hombre que combina calidez, dulzura y sutiles especias en un poderoso aroma caracter\u00edstico. Se abre con la atractiva riqueza de la vainilla y el \u00e1mbar , creando una primera impresi\u00f3n suave y reconfortante que se siente a la vez elegante y audaz. En el coraz\u00f3n, la composici\u00f3n revela iris y especias orientales, que aportan un equilibrio de refinamiento empolvado y calidez ex\u00f3tica. La base se asienta en una sensual fusi\u00f3n de cuero, jazm\u00edn y vainilla persistente, dejando tras de s\u00ed una estela cremosa, masculina e inolvidable. Esta fragancia es perfecta para las noches, las estaciones m\u00e1s fr\u00edas y las ocasiones especiales en las que desee destacar con confianza y sofisticaci\u00f3n. Con una longevidad que puede durar de 6 a 8 horas o m\u00e1s, especialmente en la ropa, y una fuerte proyecci\u00f3n en la apertura que se suaviza gradualmente hasta convertirse en un aroma \u00edntimo para la piel, Odyssey Homme ofrece potencia y elegancia a partes iguales. NOTAS DE PERFUME Notas altas: Vainilla, \u00e1mbar Notas medias: Iris, especias orientales Notas de fondo: Cuero, Jazm\u00edn, Vainilla<\/p>\n<h4>Pir\u00e1mide olfativa<\/h4>\n<ul>\n<li><strong>Notas de entrada:<\/strong> Vainilla, \u00c1mbar<\/li>\n<li><strong>Notas de coraz\u00f3n:<\/strong> Iris, Especias orientales<\/li>\n<li><strong>Notas de salida:<\/strong> Vainilla, Piel, Jazm\u00edn<\/li>\n<\/ul>","protected":false},"excerpt":{"rendered":"<p>Armaf Odyssey Homme Eau de Parfum 100 ml es una cautivadora fragancia oriental para hombre que combina calidez, dulzura y sutiles especias en un poderoso aroma caracter\u00edstico. Se abre con la atractiva riqueza de la vainilla y el \u00e1mbar , creando una primera impresi\u00f3n suave y reconfortante que se siente a la vez elegante y [&hellip;]<\/p>\n","protected":false},"featured_media":3007,"comment_status":"open","ping_status":"closed","template":"","meta":[],"product_brand":[535],"product_cat":[225],"product_tag":[52,589,55,56,137,63],"class_list":{"0":"post-3008","1":"product","2":"type-product","3":"status-publish","4":"has-post-thumbnail","6":"product_brand-armaf","7":"product_cat-perfumes-y-fragancias","8":"product_tag-ambar","9":"product_tag-especias-orientales","10":"product_tag-iris","11":"product_tag-jazmin","12":"product_tag-piel","13":"product_tag-vainilla","15":"first","16":"instock","17":"taxable","18":"shipping-taxable","19":"product-type-simple"},"_links":{"self":[{"href":"https:\/\/novaluxeurope.com\/en\/wp-json\/wp\/v2\/product\/3008","targetHints":{"allow":["GET"]}}],"collection":[{"href":"https:\/\/novaluxeurope.com\/en\/wp-json\/wp\/v2\/product"}],"about":[{"href":"https:\/\/novaluxeurope.com\/en\/wp-json\/wp\/v2\/types\/product"}],"replies":[{"embeddable":true,"href":"https:\/\/novaluxeurope.com\/en\/wp-json\/wp\/v2\/comments?post=3008"}],"wp:featuredmedia":[{"embeddable":true,"href":"https:\/\/novaluxeurope.com\/en\/wp-json\/wp\/v2\/media\/3007"}],"wp:attachment":[{"href":"https:\/\/novaluxeurope.com\/en\/wp-json\/wp\/v2\/media?parent=3008"}],"wp:term":[{"taxonomy":"product_brand","embeddable":true,"href":"https:\/\/novaluxeurope.com\/en\/wp-json\/wp\/v2\/product_brand?post=3008"},{"taxonomy":"product_cat","embeddable":true,"href":"https:\/\/novaluxeurope.com\/en\/wp-json\/wp\/v2\/product_cat?post=3008"},{"taxonomy":"product_tag","embeddable":true,"href":"https:\/\/novaluxeurope.com\/en\/wp-json\/wp\/v2\/product_tag?post=3008"}],"curies":[{"name":"wp","href":"https:\/\/api.w.org\/{rel}","templated":true}]}}