{"id":3003,"date":"2026-04-10T23:57:52","date_gmt":"2026-04-10T23:57:52","guid":{"rendered":"https:\/\/novaluxeurope.com\/producto\/armaf-odyssey-eau-de-montagne-edp-100-ml\/"},"modified":"2026-05-06T12:01:21","modified_gmt":"2026-05-06T12:01:21","slug":"armaf-odyssey-eau-de-montagne-edp-100-ml","status":"publish","type":"product","link":"https:\/\/novaluxeurope.com\/en\/product\/armaf-odyssey-eau-de-montagne-edp-100-ml\/","title":{"rendered":"Armaf Odyssey Eau de Montagne"},"content":{"rendered":"<p>Armaf Odyssey Eau de Montagne es una refinada fragancia unisex que evoca el aire fresco y vigorizante de los paisajes de monta\u00f1a combinado con c\u00e1lidos matices gourmand. Se abre con notas de salida brillantes y ligeramente especiadas de almendra, especias arom\u00e1ticas y lactonas cremosas, creando una introducci\u00f3n atractiva y energizante que despierta los sentidos. El coraz\u00f3n presenta un delicado bouquet de flores blancas, que aporta una elegancia suave y floral que equilibra el picante inicial con una suave pureza. Este n\u00facleo floral proporciona un car\u00e1cter armonioso y estimulante, ideal para quienes aprecian la sofisticaci\u00f3n sutil. En la base, la fragancia se asienta en una c\u00e1lida y reconfortante mezcla de vainilla, rico cacao, suave s\u00e1ndalo y sensual almizcle. Estas notas aportan a la fragancia un acabado cremoso y ligeramente goloso que perdura maravillosamente, a\u00f1adiendo profundidad y una presencia duradera. Odyssey Eau de Montagne es perfecta para llevar a diario o en momentos especiales, ya que combina el frescor de la monta\u00f1a con acogedores matices gourmand en una composici\u00f3n vers\u00e1til y elegante. NOTAS DE PERFUME Notas de salida: Almendra, especias arom\u00e1ticas, lactonas Notas medias: Flores Blancas Notas de Fondo: Vainilla, Cacao, S\u00e1ndalo, Almizcle<\/p>\n<h4>Pir\u00e1mide olfativa<\/h4>\n<ul>\n<li><strong>Notas de entrada:<\/strong> Almendra, Especias, Lactonas<\/li>\n<li><strong>Notas de coraz\u00f3n:<\/strong> Flores blancas<\/li>\n<li><strong>Notas de salida:<\/strong> Vainilla, Cacao, S\u00e1ndalo, Almizcle<\/li>\n<\/ul>","protected":false},"excerpt":{"rendered":"<p>Armaf Odyssey Eau de Montagne es una refinada fragancia unisex que evoca el aire fresco y vigorizante de los paisajes de monta\u00f1a combinado con c\u00e1lidos matices gourmand. Se abre con notas de salida brillantes y ligeramente especiadas de almendra, especias arom\u00e1ticas y lactonas cremosas, creando una introducci\u00f3n atractiva y energizante que despierta los sentidos. El [&hellip;]<\/p>\n","protected":false},"featured_media":3002,"comment_status":"open","ping_status":"closed","template":"","meta":[],"product_brand":[535],"product_cat":[225],"product_tag":[397,59,259,374,110,588,174,63],"class_list":{"0":"post-3003","1":"product","2":"type-product","3":"status-publish","4":"has-post-thumbnail","6":"product_brand-armaf","7":"product_cat-perfumes-y-fragancias","8":"product_tag-almendra","9":"product_tag-almizcle","10":"product_tag-cacao","11":"product_tag-especias","12":"product_tag-flores-blancas","13":"product_tag-lactonas","14":"product_tag-sandalo","15":"product_tag-vainilla","17":"first","18":"instock","19":"taxable","20":"shipping-taxable","21":"product-type-simple"},"_links":{"self":[{"href":"https:\/\/novaluxeurope.com\/en\/wp-json\/wp\/v2\/product\/3003","targetHints":{"allow":["GET"]}}],"collection":[{"href":"https:\/\/novaluxeurope.com\/en\/wp-json\/wp\/v2\/product"}],"about":[{"href":"https:\/\/novaluxeurope.com\/en\/wp-json\/wp\/v2\/types\/product"}],"replies":[{"embeddable":true,"href":"https:\/\/novaluxeurope.com\/en\/wp-json\/wp\/v2\/comments?post=3003"}],"wp:featuredmedia":[{"embeddable":true,"href":"https:\/\/novaluxeurope.com\/en\/wp-json\/wp\/v2\/media\/3002"}],"wp:attachment":[{"href":"https:\/\/novaluxeurope.com\/en\/wp-json\/wp\/v2\/media?parent=3003"}],"wp:term":[{"taxonomy":"product_brand","embeddable":true,"href":"https:\/\/novaluxeurope.com\/en\/wp-json\/wp\/v2\/product_brand?post=3003"},{"taxonomy":"product_cat","embeddable":true,"href":"https:\/\/novaluxeurope.com\/en\/wp-json\/wp\/v2\/product_cat?post=3003"},{"taxonomy":"product_tag","embeddable":true,"href":"https:\/\/novaluxeurope.com\/en\/wp-json\/wp\/v2\/product_tag?post=3003"}],"curies":[{"name":"wp","href":"https:\/\/api.w.org\/{rel}","templated":true}]}}