{"id":2996,"date":"2026-04-10T23:57:49","date_gmt":"2026-04-10T23:57:49","guid":{"rendered":"https:\/\/novaluxeurope.com\/producto\/armaf-odyssey-dxb-chocolat-edp-u-100-ml\/"},"modified":"2026-04-29T16:00:55","modified_gmt":"2026-04-29T16:00:55","slug":"armaf-odyssey-dxb-chocolat-edp-u-100-ml","status":"publish","type":"product","link":"https:\/\/novaluxeurope.com\/en\/product\/armaf-odyssey-dxb-chocolat-edp-u-100-ml\/","title":{"rendered":"Armaf Odyssey DXB Chocolat"},"content":{"rendered":"<p>Armaf Odyssey DXB Chocolat es una lujosa fragancia unisex que le sumerge en el rico y decadente mundo de las delicias dulces \u00e1rabes. Lanzada en 2025, esta fragancia oriental de vainilla se abre con una cautivadora mezcla de caf\u00e9, pistacho, knafeh, avellana y pralin\u00e9, creando una introducci\u00f3n atractiva y golosa que deleita al instante los sentidos. En su coraz\u00f3n, la fragancia revela un cremoso y c\u00e1lido acorde de chocolate, vainilla y un sutil toque de cardamomo, que juntos aportan profundidad, dulzura y un toque de especias ex\u00f3ticas. Esta combinaci\u00f3n aporta un car\u00e1cter acogedor e indulgente que resulta elegante y reconfortante. Las notas de fondo presentan una mezcla rica y sensual de madera de \u00e1mbar, caramelo y haba tonka, que proporciona un acabado suave y duradero con una calidez aterciopelada. Esta base equilibra la dulzura y el picante de las notas anteriores, creando una experiencia olfativa armoniosa y memorable. Odyssey DXB Chocolat es perfecto para aquellos que disfrutan de las fragancias orientales gourmand con un toque sofisticado, por lo que es una excelente opci\u00f3n para la noche o para ocasiones especiales en las que desea dejar una impresi\u00f3n duradera de calidez y lujo. NOTAS DE PERFUME Notas de salida: Caf\u00e9, Pistacho, Knafeh, Avellana, Pralin\u00e9 Notas medias: Chocolate, Vainilla, Cardamomo Notas de Fondo: Madera de \u00e1mbar, caramelo, haba tonka<\/p>\n<h4>Pir\u00e1mide olfativa<\/h4>\n<ul>\n<li><strong>Notas de entrada:<\/strong> Caf\u00e9, Pistacho, Knafeh, Avellana, Pralin\u00e9<\/li>\n<li><strong>Notas de coraz\u00f3n:<\/strong> Chocolate, Vainilla, Cardamomo<\/li>\n<li><strong>Notas de salida:<\/strong> Amberwood, Caramelo, Haba Tonka<\/li>\n<\/ul>","protected":false},"excerpt":{"rendered":"<p>Armaf Odyssey DXB Chocolat es una lujosa fragancia unisex que le sumerge en el rico y decadente mundo de las delicias dulces \u00e1rabes. Lanzada en 2025, esta fragancia oriental de vainilla se abre con una cautivadora mezcla de caf\u00e9, pistacho, knafeh, avellana y pralin\u00e9, creando una introducci\u00f3n atractiva y golosa que deleita al instante los [&hellip;]<\/p>\n","protected":false},"featured_media":2995,"comment_status":"open","ping_status":"closed","template":"","meta":[],"product_brand":[535],"product_cat":[225],"product_tag":[120,257,182,60,77,216,79,587,344,159,63],"class_list":{"0":"post-2996","1":"product","2":"type-product","3":"status-publish","4":"has-post-thumbnail","6":"product_brand-armaf","7":"product_cat-perfumes-y-fragancias","8":"product_tag-amberwood","9":"product_tag-avellana","10":"product_tag-cafe","11":"product_tag-caramelo","12":"product_tag-cardamomo","13":"product_tag-chocolate","14":"product_tag-haba-tonka","15":"product_tag-knafeh","16":"product_tag-pistacho","17":"product_tag-praline","18":"product_tag-vainilla","20":"first","21":"instock","22":"taxable","23":"shipping-taxable","24":"product-type-simple"},"_links":{"self":[{"href":"https:\/\/novaluxeurope.com\/en\/wp-json\/wp\/v2\/product\/2996","targetHints":{"allow":["GET"]}}],"collection":[{"href":"https:\/\/novaluxeurope.com\/en\/wp-json\/wp\/v2\/product"}],"about":[{"href":"https:\/\/novaluxeurope.com\/en\/wp-json\/wp\/v2\/types\/product"}],"replies":[{"embeddable":true,"href":"https:\/\/novaluxeurope.com\/en\/wp-json\/wp\/v2\/comments?post=2996"}],"wp:featuredmedia":[{"embeddable":true,"href":"https:\/\/novaluxeurope.com\/en\/wp-json\/wp\/v2\/media\/2995"}],"wp:attachment":[{"href":"https:\/\/novaluxeurope.com\/en\/wp-json\/wp\/v2\/media?parent=2996"}],"wp:term":[{"taxonomy":"product_brand","embeddable":true,"href":"https:\/\/novaluxeurope.com\/en\/wp-json\/wp\/v2\/product_brand?post=2996"},{"taxonomy":"product_cat","embeddable":true,"href":"https:\/\/novaluxeurope.com\/en\/wp-json\/wp\/v2\/product_cat?post=2996"},{"taxonomy":"product_tag","embeddable":true,"href":"https:\/\/novaluxeurope.com\/en\/wp-json\/wp\/v2\/product_tag?post=2996"}],"curies":[{"name":"wp","href":"https:\/\/api.w.org\/{rel}","templated":true}]}}