{"id":2990,"date":"2026-04-10T23:57:47","date_gmt":"2026-04-10T23:57:47","guid":{"rendered":"https:\/\/novaluxeurope.com\/producto\/armaf-odyssey-aqua-edp-m-100-ml\/"},"modified":"2026-05-06T20:29:17","modified_gmt":"2026-05-06T20:29:17","slug":"armaf-odyssey-aqua-edp-m-100-ml","status":"publish","type":"product","link":"https:\/\/novaluxeurope.com\/en\/product\/armaf-odyssey-aqua-edp-m-100-ml\/","title":{"rendered":"Armaf Odyssey Aqua"},"content":{"rendered":"<p>Sum\u00e9rjase en el aroma fresco y energizante de Armaf Odyssey Aqua 100 ml , una exquisita Eau de Parfum para hombre lanzada en 2023 bajo la renombrada colecci\u00f3n Odyssey. Esta distinguida fragancia causa una impresi\u00f3n impactante con su vibrante apertura, que presenta notas de salida de artemisia , naranja y pomelo que despiertan los sentidos con una frescura viva y brillante. A medida que la fragancia se desarrolla, el coraz\u00f3n revela notas calmantes y revitalizantes de lavanda y menta , que capturan la esencia de la exploraci\u00f3n y el esp\u00edritu aventurero del hombre moderno. Cuando la fragancia se asienta, emerge una base s\u00f3lida y duradera, compuesta de pachul\u00ed , ambroxan y cipr\u00e9s , que aporta una profundidad masculina y terrosa y una calidez duradera. Presentado en un elegante frasco de 100 ml, Odyssey Aqua est\u00e1 dise\u00f1ado para el hombre que encarna la confianza y la sofisticaci\u00f3n. Se adapta perfectamente tanto al uso diario como a las ocasiones especiales, ofreciendo un aroma audaz y cautivador que deja una estela memorable. Con su distintiva y armoniosa mezcla de notas, Armaf Odyssey Aqua es m\u00e1s que una fragancia: es una experiencia sensorial que transmite elegancia, fuerza y encanto. Reg\u00e1lese esta excepcional Eau de Parfum y abrace un aroma que cuenta su historia con cada pulverizaci\u00f3n. NOTAS DE PERFUME Notas de salida: Artemisia, Naranja, Pomelo Notas medias: Lavanda, Menta Notas de Fondo: Pachul\u00ed, Ambroxan, Cipr\u00e9s<\/p>\n<h4>Pir\u00e1mide olfativa<\/h4>\n<ul>\n<li><strong>Notas de entrada:<\/strong> Pomelo, Naranja, Artemisia<\/li>\n<li><strong>Notas de coraz\u00f3n:<\/strong> Lavanda, Menta<\/li>\n<li><strong>Notas de salida:<\/strong> Cipr\u00e9s, Pachul\u00ed, Ambroxan<\/li>\n<\/ul>","protected":false},"excerpt":{"rendered":"<p>Sum\u00e9rjase en el aroma fresco y energizante de Armaf Odyssey Aqua 100 ml , una exquisita Eau de Parfum para hombre lanzada en 2023 bajo la renombrada colecci\u00f3n Odyssey. Esta distinguida fragancia causa una impresi\u00f3n impactante con su vibrante apertura, que presenta notas de salida de artemisia , naranja y pomelo que despiertan los sentidos [&hellip;]<\/p>\n","protected":false},"featured_media":2989,"comment_status":"open","ping_status":"closed","template":"","meta":[],"product_brand":[535],"product_cat":[225],"product_tag":[76,586,54,73,194,98,67,245],"class_list":{"0":"post-2990","1":"product","2":"type-product","3":"status-publish","4":"has-post-thumbnail","6":"product_brand-armaf","7":"product_cat-perfumes-y-fragancias","8":"product_tag-ambroxan","9":"product_tag-artemisia","10":"product_tag-cipres","11":"product_tag-lavanda","12":"product_tag-menta","13":"product_tag-naranja","14":"product_tag-pachuli","15":"product_tag-pomelo","17":"first","18":"instock","19":"taxable","20":"shipping-taxable","21":"product-type-simple"},"_links":{"self":[{"href":"https:\/\/novaluxeurope.com\/en\/wp-json\/wp\/v2\/product\/2990","targetHints":{"allow":["GET"]}}],"collection":[{"href":"https:\/\/novaluxeurope.com\/en\/wp-json\/wp\/v2\/product"}],"about":[{"href":"https:\/\/novaluxeurope.com\/en\/wp-json\/wp\/v2\/types\/product"}],"replies":[{"embeddable":true,"href":"https:\/\/novaluxeurope.com\/en\/wp-json\/wp\/v2\/comments?post=2990"}],"wp:featuredmedia":[{"embeddable":true,"href":"https:\/\/novaluxeurope.com\/en\/wp-json\/wp\/v2\/media\/2989"}],"wp:attachment":[{"href":"https:\/\/novaluxeurope.com\/en\/wp-json\/wp\/v2\/media?parent=2990"}],"wp:term":[{"taxonomy":"product_brand","embeddable":true,"href":"https:\/\/novaluxeurope.com\/en\/wp-json\/wp\/v2\/product_brand?post=2990"},{"taxonomy":"product_cat","embeddable":true,"href":"https:\/\/novaluxeurope.com\/en\/wp-json\/wp\/v2\/product_cat?post=2990"},{"taxonomy":"product_tag","embeddable":true,"href":"https:\/\/novaluxeurope.com\/en\/wp-json\/wp\/v2\/product_tag?post=2990"}],"curies":[{"name":"wp","href":"https:\/\/api.w.org\/{rel}","templated":true}]}}