{"id":2963,"date":"2026-04-10T23:57:39","date_gmt":"2026-04-10T23:57:39","guid":{"rendered":"https:\/\/novaluxeurope.com\/producto\/armaf-le-parfait-pour-femme-azure\/"},"modified":"2026-05-05T12:01:33","modified_gmt":"2026-05-05T12:01:33","slug":"armaf-le-parfait-pour-femme-azure","status":"publish","type":"product","link":"https:\/\/novaluxeurope.com\/en\/product\/armaf-le-parfait-pour-femme-azure\/","title":{"rendered":"Armaf Le Parfait Pour Femme Azure"},"content":{"rendered":"<p>La combinaci\u00f3n de suavidad y fuerza que se esconde dentro de cada mujer se ha materializado en el mundo de las fragancias. El eau de parfum Armaf Le Parfait Pour Femme Azure revelar\u00e1 poco a poco todas las caras de tu personalidad y resaltar\u00e1 a la perfecci\u00f3n tu extraordinario atractivo.<\/p>\n<ul>\n<li>fragancia c\u00edtrica<\/li>\n<li>fragancia floral<\/li>\n<li>para mujeres valientes que no tienen miedo a seguir su propio camino<\/li>\n<li>fragancia adecuada para uso diario<\/li>\n<\/ul>\n<h4>Pir\u00e1mide olfativa<\/h4>\n<ul>\n<li><strong>Notas de entrada:<\/strong> bergamota, cardamomo, melocot\u00f3n, rosa<\/li>\n<li><strong>Notas de coraz\u00f3n:<\/strong> osmanthus, jazm\u00edn, ciruela, manzana, tuberosa<\/li>\n<li><strong>Notas de salida:<\/strong> madera de s\u00e1ndalo, vainilla, tabaco<\/li>\n<\/ul>","protected":false},"excerpt":{"rendered":"<p>La combinaci\u00f3n de suavidad y fuerza que se esconde dentro de cada mujer se ha materializado en el mundo de las fragancias. El eau de parfum Armaf Le Parfait Pour Femme Azure revelar\u00e1 poco a poco todas las caras de tu personalidad y resaltar\u00e1 a la perfecci\u00f3n tu extraordinario atractivo. fragancia c\u00edtrica fragancia floral para [&hellip;]<\/p>\n","protected":false},"featured_media":2962,"comment_status":"open","ping_status":"closed","template":"","meta":[],"product_brand":[535],"product_cat":[225],"product_tag":[102,77,198,56,47,88,186,392,49,163,203,63],"class_list":{"0":"post-2963","1":"product","2":"type-product","3":"status-publish","4":"has-post-thumbnail","6":"product_brand-armaf","7":"product_cat-perfumes-y-fragancias","8":"product_tag-bergamota","9":"product_tag-cardamomo","10":"product_tag-ciruela","11":"product_tag-jazmin","12":"product_tag-madera-de-sandalo","13":"product_tag-manzana","14":"product_tag-melocoton","15":"product_tag-osmanthus","16":"product_tag-rosa","17":"product_tag-tabaco","18":"product_tag-tuberosa","19":"product_tag-vainilla","21":"first","22":"instock","23":"taxable","24":"shipping-taxable","25":"product-type-simple"},"_links":{"self":[{"href":"https:\/\/novaluxeurope.com\/en\/wp-json\/wp\/v2\/product\/2963","targetHints":{"allow":["GET"]}}],"collection":[{"href":"https:\/\/novaluxeurope.com\/en\/wp-json\/wp\/v2\/product"}],"about":[{"href":"https:\/\/novaluxeurope.com\/en\/wp-json\/wp\/v2\/types\/product"}],"replies":[{"embeddable":true,"href":"https:\/\/novaluxeurope.com\/en\/wp-json\/wp\/v2\/comments?post=2963"}],"wp:featuredmedia":[{"embeddable":true,"href":"https:\/\/novaluxeurope.com\/en\/wp-json\/wp\/v2\/media\/2962"}],"wp:attachment":[{"href":"https:\/\/novaluxeurope.com\/en\/wp-json\/wp\/v2\/media?parent=2963"}],"wp:term":[{"taxonomy":"product_brand","embeddable":true,"href":"https:\/\/novaluxeurope.com\/en\/wp-json\/wp\/v2\/product_brand?post=2963"},{"taxonomy":"product_cat","embeddable":true,"href":"https:\/\/novaluxeurope.com\/en\/wp-json\/wp\/v2\/product_cat?post=2963"},{"taxonomy":"product_tag","embeddable":true,"href":"https:\/\/novaluxeurope.com\/en\/wp-json\/wp\/v2\/product_tag?post=2963"}],"curies":[{"name":"wp","href":"https:\/\/api.w.org\/{rel}","templated":true}]}}