{"id":2959,"date":"2026-04-10T23:52:23","date_gmt":"2026-04-10T23:52:23","guid":{"rendered":"https:\/\/novaluxeurope.com\/producto\/armaf-island-bliss\/"},"modified":"2026-05-06T20:29:17","modified_gmt":"2026-05-06T20:29:17","slug":"armaf-island-bliss","status":"publish","type":"product","link":"https:\/\/novaluxeurope.com\/en\/product\/armaf-island-bliss\/","title":{"rendered":"Armaf Island Bliss"},"content":{"rendered":"<p>Reg\u00e1lales a tus sentidos una experiencia gourmand. El eau de parfum para mujer Armaf Island Bliss esconde en su interior unas deliciosas notas que te resultar\u00e1n irresistibles. Especialmente si te encantan los manjares dulces. <\/p>\n<ul>\n<li>fragancia gourmand<\/li>\n<li>fragancia dulce<\/li>\n<li>una elecci\u00f3n ideal para mujeres de mente abierta<\/li>\n<li>fragancia adecuada para uso diario<\/li>\n<\/ul>\n<h4>Pir\u00e1mide olfativa<\/h4>\n<ul>\n<li><strong>Notas de entrada:<\/strong> frutas del bosque, notas verdes<\/li>\n<li><strong>Notas de coraz\u00f3n:<\/strong> coco, notas lechosas, flor de naranjo, nen\u00fafar<\/li>\n<li><strong>Notas de salida:<\/strong> vainilla, haba tonka, almizcle<\/li>\n<\/ul>","protected":false},"excerpt":{"rendered":"<p>Reg\u00e1lales a tus sentidos una experiencia gourmand. El eau de parfum para mujer Armaf Island Bliss esconde en su interior unas deliciosas notas que te resultar\u00e1n irresistibles. Especialmente si te encantan los manjares dulces. fragancia gourmand fragancia dulce una elecci\u00f3n ideal para mujeres de mente abierta fragancia adecuada para uso diario Pir\u00e1mide olfativa Notas de [&hellip;]<\/p>\n","protected":false},"featured_media":2958,"comment_status":"open","ping_status":"closed","template":"","meta":[],"product_brand":[535],"product_cat":[225],"product_tag":[59,144,84,332,79,136,222,581,63],"class_list":{"0":"post-2959","1":"product","2":"type-product","3":"status-publish","4":"has-post-thumbnail","6":"product_brand-armaf","7":"product_cat-perfumes-y-fragancias","8":"product_tag-almizcle","9":"product_tag-coco","10":"product_tag-flor-de-naranjo","11":"product_tag-frutas-del-bosque","12":"product_tag-haba-tonka","13":"product_tag-nenufar","14":"product_tag-notas-lechosas","15":"product_tag-notas-verdes","16":"product_tag-vainilla","18":"first","19":"instock","20":"taxable","21":"shipping-taxable","22":"product-type-simple"},"_links":{"self":[{"href":"https:\/\/novaluxeurope.com\/en\/wp-json\/wp\/v2\/product\/2959","targetHints":{"allow":["GET"]}}],"collection":[{"href":"https:\/\/novaluxeurope.com\/en\/wp-json\/wp\/v2\/product"}],"about":[{"href":"https:\/\/novaluxeurope.com\/en\/wp-json\/wp\/v2\/types\/product"}],"replies":[{"embeddable":true,"href":"https:\/\/novaluxeurope.com\/en\/wp-json\/wp\/v2\/comments?post=2959"}],"wp:featuredmedia":[{"embeddable":true,"href":"https:\/\/novaluxeurope.com\/en\/wp-json\/wp\/v2\/media\/2958"}],"wp:attachment":[{"href":"https:\/\/novaluxeurope.com\/en\/wp-json\/wp\/v2\/media?parent=2959"}],"wp:term":[{"taxonomy":"product_brand","embeddable":true,"href":"https:\/\/novaluxeurope.com\/en\/wp-json\/wp\/v2\/product_brand?post=2959"},{"taxonomy":"product_cat","embeddable":true,"href":"https:\/\/novaluxeurope.com\/en\/wp-json\/wp\/v2\/product_cat?post=2959"},{"taxonomy":"product_tag","embeddable":true,"href":"https:\/\/novaluxeurope.com\/en\/wp-json\/wp\/v2\/product_tag?post=2959"}],"curies":[{"name":"wp","href":"https:\/\/api.w.org\/{rel}","templated":true}]}}