{"id":2952,"date":"2026-04-10T23:52:20","date_gmt":"2026-04-10T23:52:20","guid":{"rendered":"https:\/\/novaluxeurope.com\/producto\/armaf-infinity-gold-edp-w-105-ml\/"},"modified":"2026-04-24T13:13:52","modified_gmt":"2026-04-24T13:13:52","slug":"armaf-infinity-gold-edp-w-105-ml","status":"publish","type":"product","link":"https:\/\/novaluxeurope.com\/en\/product\/armaf-infinity-gold-edp-w-105-ml\/","title":{"rendered":"Armaf Infinity Gold"},"content":{"rendered":"<p>Armaf Infinity Gold es un elegante perfume floral, amaderado y almizclado creado para la mujer contempor\u00e1nea que encarna la confianza y la sofisticaci\u00f3n. Esta lujosa fragancia se ha creado para dejar una estela memorable, perfecta tanto si acude a un refinado evento nocturno como si busca una fragancia de autor para el d\u00eda a d\u00eda. Comienza con una atractiva combinaci\u00f3n de lavanda, rosa y pera, que ofrece una apertura fresca y radiante. A medida que la fragancia evoluciona, revela un coraz\u00f3n enriquecido con la belleza ex\u00f3tica del ylang-ylang y el jazm\u00edn, que aportan riqueza floral y elegancia. La composici\u00f3n termina con unas sensuales notas de fondo de vainilla, almizcle y musgo, que crean una calidez duradera que envuelve suavemente la piel. Envuelto en un frasco de elegante dise\u00f1o, Armaf Infinity Gold refleja visualmente la sofisticaci\u00f3n y riqueza de la propia fragancia. El elegante frasco no s\u00f3lo lo convierte en una lujosa experiencia sensorial, sino tambi\u00e9n en un impresionante complemento para la colecci\u00f3n de cualquier amante de las fragancias. Vers\u00e1til y refinada, esta fragancia es ideal tanto para los momentos cotidianos como para las grandes ocasiones de la vida, ya que captura la esencia de la feminidad con gracia y encanto. NOTAS DE PERFUME Notas de salida: Lavanda, Rosa, Pera Notas medias: Ylang-Ylang, Jazm\u00edn Notas de Fondo: Vainilla, Almizcle, Musgo<\/p>\n<h4>Pir\u00e1mide olfativa<\/h4>\n<ul>\n<li><strong>Notas de entrada:<\/strong> Lavanda, Rosa, Pera<\/li>\n<li><strong>Notas de coraz\u00f3n:<\/strong> Ylang-Ylang, Jazm\u00edn<\/li>\n<li><strong>Notas de salida:<\/strong> Vainilla, Almizcle, Musgo<\/li>\n<\/ul>","protected":false},"excerpt":{"rendered":"<p>Armaf Infinity Gold es un elegante perfume floral, amaderado y almizclado creado para la mujer contempor\u00e1nea que encarna la confianza y la sofisticaci\u00f3n. Esta lujosa fragancia se ha creado para dejar una estela memorable, perfecta tanto si acude a un refinado evento nocturno como si busca una fragancia de autor para el d\u00eda a d\u00eda. [&hellip;]<\/p>\n","protected":false},"featured_media":2951,"comment_status":"open","ping_status":"closed","template":"","meta":[],"product_brand":[535],"product_cat":[225],"product_tag":[59,56,73,161,112,49,63,149],"class_list":{"0":"post-2952","1":"product","2":"type-product","3":"status-publish","4":"has-post-thumbnail","6":"product_brand-armaf","7":"product_cat-perfumes-y-fragancias","8":"product_tag-almizcle","9":"product_tag-jazmin","10":"product_tag-lavanda","11":"product_tag-musgo","12":"product_tag-pera","13":"product_tag-rosa","14":"product_tag-vainilla","15":"product_tag-ylang-ylang","17":"first","18":"outofstock","19":"taxable","20":"shipping-taxable","21":"product-type-simple"},"_links":{"self":[{"href":"https:\/\/novaluxeurope.com\/en\/wp-json\/wp\/v2\/product\/2952","targetHints":{"allow":["GET"]}}],"collection":[{"href":"https:\/\/novaluxeurope.com\/en\/wp-json\/wp\/v2\/product"}],"about":[{"href":"https:\/\/novaluxeurope.com\/en\/wp-json\/wp\/v2\/types\/product"}],"replies":[{"embeddable":true,"href":"https:\/\/novaluxeurope.com\/en\/wp-json\/wp\/v2\/comments?post=2952"}],"wp:featuredmedia":[{"embeddable":true,"href":"https:\/\/novaluxeurope.com\/en\/wp-json\/wp\/v2\/media\/2951"}],"wp:attachment":[{"href":"https:\/\/novaluxeurope.com\/en\/wp-json\/wp\/v2\/media?parent=2952"}],"wp:term":[{"taxonomy":"product_brand","embeddable":true,"href":"https:\/\/novaluxeurope.com\/en\/wp-json\/wp\/v2\/product_brand?post=2952"},{"taxonomy":"product_cat","embeddable":true,"href":"https:\/\/novaluxeurope.com\/en\/wp-json\/wp\/v2\/product_cat?post=2952"},{"taxonomy":"product_tag","embeddable":true,"href":"https:\/\/novaluxeurope.com\/en\/wp-json\/wp\/v2\/product_tag?post=2952"}],"curies":[{"name":"wp","href":"https:\/\/api.w.org\/{rel}","templated":true}]}}