{"id":2945,"date":"2026-04-10T23:52:17","date_gmt":"2026-04-10T23:52:17","guid":{"rendered":"https:\/\/novaluxeurope.com\/producto\/armaf-eter-perfume-oasis-edp-u-100-ml\/"},"modified":"2026-04-24T13:13:52","modified_gmt":"2026-04-24T13:13:52","slug":"armaf-eter-perfume-oasis-edp-u-100-ml","status":"publish","type":"product","link":"https:\/\/novaluxeurope.com\/en\/product\/armaf-eter-perfume-oasis-edp-u-100-ml\/","title":{"rendered":"Armaf \u00c9ter Perfume Oasis"},"content":{"rendered":"<p>Descubra la elegancia de Armaf \u00c9ter Perfume Oasis EDP Spray, una lujosa fragancia unisex de 100 ml creada tanto para hombres como para mujeres. Lanzada en 2024, esta refinada fragancia forma parte de la colecci\u00f3n premium de Armaf, creada para encantar y dejar una impresi\u00f3n duradera. El perfume Oasis pertenece a la familia olfativa Floral Frutal y ofrece un viaje sensorial vibrante y estimulante. Se abre con una refrescante explosi\u00f3n de pi\u00f1a, bergamota, melocot\u00f3n, pera y ciruela, ofreciendo una introducci\u00f3n dulce y jugosa que cautiva al instante. En su coraz\u00f3n, una elegante composici\u00f3n de Madera de Cachemira, Hojas de Violeta, Jazm\u00edn y Fresia a\u00f1ade una suave sofisticaci\u00f3n floral, que refleja pura feminidad y encanto. La fragancia termina con una mezcla suave y sensual de s\u00e1ndalo, madera de agar, vainilla, \u00e1mbar y almizcle, que deja una estela c\u00e1lida y cremosa que perdura maravillosamente en la piel. Perfecto para ocasiones especiales o para realzar su elegancia cotidiana, el Perfume Oasis de Armaf le asegura destacar con su car\u00e1cter inolvidable y \u00fanico. D\u00e9jese seducir por Armaf Perfume Oasis EDP, disponible en un impresionante frasco de 100 ml. NOTAS DE PERFUME Notas de salida : Pi\u00f1a, Bergamota, Melocot\u00f3n, Pera, Ciruela Notas medias : Madera de Cachemira, Hojas de Violeta, Jazm\u00edn, Fresia Notas de Fondo : S\u00e1ndalo, madera de agar, vainilla, \u00e1mbar, almizcle<\/p>\n<h4>Pir\u00e1mide olfativa<\/h4>\n<ul>\n<li><strong>Notas de entrada:<\/strong> Pi\u00f1a, Bergamota, Melocot\u00f3n, Pera, Ciruela<\/li>\n<li><strong>Notas de coraz\u00f3n:<\/strong> Madera de cachemira, Hojas de violeta, Jazm\u00edn, Fresia<\/li>\n<li><strong>Notas de salida:<\/strong> S\u00e1ndalo, Madera de agar, Vainilla, \u00c1mbar, Almizcle<\/li>\n<\/ul>","protected":false},"excerpt":{"rendered":"<p>Descubra la elegancia de Armaf \u00c9ter Perfume Oasis EDP Spray, una lujosa fragancia unisex de 100 ml creada tanto para hombres como para mujeres. Lanzada en 2024, esta refinada fragancia forma parte de la colecci\u00f3n premium de Armaf, creada para encantar y dejar una impresi\u00f3n duradera. El perfume Oasis pertenece a la familia olfativa Floral [&hellip;]<\/p>\n","protected":false},"featured_media":2944,"comment_status":"open","ping_status":"closed","template":"","meta":[],"product_brand":[535],"product_cat":[225],"product_tag":[59,52,102,198,364,475,56,68,411,186,112,101,174,63],"class_list":{"0":"post-2945","1":"product","2":"type-product","3":"status-publish","4":"has-post-thumbnail","6":"product_brand-armaf","7":"product_cat-perfumes-y-fragancias","8":"product_tag-almizcle","9":"product_tag-ambar","10":"product_tag-bergamota","11":"product_tag-ciruela","12":"product_tag-fresia","13":"product_tag-hojas-de-violeta","14":"product_tag-jazmin","15":"product_tag-madera-de-agar","16":"product_tag-madera-de-cachemira","17":"product_tag-melocoton","18":"product_tag-pera","19":"product_tag-pina","20":"product_tag-sandalo","21":"product_tag-vainilla","23":"first","24":"outofstock","25":"taxable","26":"shipping-taxable","27":"product-type-simple"},"_links":{"self":[{"href":"https:\/\/novaluxeurope.com\/en\/wp-json\/wp\/v2\/product\/2945","targetHints":{"allow":["GET"]}}],"collection":[{"href":"https:\/\/novaluxeurope.com\/en\/wp-json\/wp\/v2\/product"}],"about":[{"href":"https:\/\/novaluxeurope.com\/en\/wp-json\/wp\/v2\/types\/product"}],"replies":[{"embeddable":true,"href":"https:\/\/novaluxeurope.com\/en\/wp-json\/wp\/v2\/comments?post=2945"}],"wp:featuredmedia":[{"embeddable":true,"href":"https:\/\/novaluxeurope.com\/en\/wp-json\/wp\/v2\/media\/2944"}],"wp:attachment":[{"href":"https:\/\/novaluxeurope.com\/en\/wp-json\/wp\/v2\/media?parent=2945"}],"wp:term":[{"taxonomy":"product_brand","embeddable":true,"href":"https:\/\/novaluxeurope.com\/en\/wp-json\/wp\/v2\/product_brand?post=2945"},{"taxonomy":"product_cat","embeddable":true,"href":"https:\/\/novaluxeurope.com\/en\/wp-json\/wp\/v2\/product_cat?post=2945"},{"taxonomy":"product_tag","embeddable":true,"href":"https:\/\/novaluxeurope.com\/en\/wp-json\/wp\/v2\/product_tag?post=2945"}],"curies":[{"name":"wp","href":"https:\/\/api.w.org\/{rel}","templated":true}]}}