{"id":2938,"date":"2026-04-10T23:52:14","date_gmt":"2026-04-10T23:52:14","guid":{"rendered":"https:\/\/novaluxeurope.com\/producto\/armaf-eter-magical-oud-edp-u-100-ml\/"},"modified":"2026-04-24T13:31:55","modified_gmt":"2026-04-24T13:31:55","slug":"armaf-eter-magical-oud-edp-u-100-ml","status":"publish","type":"product","link":"https:\/\/novaluxeurope.com\/en\/product\/armaf-eter-magical-oud-edp-u-100-ml\/","title":{"rendered":"Armaf \u00c9ter Magical Oud"},"content":{"rendered":"<p>Descubra el cautivador encanto de \u00c9ter Magical Oud de Armaf, un lanzamiento de 2024 creado tanto para hombres como para mujeres. Perteneciente a la familia olfativa Ambarina Amaderada, esta lujosa fragancia ofrece una experiencia olfativa distintiva y refinada para aquellos que aprecian la elegancia y la individualidad. La fragancia se abre con una animada mezcla de pimienta rosa y azafr\u00e1n, que proporciona un comienzo picante y energizante. En el coraz\u00f3n, el lirio de los valles y la madera de cedro crean una armon\u00eda floral y amaderada que resulta elegante y atemporal. El fondo se basa en ricas notas terrosas de s\u00e1ndalo, madera de agar, vetiver y tabaco, que ofrecen un acabado profundamente c\u00e1lido que perdura maravillosamente. Creado por la prestigiosa casa Armaf, conocida por su excepcional arte en fragancias de Oriente Medio, Magical Oud combina la profundidad tradicional con la sofisticaci\u00f3n moderna. Se presenta en un eau de parfum de 100 ml y es una fragancia que encaja perfectamente en cualquier colecci\u00f3n de lujo. Ya sea como capricho personal o como regalo, Armaf Magical Oud encanta con su perfil olfativo intrincado y duradero. NOTAS DE PERFUME Notas de salida: Pimienta rosa, Azafr\u00e1n Notas medias: Lirio del Valle, Cedro Notas de Fondo: S\u00e1ndalo, madera de agar, vetiver, tabaco<\/p>\n<h4>Pir\u00e1mide olfativa<\/h4>\n<ul>\n<li><strong>Notas de entrada:<\/strong> Pimienta rosa, Azafr\u00e1n<\/li>\n<li><strong>Notas de coraz\u00f3n:<\/strong> Lirio del valle, Madera de cedro<\/li>\n<li><strong>Notas de salida:<\/strong> S\u00e1ndalo, Madera de agar, Vetiver, Tabaco<\/li>\n<\/ul>","protected":false},"excerpt":{"rendered":"<p>Descubra el cautivador encanto de \u00c9ter Magical Oud de Armaf, un lanzamiento de 2024 creado tanto para hombres como para mujeres. Perteneciente a la familia olfativa Ambarina Amaderada, esta lujosa fragancia ofrece una experiencia olfativa distintiva y refinada para aquellos que aprecian la elegancia y la individualidad. La fragancia se abre con una animada mezcla [&hellip;]<\/p>\n","protected":false},"featured_media":2937,"comment_status":"open","ping_status":"closed","template":"","meta":[],"product_brand":[535],"product_cat":[225],"product_tag":[87,388,68,46,141,174,163,50],"class_list":{"0":"post-2938","1":"product","2":"type-product","3":"status-publish","4":"has-post-thumbnail","6":"product_brand-armaf","7":"product_cat-perfumes-y-fragancias","8":"product_tag-azafran","9":"product_tag-lirio-del-valle","10":"product_tag-madera-de-agar","11":"product_tag-madera-de-cedro","12":"product_tag-pimienta-rosa","13":"product_tag-sandalo","14":"product_tag-tabaco","15":"product_tag-vetiver","17":"first","18":"instock","19":"taxable","20":"shipping-taxable","21":"product-type-simple"},"_links":{"self":[{"href":"https:\/\/novaluxeurope.com\/en\/wp-json\/wp\/v2\/product\/2938","targetHints":{"allow":["GET"]}}],"collection":[{"href":"https:\/\/novaluxeurope.com\/en\/wp-json\/wp\/v2\/product"}],"about":[{"href":"https:\/\/novaluxeurope.com\/en\/wp-json\/wp\/v2\/types\/product"}],"replies":[{"embeddable":true,"href":"https:\/\/novaluxeurope.com\/en\/wp-json\/wp\/v2\/comments?post=2938"}],"wp:featuredmedia":[{"embeddable":true,"href":"https:\/\/novaluxeurope.com\/en\/wp-json\/wp\/v2\/media\/2937"}],"wp:attachment":[{"href":"https:\/\/novaluxeurope.com\/en\/wp-json\/wp\/v2\/media?parent=2938"}],"wp:term":[{"taxonomy":"product_brand","embeddable":true,"href":"https:\/\/novaluxeurope.com\/en\/wp-json\/wp\/v2\/product_brand?post=2938"},{"taxonomy":"product_cat","embeddable":true,"href":"https:\/\/novaluxeurope.com\/en\/wp-json\/wp\/v2\/product_cat?post=2938"},{"taxonomy":"product_tag","embeddable":true,"href":"https:\/\/novaluxeurope.com\/en\/wp-json\/wp\/v2\/product_tag?post=2938"}],"curies":[{"name":"wp","href":"https:\/\/api.w.org\/{rel}","templated":true}]}}