{"id":2931,"date":"2026-04-10T23:52:13","date_gmt":"2026-04-10T23:52:13","guid":{"rendered":"https:\/\/novaluxeurope.com\/producto\/armaf-eter-desert-star-edp-u-100-ml\/"},"modified":"2026-04-24T13:13:52","modified_gmt":"2026-04-24T13:13:52","slug":"armaf-eter-desert-star-edp-u-100-ml","status":"publish","type":"product","link":"https:\/\/novaluxeurope.com\/en\/product\/armaf-eter-desert-star-edp-u-100-ml\/","title":{"rendered":"Armaf \u00c9ter Desert Star"},"content":{"rendered":"<p>Presentamos Armaf \u00c9ter Desert Star EDP, una lujosa fragancia unisex introducida en 2024. Esta cautivadora fragancia est\u00e1 dise\u00f1ada para encantar y deleitar, por lo que es una adici\u00f3n perfecta a cualquier colecci\u00f3n de perfumes. El frasco de 100 ml tiene un dise\u00f1o elegante que refleja la sofisticaci\u00f3n y el encanto que caracterizan a Armaf. Desert Star se abre con un estallido fresco y picante de Bergamota, que ofrece un comienzo vivo y vigorizante. A medida que se despliega, emergen las notas de coraz\u00f3n de madera de cachemira, pimienta rosa y vetiver, que a\u00f1aden una profundidad c\u00e1lida y especiada que realza la complejidad de la fragancia. Las notas de fondo de Almizcle Blanco, Madera de Cedro y \u00c1mbar proporcionan un acabado duradero y amaderado, dejando una impresi\u00f3n rica y envolvente. Perteneciente a la familia olfativa Amaderada Ambarina, Desert Star es una fragancia vers\u00e1til que pasa f\u00e1cilmente del d\u00eda a la noche, por lo que es adecuada para todo tipo de ocasiones. Armaf destaca una vez m\u00e1s en la creaci\u00f3n de una experiencia arom\u00e1tica armoniosa e inolvidable con esta mezcla de ingredientes de alta calidad. NOTAS DE PERFUME Notas altas : Bergamota Notas medias : Madera de Cachemira, Pimienta Rosa, Vetiver Notas de Fondo : Almizcle blanco, Cedro, \u00c1mbar<\/p>\n<h4>Pir\u00e1mide olfativa<\/h4>\n<ul>\n<li><strong>Notas de entrada:<\/strong> Bergamota<\/li>\n<li><strong>Notas de coraz\u00f3n:<\/strong> Madera de cachemira, Pimienta rosa, Vetiver<\/li>\n<li><strong>Notas de salida:<\/strong> Almizcle blanco, Madera de cedro, \u00c1mbar<\/li>\n<\/ul>","protected":false},"excerpt":{"rendered":"<p>Presentamos Armaf \u00c9ter Desert Star EDP, una lujosa fragancia unisex introducida en 2024. Esta cautivadora fragancia est\u00e1 dise\u00f1ada para encantar y deleitar, por lo que es una adici\u00f3n perfecta a cualquier colecci\u00f3n de perfumes. El frasco de 100 ml tiene un dise\u00f1o elegante que refleja la sofisticaci\u00f3n y el encanto que caracterizan a Armaf. Desert [&hellip;]<\/p>\n","protected":false},"featured_media":2930,"comment_status":"open","ping_status":"closed","template":"","meta":[],"product_brand":[535],"product_cat":[225],"product_tag":[169,52,102,411,46,141,50],"class_list":{"0":"post-2931","1":"product","2":"type-product","3":"status-publish","4":"has-post-thumbnail","6":"product_brand-armaf","7":"product_cat-perfumes-y-fragancias","8":"product_tag-almizcle-blanco","9":"product_tag-ambar","10":"product_tag-bergamota","11":"product_tag-madera-de-cachemira","12":"product_tag-madera-de-cedro","13":"product_tag-pimienta-rosa","14":"product_tag-vetiver","16":"first","17":"outofstock","18":"taxable","19":"shipping-taxable","20":"product-type-simple"},"_links":{"self":[{"href":"https:\/\/novaluxeurope.com\/en\/wp-json\/wp\/v2\/product\/2931","targetHints":{"allow":["GET"]}}],"collection":[{"href":"https:\/\/novaluxeurope.com\/en\/wp-json\/wp\/v2\/product"}],"about":[{"href":"https:\/\/novaluxeurope.com\/en\/wp-json\/wp\/v2\/types\/product"}],"replies":[{"embeddable":true,"href":"https:\/\/novaluxeurope.com\/en\/wp-json\/wp\/v2\/comments?post=2931"}],"wp:featuredmedia":[{"embeddable":true,"href":"https:\/\/novaluxeurope.com\/en\/wp-json\/wp\/v2\/media\/2930"}],"wp:attachment":[{"href":"https:\/\/novaluxeurope.com\/en\/wp-json\/wp\/v2\/media?parent=2931"}],"wp:term":[{"taxonomy":"product_brand","embeddable":true,"href":"https:\/\/novaluxeurope.com\/en\/wp-json\/wp\/v2\/product_brand?post=2931"},{"taxonomy":"product_cat","embeddable":true,"href":"https:\/\/novaluxeurope.com\/en\/wp-json\/wp\/v2\/product_cat?post=2931"},{"taxonomy":"product_tag","embeddable":true,"href":"https:\/\/novaluxeurope.com\/en\/wp-json\/wp\/v2\/product_tag?post=2931"}],"curies":[{"name":"wp","href":"https:\/\/api.w.org\/{rel}","templated":true}]}}