{"id":2924,"date":"2026-04-10T23:52:11","date_gmt":"2026-04-10T23:52:11","guid":{"rendered":"https:\/\/novaluxeurope.com\/producto\/armaf-eter-desert-rose-edp-u-100-ml\/"},"modified":"2026-04-24T13:13:52","modified_gmt":"2026-04-24T13:13:52","slug":"armaf-eter-desert-rose-edp-u-100-ml","status":"publish","type":"product","link":"https:\/\/novaluxeurope.com\/en\/product\/armaf-eter-desert-rose-edp-u-100-ml\/","title":{"rendered":"Armaf \u00c9ter Desert Rose"},"content":{"rendered":"<p>Armaf \u00c9ter Desert Rose EDP es una fragancia unisex cautivadora creada para cautivar e inspirar. Esta extraordinaria fragancia combina una exquisita variedad de notas que ofrecen un viaje sensorial inolvidable. Las notas de salida de rosa turca, fruta de la pasi\u00f3n y azafr\u00e1n proporcionan un estallido de sofisticaci\u00f3n floral y afrutada. A medida que la fragancia evoluciona, las notas de coraz\u00f3n de pachul\u00ed aportan una profundidad terrosa y rica, creando un equilibrio perfecto. Las notas de fondo de l\u00e1dano, vainilla, cuero y \u00e1mbar proporcionan un acabado c\u00e1lido y sensual que perdura maravillosamente en la piel. Perteneciente a la familia olfativa Ambarina Floral, Desert Rose ha sido dise\u00f1ada por la prestigiosa casa Armaf. Esta lujosa eau de parfum se presenta en un generoso frasco de 100 ml que garantiza una larga duraci\u00f3n en cualquier ocasi\u00f3n. Con su refinada mezcla de notas, es la elecci\u00f3n ideal para las mujeres que desean una fragancia elegante y cautivadora. Armaf \u00c9ter Desert Rose EDP, con su exclusivo c\u00f3digo de barras 6294015176117, es un complemento esencial para cualquier colecci\u00f3n de fragancias. NOTAS DE PERFUME Notas de salida : Rosa turca, Maracuy\u00e1, Azafr\u00e1n Notas medias : Pachul\u00ed Notas de Fondo : Labdanum, Vainilla, Cuero, \u00c1mbar<\/p>\n<h4>Pir\u00e1mide olfativa<\/h4>\n<ul>\n<li><strong>Notas de entrada:<\/strong> Rosa turca, Fruta de la pasi\u00f3n, Azafr\u00e1n<\/li>\n<li><strong>Notas de coraz\u00f3n:<\/strong> Pachul\u00ed<\/li>\n<li><strong>Notas de salida:<\/strong> Labdanum, Vainilla, Piel, \u00c1mbar<\/li>\n<\/ul>","protected":false},"excerpt":{"rendered":"<p>Armaf \u00c9ter Desert Rose EDP es una fragancia unisex cautivadora creada para cautivar e inspirar. Esta extraordinaria fragancia combina una exquisita variedad de notas que ofrecen un viaje sensorial inolvidable. Las notas de salida de rosa turca, fruta de la pasi\u00f3n y azafr\u00e1n proporcionan un estallido de sofisticaci\u00f3n floral y afrutada. A medida que la [&hellip;]<\/p>\n","protected":false},"featured_media":2923,"comment_status":"open","ping_status":"closed","template":"","meta":[],"product_brand":[535],"product_cat":[225],"product_tag":[52,87,532,379,67,137,434,63],"class_list":{"0":"post-2924","1":"product","2":"type-product","3":"status-publish","4":"has-post-thumbnail","6":"product_brand-armaf","7":"product_cat-perfumes-y-fragancias","8":"product_tag-ambar","9":"product_tag-azafran","10":"product_tag-fruta-de-la-pasion","11":"product_tag-labdanum","12":"product_tag-pachuli","13":"product_tag-piel","14":"product_tag-rosa-turca","15":"product_tag-vainilla","17":"first","18":"outofstock","19":"taxable","20":"shipping-taxable","21":"product-type-simple"},"_links":{"self":[{"href":"https:\/\/novaluxeurope.com\/en\/wp-json\/wp\/v2\/product\/2924","targetHints":{"allow":["GET"]}}],"collection":[{"href":"https:\/\/novaluxeurope.com\/en\/wp-json\/wp\/v2\/product"}],"about":[{"href":"https:\/\/novaluxeurope.com\/en\/wp-json\/wp\/v2\/types\/product"}],"replies":[{"embeddable":true,"href":"https:\/\/novaluxeurope.com\/en\/wp-json\/wp\/v2\/comments?post=2924"}],"wp:featuredmedia":[{"embeddable":true,"href":"https:\/\/novaluxeurope.com\/en\/wp-json\/wp\/v2\/media\/2923"}],"wp:attachment":[{"href":"https:\/\/novaluxeurope.com\/en\/wp-json\/wp\/v2\/media?parent=2924"}],"wp:term":[{"taxonomy":"product_brand","embeddable":true,"href":"https:\/\/novaluxeurope.com\/en\/wp-json\/wp\/v2\/product_brand?post=2924"},{"taxonomy":"product_cat","embeddable":true,"href":"https:\/\/novaluxeurope.com\/en\/wp-json\/wp\/v2\/product_cat?post=2924"},{"taxonomy":"product_tag","embeddable":true,"href":"https:\/\/novaluxeurope.com\/en\/wp-json\/wp\/v2\/product_tag?post=2924"}],"curies":[{"name":"wp","href":"https:\/\/api.w.org\/{rel}","templated":true}]}}