{"id":2917,"date":"2026-04-10T23:52:10","date_gmt":"2026-04-10T23:52:10","guid":{"rendered":"https:\/\/novaluxeurope.com\/producto\/armaf-eter-desert-flower-edp-u-100-ml\/"},"modified":"2026-04-24T13:31:55","modified_gmt":"2026-04-24T13:31:55","slug":"armaf-eter-desert-flower-edp-u-100-ml","status":"publish","type":"product","link":"https:\/\/novaluxeurope.com\/en\/product\/armaf-eter-desert-flower-edp-u-100-ml\/","title":{"rendered":"Armaf \u00c9ter Desert Flower"},"content":{"rendered":"<p>Descubra la refinada belleza de Armaf Desert Flower Eau de Parfum, una elegante fragancia unisex creada tanto para mujeres como para hombres. Presentada en 2024, esta fragancia pertenece a la familia olfativa Almizcle Floral Amaderado y ofrece una composici\u00f3n elegante que habla de encanto y confianza atemporales. La fragancia se abre con el radiante encanto del jazm\u00edn, que establece un tono delicado pero cautivador. En su coraz\u00f3n, una rica mezcla de cuero, notas dulces y m\u00e1s jazm\u00edn a\u00f1ade profundidad e intriga a la composici\u00f3n. La fragancia concluye con una base suave y seductora de pachul\u00ed y almizcle, que ofrece una estela suave y persistente, sensual y memorable. Elaborado en los Emiratos \u00c1rabes Unidos por la prestigiosa casa Armaf, Desert Flower se presenta en un frasco de 100 ml, ideal para a\u00f1adir un toque de sofisticaci\u00f3n a cualquier d\u00eda o noche. Desert Flower es el compa\u00f1ero perfecto para la mujer moderna que encarna la elegancia y la fuerza en cada paso, tanto si se lleva de forma informal como en ocasiones especiales. NOTAS DE PERFUME Notas altas: Jazm\u00edn Notas medias: Cuero, Notas Dulces, Jazm\u00edn Notas de Fondo: Pachul\u00ed, Almizcle<\/p>\n<h4>Pir\u00e1mide olfativa<\/h4>\n<ul>\n<li><strong>Notas de entrada:<\/strong> Jazm\u00edn<\/li>\n<li><strong>Notas de coraz\u00f3n:<\/strong> Piel, Notas dulces, Jazm\u00edn<\/li>\n<li><strong>Notas de salida:<\/strong> Pachul\u00ed, Almizcle<\/li>\n<\/ul>","protected":false},"excerpt":{"rendered":"<p>Descubra la refinada belleza de Armaf Desert Flower Eau de Parfum, una elegante fragancia unisex creada tanto para mujeres como para hombres. Presentada en 2024, esta fragancia pertenece a la familia olfativa Almizcle Floral Amaderado y ofrece una composici\u00f3n elegante que habla de encanto y confianza atemporales. La fragancia se abre con el radiante encanto [&hellip;]<\/p>\n","protected":false},"featured_media":2916,"comment_status":"open","ping_status":"closed","template":"","meta":[],"product_brand":[535],"product_cat":[225],"product_tag":[59,56,239,67,137],"class_list":{"0":"post-2917","1":"product","2":"type-product","3":"status-publish","4":"has-post-thumbnail","6":"product_brand-armaf","7":"product_cat-perfumes-y-fragancias","8":"product_tag-almizcle","9":"product_tag-jazmin","10":"product_tag-notas-dulces","11":"product_tag-pachuli","12":"product_tag-piel","14":"first","15":"instock","16":"taxable","17":"shipping-taxable","18":"product-type-simple"},"_links":{"self":[{"href":"https:\/\/novaluxeurope.com\/en\/wp-json\/wp\/v2\/product\/2917","targetHints":{"allow":["GET"]}}],"collection":[{"href":"https:\/\/novaluxeurope.com\/en\/wp-json\/wp\/v2\/product"}],"about":[{"href":"https:\/\/novaluxeurope.com\/en\/wp-json\/wp\/v2\/types\/product"}],"replies":[{"embeddable":true,"href":"https:\/\/novaluxeurope.com\/en\/wp-json\/wp\/v2\/comments?post=2917"}],"wp:featuredmedia":[{"embeddable":true,"href":"https:\/\/novaluxeurope.com\/en\/wp-json\/wp\/v2\/media\/2916"}],"wp:attachment":[{"href":"https:\/\/novaluxeurope.com\/en\/wp-json\/wp\/v2\/media?parent=2917"}],"wp:term":[{"taxonomy":"product_brand","embeddable":true,"href":"https:\/\/novaluxeurope.com\/en\/wp-json\/wp\/v2\/product_brand?post=2917"},{"taxonomy":"product_cat","embeddable":true,"href":"https:\/\/novaluxeurope.com\/en\/wp-json\/wp\/v2\/product_cat?post=2917"},{"taxonomy":"product_tag","embeddable":true,"href":"https:\/\/novaluxeurope.com\/en\/wp-json\/wp\/v2\/product_tag?post=2917"}],"curies":[{"name":"wp","href":"https:\/\/api.w.org\/{rel}","templated":true}]}}