{"id":2910,"date":"2026-04-10T23:52:08","date_gmt":"2026-04-10T23:52:08","guid":{"rendered":"https:\/\/novaluxeurope.com\/producto\/armaf-eter-desert-breeze-edp-u-100-ml\/"},"modified":"2026-04-24T13:31:55","modified_gmt":"2026-04-24T13:31:55","slug":"armaf-eter-desert-breeze-edp-u-100-ml","status":"publish","type":"product","link":"https:\/\/novaluxeurope.com\/en\/product\/armaf-eter-desert-breeze-edp-u-100-ml\/","title":{"rendered":"Armaf \u00c9ter Desert Breeze"},"content":{"rendered":"<p>Armaf \u00c9ter Desert Breeze Eau de Parfum, una cautivadora fragancia unisex dise\u00f1ada para evocar la tranquilidad de un oasis des\u00e9rtico. Lanzada en 2024, esta fragancia encapsula los elementos m\u00e1s seductores de la naturaleza, convirti\u00e9ndola en un complemento esencial para el hombre moderno y sofisticado. Desert Breeze se abre con una refrescante explosi\u00f3n de lirio del valle, lim\u00f3n italiano y jazm\u00edn, que ofrecen una introducci\u00f3n estimulante y energizante. Estas animadas notas de salida dan paso suavemente al coraz\u00f3n de la fragancia, donde el rico y atrevido aroma de la madera de agar toma el protagonismo. La fragancia se asienta en un final c\u00e1lido y seductor con notas de fondo de s\u00e1ndalo y almizcle , creando una impresi\u00f3n duradera que es a la vez robusta y refinada. Perteneciente a la familia olfativa Almizcle Floral Amaderado, Desert Breeze ofrece una armon\u00eda perfecta de delicadas notas florales, madera robusta y profundos matices almizclados. Creado por la prestigiosa casa de dise\u00f1o Armaf, este Eau de Parfum en spray se presenta en un generoso tama\u00f1o de 100 ml, que garantiza un disfrute duradero. NOTAS DE PERFUME Notas de salida: Lirio de los valles, lim\u00f3n italiano, jazm\u00edn Notas medias: Madera de agar Notas de fondo: S\u00e1ndalo, Almizcle<\/p>\n<h4>Pir\u00e1mide olfativa<\/h4>\n<ul>\n<li><strong>Notas de entrada:<\/strong> Lirio del valle, Lim\u00f3n italiano, Jazm\u00edn<\/li>\n<li><strong>Notas de coraz\u00f3n:<\/strong> Madera de agar<\/li>\n<li><strong>Notas de salida:<\/strong> S\u00e1ndalo, Almizcle<\/li>\n<\/ul>","protected":false},"excerpt":{"rendered":"<p>Armaf \u00c9ter Desert Breeze Eau de Parfum, una cautivadora fragancia unisex dise\u00f1ada para evocar la tranquilidad de un oasis des\u00e9rtico. Lanzada en 2024, esta fragancia encapsula los elementos m\u00e1s seductores de la naturaleza, convirti\u00e9ndola en un complemento esencial para el hombre moderno y sofisticado. Desert Breeze se abre con una refrescante explosi\u00f3n de lirio del [&hellip;]<\/p>\n","protected":false},"featured_media":2909,"comment_status":"open","ping_status":"closed","template":"","meta":[],"product_brand":[535],"product_cat":[225],"product_tag":[59,56,580,388,68,174],"class_list":{"0":"post-2910","1":"product","2":"type-product","3":"status-publish","4":"has-post-thumbnail","6":"product_brand-armaf","7":"product_cat-perfumes-y-fragancias","8":"product_tag-almizcle","9":"product_tag-jazmin","10":"product_tag-limon-italiano","11":"product_tag-lirio-del-valle","12":"product_tag-madera-de-agar","13":"product_tag-sandalo","15":"first","16":"instock","17":"taxable","18":"shipping-taxable","19":"product-type-simple"},"_links":{"self":[{"href":"https:\/\/novaluxeurope.com\/en\/wp-json\/wp\/v2\/product\/2910","targetHints":{"allow":["GET"]}}],"collection":[{"href":"https:\/\/novaluxeurope.com\/en\/wp-json\/wp\/v2\/product"}],"about":[{"href":"https:\/\/novaluxeurope.com\/en\/wp-json\/wp\/v2\/types\/product"}],"replies":[{"embeddable":true,"href":"https:\/\/novaluxeurope.com\/en\/wp-json\/wp\/v2\/comments?post=2910"}],"wp:featuredmedia":[{"embeddable":true,"href":"https:\/\/novaluxeurope.com\/en\/wp-json\/wp\/v2\/media\/2909"}],"wp:attachment":[{"href":"https:\/\/novaluxeurope.com\/en\/wp-json\/wp\/v2\/media?parent=2910"}],"wp:term":[{"taxonomy":"product_brand","embeddable":true,"href":"https:\/\/novaluxeurope.com\/en\/wp-json\/wp\/v2\/product_brand?post=2910"},{"taxonomy":"product_cat","embeddable":true,"href":"https:\/\/novaluxeurope.com\/en\/wp-json\/wp\/v2\/product_cat?post=2910"},{"taxonomy":"product_tag","embeddable":true,"href":"https:\/\/novaluxeurope.com\/en\/wp-json\/wp\/v2\/product_tag?post=2910"}],"curies":[{"name":"wp","href":"https:\/\/api.w.org\/{rel}","templated":true}]}}