{"id":2903,"date":"2026-04-10T23:52:05","date_gmt":"2026-04-10T23:52:05","guid":{"rendered":"https:\/\/novaluxeurope.com\/producto\/armaf-eter-arabian-sky-edp-u-100-ml\/"},"modified":"2026-04-24T13:13:52","modified_gmt":"2026-04-24T13:13:52","slug":"armaf-eter-arabian-sky-edp-u-100-ml","status":"publish","type":"product","link":"https:\/\/novaluxeurope.com\/en\/product\/armaf-eter-arabian-sky-edp-u-100-ml\/","title":{"rendered":"Armaf \u00c9ter Arabian Sky"},"content":{"rendered":"<p>Armaf \u00c9ter Arabian Sky 100 ml Eau de Parfum , lanzada en 2024, es una fragancia unisex que equilibra a la perfecci\u00f3n la frescura, la dulzura floral y la riqueza c\u00e1lida y terrosa. Se abre con una vibrante explosi\u00f3n de pimienta, lim\u00f3n, aceite de naranja, bergamota italiana, pomelo y pi\u00f1a, ofreciendo una primera impresi\u00f3n energizante y estimulante que despierta los sentidos. El coraz\u00f3n revela una lujosa mezcla de lavanda, geranio, ylang-ylang y caramelo, creando un armonioso acorde floral-dulce que a\u00f1ade sofisticaci\u00f3n y profundidad. A medida que la fragancia se asienta, la base se despliega en una combinaci\u00f3n c\u00e1lida y sensual de pachul\u00ed , vetiver , madera de cedro , almizcle , cuero y \u00e1mbar , dejando una estela rica y duradera que irradia elegancia y confianza. \u00c9ter Arabian Sky es ideal para quienes buscan una fragancia unisex vers\u00e1til que pueda llevarse tanto de d\u00eda como de noche. Su compleja composici\u00f3n la hace especialmente atractiva para las personas que aprecian un lujoso perfil olfativo que combina frescura, dulzura floral y calidez terrosa, perfecto para causar una impresi\u00f3n duradera en cualquier ocasi\u00f3n. NOTAS DE PERFUME Notas de salida: Pimienta, lim\u00f3n, aceite de naranja, bergamota italiana, pomelo, pi\u00f1a Notas medias: Lavanda, Geranio, Ylang-Ylang, Caramelo Notas de Fondo: Pachul\u00ed, Vetiver, Cedro, Almizcle, Cuero, \u00c1mbar<\/p>\n<h4>Pir\u00e1mide olfativa<\/h4>\n<ul>\n<li><strong>Notas de entrada:<\/strong> Pimienta, Lim\u00f3n, Aceite de naranja, Bergamota italiana, Pomelo, Pi\u00f1a<\/li>\n<li><strong>Notas de coraz\u00f3n:<\/strong> Lavanda, Geranio, Ylang-Ylang, Caramelo<\/li>\n<li><strong>Notas de salida:<\/strong> Pachul\u00ed, Vetiver, Madera de cedro, Almizcle, Piel, \u00c1mbar<\/li>\n<\/ul>","protected":false},"excerpt":{"rendered":"<p>Armaf \u00c9ter Arabian Sky 100 ml Eau de Parfum , lanzada en 2024, es una fragancia unisex que equilibra a la perfecci\u00f3n la frescura, la dulzura floral y la riqueza c\u00e1lida y terrosa. Se abre con una vibrante explosi\u00f3n de pimienta, lim\u00f3n, aceite de naranja, bergamota italiana, pomelo y pi\u00f1a, ofreciendo una primera impresi\u00f3n energizante [&hellip;]<\/p>\n","protected":false},"featured_media":2902,"comment_status":"open","ping_status":"closed","template":"","meta":[],"product_brand":[535],"product_cat":[225],"product_tag":[579,59,52,258,60,131,73,140,46,67,137,205,101,245,50,149],"class_list":{"0":"post-2903","1":"product","2":"type-product","3":"status-publish","4":"has-post-thumbnail","6":"product_brand-armaf","7":"product_cat-perfumes-y-fragancias","8":"product_tag-aceite-de-naranja","9":"product_tag-almizcle","10":"product_tag-ambar","11":"product_tag-bergamota-italiana","12":"product_tag-caramelo","13":"product_tag-geranio","14":"product_tag-lavanda","15":"product_tag-limon","16":"product_tag-madera-de-cedro","17":"product_tag-pachuli","18":"product_tag-piel","19":"product_tag-pimienta","20":"product_tag-pina","21":"product_tag-pomelo","22":"product_tag-vetiver","23":"product_tag-ylang-ylang","25":"first","26":"outofstock","27":"taxable","28":"shipping-taxable","29":"product-type-simple"},"_links":{"self":[{"href":"https:\/\/novaluxeurope.com\/en\/wp-json\/wp\/v2\/product\/2903","targetHints":{"allow":["GET"]}}],"collection":[{"href":"https:\/\/novaluxeurope.com\/en\/wp-json\/wp\/v2\/product"}],"about":[{"href":"https:\/\/novaluxeurope.com\/en\/wp-json\/wp\/v2\/types\/product"}],"replies":[{"embeddable":true,"href":"https:\/\/novaluxeurope.com\/en\/wp-json\/wp\/v2\/comments?post=2903"}],"wp:featuredmedia":[{"embeddable":true,"href":"https:\/\/novaluxeurope.com\/en\/wp-json\/wp\/v2\/media\/2902"}],"wp:attachment":[{"href":"https:\/\/novaluxeurope.com\/en\/wp-json\/wp\/v2\/media?parent=2903"}],"wp:term":[{"taxonomy":"product_brand","embeddable":true,"href":"https:\/\/novaluxeurope.com\/en\/wp-json\/wp\/v2\/product_brand?post=2903"},{"taxonomy":"product_cat","embeddable":true,"href":"https:\/\/novaluxeurope.com\/en\/wp-json\/wp\/v2\/product_cat?post=2903"},{"taxonomy":"product_tag","embeddable":true,"href":"https:\/\/novaluxeurope.com\/en\/wp-json\/wp\/v2\/product_tag?post=2903"}],"curies":[{"name":"wp","href":"https:\/\/api.w.org\/{rel}","templated":true}]}}