{"id":2881,"date":"2026-04-10T23:51:59","date_gmt":"2026-04-10T23:51:59","guid":{"rendered":"https:\/\/novaluxeurope.com\/producto\/armaf-connoisseur-edp-w-100-ml\/"},"modified":"2026-05-07T16:01:22","modified_gmt":"2026-05-07T16:01:22","slug":"armaf-connoisseur-edp-w-100-ml","status":"publish","type":"product","link":"https:\/\/novaluxeurope.com\/en\/product\/armaf-connoisseur-edp-w-100-ml\/","title":{"rendered":"Armaf Connoisseur"},"content":{"rendered":"<p>Armaf Connoisseur EDP 100 ml para Mujer es un Eau de Parfum cautivador y sofisticado que celebra la elegancia y la feminidad. Perteneciente a la familia olfativa Oriental Floral Ambarina Dulce , lanzada en 2024, esta fragancia est\u00e1 dise\u00f1ada para las mujeres que adoran un perfume que mezcla brillo, encanto floral y c\u00e1lida sensualidad. Desprende confianza sin dejar de ser elegante, por lo que es perfecta para cualquier ocasi\u00f3n en la que se desee causar una impresi\u00f3n duradera. Desde la primera pulverizaci\u00f3n, las notas de salida de bergamota , mandarina y pera aportan una apertura viva y chispeante, llenando los sentidos de energ\u00eda fresca y estimulante. El coraz\u00f3n florece con un refinado tr\u00edo floral de azahar, jazm\u00edn sambac y neroli, creando un bouquet suave pero intrigante que atrae la atenci\u00f3n sutilmente. Al secarse se descubre una base rica y reconfortante de almizcle blanco, vainilla, benju\u00ed, \u00e1mbar y haba tonka, que proporciona un acabado cremoso y c\u00e1lido que perdura maravillosamente en la piel. Connoisseur for Women es una fragancia que equilibra brillo y profundidad, haci\u00e9ndola vers\u00e1til tanto para la elegancia diurna como para el encanto nocturno. Su composici\u00f3n en capas garantiza que cada etapa se desarrolle con gracia, dejando tras de s\u00ed un aroma que es a la vez moderno, sofisticado e innegablemente femenino. NOTAS DE PERFUME Notas de salida: Bergamota, Mandarina, Pera Notas medias: Azahar, Jazm\u00edn Sambac, Neroli Notas de Fondo: Almizcle blanco, Vainilla, Benju\u00ed, \u00c1mbar, Haba tonka<\/p>\n<h4>Pir\u00e1mide olfativa<\/h4>\n<ul>\n<li><strong>Notas de entrada:<\/strong> Bergamota, Mandarina, Pera<\/li>\n<li><strong>Notas de coraz\u00f3n:<\/strong> Azahar, Jazm\u00edn Sambac, Neroli<\/li>\n<li><strong>Notas de salida:<\/strong> Almizcle blanco, Vainilla, Benju\u00ed, \u00c1mbar, Haba Tonka<\/li>\n<\/ul>","protected":false},"excerpt":{"rendered":"<p>Armaf Connoisseur EDP 100 ml para Mujer es un Eau de Parfum cautivador y sofisticado que celebra la elegancia y la feminidad. Perteneciente a la familia olfativa Oriental Floral Ambarina Dulce , lanzada en 2024, esta fragancia est\u00e1 dise\u00f1ada para las mujeres que adoran un perfume que mezcla brillo, encanto floral y c\u00e1lida sensualidad. Desprende [&hellip;]<\/p>\n","protected":false},"featured_media":2880,"comment_status":"open","ping_status":"closed","template":"","meta":[],"product_brand":[535],"product_cat":[225],"product_tag":[169,52,353,126,102,79,483,99,148,112,63],"class_list":{"0":"post-2881","1":"product","2":"type-product","3":"status-publish","4":"has-post-thumbnail","6":"product_brand-armaf","7":"product_cat-perfumes-y-fragancias","8":"product_tag-almizcle-blanco","9":"product_tag-ambar","10":"product_tag-azahar","11":"product_tag-benjui","12":"product_tag-bergamota","13":"product_tag-haba-tonka","14":"product_tag-jazmin-sambac","15":"product_tag-mandarina","16":"product_tag-neroli","17":"product_tag-pera","18":"product_tag-vainilla","20":"first","21":"instock","22":"taxable","23":"shipping-taxable","24":"product-type-simple"},"_links":{"self":[{"href":"https:\/\/novaluxeurope.com\/en\/wp-json\/wp\/v2\/product\/2881","targetHints":{"allow":["GET"]}}],"collection":[{"href":"https:\/\/novaluxeurope.com\/en\/wp-json\/wp\/v2\/product"}],"about":[{"href":"https:\/\/novaluxeurope.com\/en\/wp-json\/wp\/v2\/types\/product"}],"replies":[{"embeddable":true,"href":"https:\/\/novaluxeurope.com\/en\/wp-json\/wp\/v2\/comments?post=2881"}],"wp:featuredmedia":[{"embeddable":true,"href":"https:\/\/novaluxeurope.com\/en\/wp-json\/wp\/v2\/media\/2880"}],"wp:attachment":[{"href":"https:\/\/novaluxeurope.com\/en\/wp-json\/wp\/v2\/media?parent=2881"}],"wp:term":[{"taxonomy":"product_brand","embeddable":true,"href":"https:\/\/novaluxeurope.com\/en\/wp-json\/wp\/v2\/product_brand?post=2881"},{"taxonomy":"product_cat","embeddable":true,"href":"https:\/\/novaluxeurope.com\/en\/wp-json\/wp\/v2\/product_cat?post=2881"},{"taxonomy":"product_tag","embeddable":true,"href":"https:\/\/novaluxeurope.com\/en\/wp-json\/wp\/v2\/product_tag?post=2881"}],"curies":[{"name":"wp","href":"https:\/\/api.w.org\/{rel}","templated":true}]}}