{"id":2863,"date":"2026-04-10T23:51:50","date_gmt":"2026-04-10T23:51:50","guid":{"rendered":"https:\/\/novaluxeurope.com\/producto\/armaf-club-de-nuit-untold\/"},"modified":"2026-05-07T08:01:13","modified_gmt":"2026-05-07T08:01:13","slug":"armaf-club-de-nuit-untold","status":"publish","type":"product","link":"https:\/\/novaluxeurope.com\/en\/product\/armaf-club-de-nuit-untold\/","title":{"rendered":"Armaf Club de Nuit Untold"},"content":{"rendered":"<p><strong>Una fragancia que lo dice todo por ti<\/strong><\/p>\n<p>En cada uno de nosotros se esconden historias jam\u00e1s contadas. El eau de parfum unisex Armaf Club de Nuit Untold revela estos secretos sin necesidad de hablar. D\u00e9jate envolver en sus notas sensuales y frescas, que hablan por ti en los momentos en los que las palabras no bastan.\u00a0<\/p>\n<ul>\n<li>composici\u00f3n arom\u00e1tica sensual de \u00e1mbar y madera<\/li>\n<li>se lanz\u00f3 al mercado en el a\u00f1o 2022<\/li>\n<li>fragancia tanto para hombre como para mujer<\/li>\n<\/ul>\n<p><strong>Composici\u00f3n de la fragancia:<\/strong><br \/>En las notas de salida de la fragancia Club de Nuit Untold se combinan el preciado azafr\u00e1n con el delicado aroma del jazm\u00edn. A continuaci\u00f3n, el acento de madera de \u00e1mbar le confiere profundidad y un car\u00e1cter femenino. Lo que m\u00e1s tiempo permanece en tu piel son las notas de fondo, compuestas por el aroma amaderado del cedro y la misteriosa resina de abeto.<\/p>\n<h4>Pir\u00e1mide olfativa<\/h4>\n<ul>\n<li><strong>Notas de entrada:<\/strong> azafr\u00e1n, jazm\u00edn<\/li>\n<li><strong>Notas de coraz\u00f3n:<\/strong> madera \u00e1mbar, \u00e1mbar gris<\/li>\n<li><strong>Notas de salida:<\/strong> resina de abeto, cedro<\/li>\n<\/ul>","protected":false},"excerpt":{"rendered":"<p>Una fragancia que lo dice todo por ti En cada uno de nosotros se esconden historias jam\u00e1s contadas. El eau de parfum unisex Armaf Club de Nuit Untold revela estos secretos sin necesidad de hablar. D\u00e9jate envolver en sus notas sensuales y frescas, que hablan por ti en los momentos en los que las palabras [&hellip;]<\/p>\n","protected":false},"featured_media":2862,"comment_status":"open","ping_status":"closed","template":"","meta":[],"product_brand":[535],"product_cat":[225],"product_tag":[64,87,53,56,219,489],"class_list":{"0":"post-2863","1":"product","2":"type-product","3":"status-publish","4":"has-post-thumbnail","6":"product_brand-armaf","7":"product_cat-perfumes-y-fragancias","8":"product_tag-ambar-gris","9":"product_tag-azafran","10":"product_tag-cedro","11":"product_tag-jazmin","12":"product_tag-madera-ambar","13":"product_tag-resina-de-abeto","15":"first","16":"outofstock","17":"taxable","18":"shipping-taxable","19":"product-type-simple"},"_links":{"self":[{"href":"https:\/\/novaluxeurope.com\/en\/wp-json\/wp\/v2\/product\/2863","targetHints":{"allow":["GET"]}}],"collection":[{"href":"https:\/\/novaluxeurope.com\/en\/wp-json\/wp\/v2\/product"}],"about":[{"href":"https:\/\/novaluxeurope.com\/en\/wp-json\/wp\/v2\/types\/product"}],"replies":[{"embeddable":true,"href":"https:\/\/novaluxeurope.com\/en\/wp-json\/wp\/v2\/comments?post=2863"}],"wp:featuredmedia":[{"embeddable":true,"href":"https:\/\/novaluxeurope.com\/en\/wp-json\/wp\/v2\/media\/2862"}],"wp:attachment":[{"href":"https:\/\/novaluxeurope.com\/en\/wp-json\/wp\/v2\/media?parent=2863"}],"wp:term":[{"taxonomy":"product_brand","embeddable":true,"href":"https:\/\/novaluxeurope.com\/en\/wp-json\/wp\/v2\/product_brand?post=2863"},{"taxonomy":"product_cat","embeddable":true,"href":"https:\/\/novaluxeurope.com\/en\/wp-json\/wp\/v2\/product_cat?post=2863"},{"taxonomy":"product_tag","embeddable":true,"href":"https:\/\/novaluxeurope.com\/en\/wp-json\/wp\/v2\/product_tag?post=2863"}],"curies":[{"name":"wp","href":"https:\/\/api.w.org\/{rel}","templated":true}]}}