{"id":2852,"date":"2026-04-10T23:51:45","date_gmt":"2026-04-10T23:51:45","guid":{"rendered":"https:\/\/novaluxeurope.com\/producto\/armaf-club-de-nuit-blue-iconic\/"},"modified":"2026-04-24T13:13:53","modified_gmt":"2026-04-24T13:13:53","slug":"armaf-club-de-nuit-blue-iconic","status":"publish","type":"product","link":"https:\/\/novaluxeurope.com\/en\/product\/armaf-club-de-nuit-blue-iconic\/","title":{"rendered":"Armaf Club de Nuit Blue Iconic"},"content":{"rendered":"<p>Descubre la esencia del ic\u00f3nico frescor. El eau de parfum para hombre Armaf Club de Nuit Blue Iconic es perfecto para todo aquel que desee vivir cada d\u00eda al m\u00e1ximo con una fragancia limpia y estimulante con acordes suaves de jazm\u00edn y profundas notas de fondo amaderadas.<\/p>\n<ul>\n<li>fragancia c\u00edtrica fresca con notas de fondo amaderadas<\/li>\n<li>se lanz\u00f3 al mercado en el a\u00f1o 2022<\/li>\n<li>para hombre<\/li>\n<\/ul>\n<p><strong>Composici\u00f3n de la fragancia:<\/strong><br \/>Como si fueran los primeros rayos del sol, te despertar\u00e1n las jugosas notas de pomelo, el lim\u00f3n y las frescas hojas de menta, delicadamente condimentadas con pimienta rosa y cilantro. A continuaci\u00f3n, se despliega el aroma picante del jengibre y la nuez moscada con el rom\u00e1ntico jazm\u00edn y el dulce mel\u00f3n. Las notas de fondo se componen de una combinaci\u00f3n de incienso, \u00e1mbar, cedro y madera de s\u00e1ndalo con un toque terroso de pachuli y dulce l\u00e1dano.\u00a0<\/p>\n<h4>Pir\u00e1mide olfativa<\/h4>\n<ul>\n<li><strong>Notas de entrada:<\/strong> pomelo, menta, lim\u00f3n, cilantro, pimienta rosada<\/li>\n<li><strong>Notas de coraz\u00f3n:<\/strong> jengibre, nuez moscada, jazm\u00edn, sand\u00eda<\/li>\n<li><strong>Notas de salida:<\/strong> madera de s\u00e1ndalo, \u00e1mbar, incenso, notas amaderadas, cedro, pachuli, l\u00e1dano<\/li>\n<\/ul>","protected":false},"excerpt":{"rendered":"<p>Descubre la esencia del ic\u00f3nico frescor. El eau de parfum para hombre Armaf Club de Nuit Blue Iconic es perfecto para todo aquel que desee vivir cada d\u00eda al m\u00e1ximo con una fragancia limpia y estimulante con acordes suaves de jazm\u00edn y profundas notas de fondo amaderadas. fragancia c\u00edtrica fresca con notas de fondo amaderadas [&hellip;]<\/p>\n","protected":false},"featured_media":2851,"comment_status":"open","ping_status":"closed","template":"","meta":[],"product_brand":[535],"product_cat":[225],"product_tag":[52,53,155,185,56,180,70,140,47,194,179,95,67,181,245,352],"class_list":{"0":"post-2852","1":"product","2":"type-product","3":"status-publish","4":"has-post-thumbnail","6":"product_brand-armaf","7":"product_cat-perfumes-y-fragancias","8":"product_tag-ambar","9":"product_tag-cedro","10":"product_tag-cilantro","11":"product_tag-incenso","12":"product_tag-jazmin","13":"product_tag-jengibre","14":"product_tag-ladano","15":"product_tag-limon","16":"product_tag-madera-de-sandalo","17":"product_tag-menta","18":"product_tag-notas-amaderadas","19":"product_tag-nuez-moscada","20":"product_tag-pachuli","21":"product_tag-pimienta-rosada","22":"product_tag-pomelo","23":"product_tag-sandia","25":"first","26":"outofstock","27":"taxable","28":"shipping-taxable","29":"product-type-simple"},"_links":{"self":[{"href":"https:\/\/novaluxeurope.com\/en\/wp-json\/wp\/v2\/product\/2852","targetHints":{"allow":["GET"]}}],"collection":[{"href":"https:\/\/novaluxeurope.com\/en\/wp-json\/wp\/v2\/product"}],"about":[{"href":"https:\/\/novaluxeurope.com\/en\/wp-json\/wp\/v2\/types\/product"}],"replies":[{"embeddable":true,"href":"https:\/\/novaluxeurope.com\/en\/wp-json\/wp\/v2\/comments?post=2852"}],"wp:featuredmedia":[{"embeddable":true,"href":"https:\/\/novaluxeurope.com\/en\/wp-json\/wp\/v2\/media\/2851"}],"wp:attachment":[{"href":"https:\/\/novaluxeurope.com\/en\/wp-json\/wp\/v2\/media?parent=2852"}],"wp:term":[{"taxonomy":"product_brand","embeddable":true,"href":"https:\/\/novaluxeurope.com\/en\/wp-json\/wp\/v2\/product_brand?post=2852"},{"taxonomy":"product_cat","embeddable":true,"href":"https:\/\/novaluxeurope.com\/en\/wp-json\/wp\/v2\/product_cat?post=2852"},{"taxonomy":"product_tag","embeddable":true,"href":"https:\/\/novaluxeurope.com\/en\/wp-json\/wp\/v2\/product_tag?post=2852"}],"curies":[{"name":"wp","href":"https:\/\/api.w.org\/{rel}","templated":true}]}}