{"id":2849,"date":"2026-04-10T23:51:43","date_gmt":"2026-04-10T23:51:43","guid":{"rendered":"https:\/\/novaluxeurope.com\/producto\/armaf-chocolat-pistache-kunafa-edp-u-70-ml\/"},"modified":"2026-04-24T13:13:53","modified_gmt":"2026-04-24T13:13:53","slug":"armaf-chocolat-pistache-kunafa-edp-u-70-ml","status":"publish","type":"product","link":"https:\/\/novaluxeurope.com\/en\/product\/armaf-chocolat-pistache-kunafa-edp-u-70-ml\/","title":{"rendered":"Armaf Chocolat Pistache\/Kunafa"},"content":{"rendered":"<p>Armaf Chocolat Pistache \/ Kunafa EDP 70 ml es una opulenta fragancia unisex Oriental-Vainilla Gourmand creada para los amantes de los aromas cremosos, comestibles e inspirados en los postres. La fragancia se abre con una tentadora mezcla de postre de Kunafa, pistacho, nueces y caramelo, creando una dulzura dorada, c\u00e1lida y con sabor a nuez que resulta indulgente y adictiva al instante. En el coraz\u00f3n, una suave fusi\u00f3n de chocolate, vainilla y especias suaves se despliega, creando una cremosa riqueza con una calidez ligeramente especiada. Esta fase evoca postres de chocolate fundido y pasteles de pistacho almibarados con un lujoso car\u00e1cter gourmand de Oriente Medio. La fase seca se asienta en una base decadente de caramelo, tonka, madera de \u00e1mbar y almizcle, que se funde en una estela duradera y acogedora, c\u00e1lida, sensual y profundamente envolvente. El final es cremoso, ambarino y ligeramente ahumado. Chocolat Pistache (Kunafa) es una fragancia gourmand unisex, rica y estratificada, inspirada en la tendencia viral del chocolate de Dubai, perfecta para los amantes de los perfumes de postre que buscan la dulzura elevada con profundidad, lujo y una presencia inolvidable. NOTAS DE PERFUME Notas de salida: Postre Kunafa, Pistacho, Nueces, Caramelo Notas medias: Chocolate, Vainilla, Especias Suaves Notas de Fondo: Caramelo, Tonka, Madera de \u00c1mbar, Almizcle<\/p>\n<h4>Pir\u00e1mide olfativa<\/h4>\n<ul>\n<li><strong>Notas de entrada:<\/strong> Postre Kunafa, Pistacho, Nueces, Caramelo<\/li>\n<li><strong>Notas de coraz\u00f3n:<\/strong> Chocolate, Vainilla, Especias suaves<\/li>\n<li><strong>Notas de salida:<\/strong> Caramelo, Tonka, Madera de \u00e1mbar, Almizcle<\/li>\n<\/ul>","protected":false},"excerpt":{"rendered":"<p>Armaf Chocolat Pistache \/ Kunafa EDP 70 ml es una opulenta fragancia unisex Oriental-Vainilla Gourmand creada para los amantes de los aromas cremosos, comestibles e inspirados en los postres. La fragancia se abre con una tentadora mezcla de postre de Kunafa, pistacho, nueces y caramelo, creando una dulzura dorada, c\u00e1lida y con sabor a nuez [&hellip;]<\/p>\n","protected":false},"featured_media":2848,"comment_status":"open","ping_status":"closed","template":"","meta":[],"product_brand":[535],"product_cat":[225],"product_tag":[59,60,216,571,572,573,344,574,575,63],"class_list":{"0":"post-2849","1":"product","2":"type-product","3":"status-publish","4":"has-post-thumbnail","6":"product_brand-armaf","7":"product_cat-perfumes-y-fragancias","8":"product_tag-almizcle","9":"product_tag-caramelo","10":"product_tag-chocolate","11":"product_tag-especias-suaves","12":"product_tag-madera-de-ambar","13":"product_tag-nueces","14":"product_tag-pistacho","15":"product_tag-postre-kunafa","16":"product_tag-tonka","17":"product_tag-vainilla","19":"first","20":"outofstock","21":"taxable","22":"shipping-taxable","23":"product-type-simple"},"_links":{"self":[{"href":"https:\/\/novaluxeurope.com\/en\/wp-json\/wp\/v2\/product\/2849","targetHints":{"allow":["GET"]}}],"collection":[{"href":"https:\/\/novaluxeurope.com\/en\/wp-json\/wp\/v2\/product"}],"about":[{"href":"https:\/\/novaluxeurope.com\/en\/wp-json\/wp\/v2\/types\/product"}],"replies":[{"embeddable":true,"href":"https:\/\/novaluxeurope.com\/en\/wp-json\/wp\/v2\/comments?post=2849"}],"wp:featuredmedia":[{"embeddable":true,"href":"https:\/\/novaluxeurope.com\/en\/wp-json\/wp\/v2\/media\/2848"}],"wp:attachment":[{"href":"https:\/\/novaluxeurope.com\/en\/wp-json\/wp\/v2\/media?parent=2849"}],"wp:term":[{"taxonomy":"product_brand","embeddable":true,"href":"https:\/\/novaluxeurope.com\/en\/wp-json\/wp\/v2\/product_brand?post=2849"},{"taxonomy":"product_cat","embeddable":true,"href":"https:\/\/novaluxeurope.com\/en\/wp-json\/wp\/v2\/product_cat?post=2849"},{"taxonomy":"product_tag","embeddable":true,"href":"https:\/\/novaluxeurope.com\/en\/wp-json\/wp\/v2\/product_tag?post=2849"}],"curies":[{"name":"wp","href":"https:\/\/api.w.org\/{rel}","templated":true}]}}