{"id":2842,"date":"2026-04-10T23:51:41","date_gmt":"2026-04-10T23:51:41","guid":{"rendered":"https:\/\/novaluxeurope.com\/producto\/armaf-check-mate-queen-edp-w-100-ml\/"},"modified":"2026-05-11T05:15:22","modified_gmt":"2026-05-11T05:15:22","slug":"armaf-check-mate-queen-edp-w-100-ml","status":"publish","type":"product","link":"https:\/\/novaluxeurope.com\/en\/product\/armaf-check-mate-queen-edp-w-100-ml\/","title":{"rendered":"Armaf Check Mate &#8211; Queen"},"content":{"rendered":"<p>Presentamos la obra maestra de Armaf, Checkmate Queen , una cautivadora fragancia femenina que promete dejar una impresi\u00f3n duradera. Elaborado con los mejores ingredientes, este vaporizador EDP de 100 ml es un verdadero testimonio del arte de la perfumer\u00eda, procedente de la renombrada casa de dise\u00f1o Armaf, con sede en los Emiratos \u00c1rabes Unidos. Conocida por su exquisita herencia de fragancias de Oriente Medio, Armaf ha vuelto a crear una fragancia que encarna la elegancia y la sofisticaci\u00f3n. The Checkmate Queen se abre con una deslumbrante mezcla de notas de salida, con la calidez especiada del cardamomo, la c\u00e1scara c\u00edtrica de la bergamota y la refrescante explosi\u00f3n del lim\u00f3n. Este vigorizante comienzo prepara el terreno para un viaje olfativo realmente encantador. A medida que la fragancia se despliega, las notas de coraz\u00f3n revelan una rica y lujosa composici\u00f3n de cuero, iris y heliotropo. Estas notas de coraz\u00f3n crean una armon\u00eda perfecta, a\u00f1adiendo profundidad y un toque de elegancia floral que cautiva los sentidos. Las notas de fondo de Checkmate Queen afianzan la fragancia con una mezcla de ante, notas amaderadas, madera de cachemira y cedro. Esta sofisticada combinaci\u00f3n garantiza un acabado duradero y memorable que deja una estela de encanto all\u00e1 donde vaya. La fragancia est\u00e1 pensada para las mujeres que aprecian un aroma atemporal y moderno a la vez, lo que la convierte en la elecci\u00f3n ideal para cualquier ocasi\u00f3n. Abrace el encanto de Checkmate Queen de Armaf, una fragancia femenina que captura la esencia del lujo y la elegancia en cada bocanada. Con su mezcla \u00fanica de notas y su exquisito dise\u00f1o, esta fragancia es una adici\u00f3n imprescindible a cualquier colecci\u00f3n de perfumes. NOTAS DE PERFUME Notas de salida: Cardamomo, Bergamota, Lim\u00f3n Notas medias: Cuero, Iris, Heliotropo Notas de Fondo: Ante, Notas amaderadas, Madera de cachemira, Cedro<\/p>\n<h4>Pir\u00e1mide olfativa<\/h4>\n<ul>\n<li><strong>Notas de entrada:<\/strong> Cardamomo, Bergamota, Lim\u00f3n<\/li>\n<li><strong>Notas de coraz\u00f3n:<\/strong> Piel, Iris, Heliotropo<\/li>\n<li><strong>Notas de salida:<\/strong> Ante, Notas de madera, Madera de cachemira, Cedro<\/li>\n<\/ul>","protected":false},"excerpt":{"rendered":"<p>Presentamos la obra maestra de Armaf, Checkmate Queen , una cautivadora fragancia femenina que promete dejar una impresi\u00f3n duradera. Elaborado con los mejores ingredientes, este vaporizador EDP de 100 ml es un verdadero testimonio del arte de la perfumer\u00eda, procedente de la renombrada casa de dise\u00f1o Armaf, con sede en los Emiratos \u00c1rabes Unidos. Conocida [&hellip;]<\/p>\n","protected":false},"featured_media":2841,"comment_status":"open","ping_status":"closed","template":"","meta":[],"product_brand":[535],"product_cat":[225],"product_tag":[479,102,77,53,217,55,140,411,457,137],"class_list":{"0":"post-2842","1":"product","2":"type-product","3":"status-publish","4":"has-post-thumbnail","6":"product_brand-armaf","7":"product_cat-perfumes-y-fragancias","8":"product_tag-ante","9":"product_tag-bergamota","10":"product_tag-cardamomo","11":"product_tag-cedro","12":"product_tag-heliotropo","13":"product_tag-iris","14":"product_tag-limon","15":"product_tag-madera-de-cachemira","16":"product_tag-notas-de-madera","17":"product_tag-piel","19":"first","20":"instock","21":"taxable","22":"shipping-taxable","23":"product-type-simple"},"_links":{"self":[{"href":"https:\/\/novaluxeurope.com\/en\/wp-json\/wp\/v2\/product\/2842","targetHints":{"allow":["GET"]}}],"collection":[{"href":"https:\/\/novaluxeurope.com\/en\/wp-json\/wp\/v2\/product"}],"about":[{"href":"https:\/\/novaluxeurope.com\/en\/wp-json\/wp\/v2\/types\/product"}],"replies":[{"embeddable":true,"href":"https:\/\/novaluxeurope.com\/en\/wp-json\/wp\/v2\/comments?post=2842"}],"wp:featuredmedia":[{"embeddable":true,"href":"https:\/\/novaluxeurope.com\/en\/wp-json\/wp\/v2\/media\/2841"}],"wp:attachment":[{"href":"https:\/\/novaluxeurope.com\/en\/wp-json\/wp\/v2\/media?parent=2842"}],"wp:term":[{"taxonomy":"product_brand","embeddable":true,"href":"https:\/\/novaluxeurope.com\/en\/wp-json\/wp\/v2\/product_brand?post=2842"},{"taxonomy":"product_cat","embeddable":true,"href":"https:\/\/novaluxeurope.com\/en\/wp-json\/wp\/v2\/product_cat?post=2842"},{"taxonomy":"product_tag","embeddable":true,"href":"https:\/\/novaluxeurope.com\/en\/wp-json\/wp\/v2\/product_tag?post=2842"}],"curies":[{"name":"wp","href":"https:\/\/api.w.org\/{rel}","templated":true}]}}