{"id":2838,"date":"2026-04-10T23:51:39","date_gmt":"2026-04-10T23:51:39","guid":{"rendered":"https:\/\/novaluxeurope.com\/producto\/armaf-check-mate-knight-edp-w-100-ml\/"},"modified":"2026-04-24T13:13:53","modified_gmt":"2026-04-24T13:13:53","slug":"armaf-check-mate-knight-edp-w-100-ml","status":"publish","type":"product","link":"https:\/\/novaluxeurope.com\/en\/product\/armaf-check-mate-knight-edp-w-100-ml\/","title":{"rendered":"Armaf Check Mate &#8211; Knight"},"content":{"rendered":"<p>Check Mate &#8211; White Knight de Armaf es una radiante fragancia arom\u00e1tica, amaderada y almizclada creada para mujeres que encarnan la compostura, la claridad y la elegancia estrat\u00e9gica. Se abre con una mezcla brillante y chispeante de elem\u00ed , mandarina , pera y naranja , creando una introducci\u00f3n c\u00edtrico-resina viva que se siente limpia, edificante y con confianza femenina. A medida que la fragancia se despliega, White Knight se transforma en un arom\u00e1tico coraz\u00f3n amaderado de salvia sclarea, semillas de ang\u00e9lica y madera de cedro de Virginia, que ofrece un frescor sosegado, un matiz herbal y un car\u00e1cter refinado y arraigado. Este coraz\u00f3n equilibrado aporta estructura y sofisticaci\u00f3n: elegancia entregada con intenci\u00f3n y fuerza tranquila. La fase de secado se asienta en una base suave y almizclada de ambertolide , pachul\u00ed , vetiver , cypriol y ambrette absolute , que crea una estela amaderada y almizclada de larga duraci\u00f3n, limpia, suave y sutilmente sensual. La base es moderna, segura y elegante, perfecta para las mujeres que prefieren fragancias que hablen por su presencia m\u00e1s que por su volumen. Es portadora de una armon\u00eda luminosa, elaborada con deliberada delicadeza y equilibrada sofisticaci\u00f3n. NOTAS DE PERFUME Notas de salida: Elem\u00ed, mandarina, pera, naranja Notas medias: Salvia sclarea, semillas de ang\u00e9lica, cedro de Virginia Notas de fondo: Ambertolide, Pachul\u00ed, Vetiver, Cypriol, Ambrette absoluto<\/p>\n<h4>Pir\u00e1mide olfativa<\/h4>\n<ul>\n<li><strong>Notas de entrada:<\/strong> Elemi, Mandar\u00edn, Pera, Naranja<\/li>\n<li><strong>Notas de coraz\u00f3n:<\/strong> La salvia sclarea paga, Semillas de ang\u00e9lica, Cedro de Virginia<\/li>\n<li><strong>Notas de salida:<\/strong> Amberttolide, Pachul\u00ed indonesio, Hait\u00ed Vetiver, Cypriol, Ambrette Absolute<\/li>\n<\/ul>","protected":false},"excerpt":{"rendered":"<p>Check Mate &#8211; White Knight de Armaf es una radiante fragancia arom\u00e1tica, amaderada y almizclada creada para mujeres que encarnan la compostura, la claridad y la elegancia estrat\u00e9gica. Se abre con una mezcla brillante y chispeante de elem\u00ed , mandarina , pera y naranja , creando una introducci\u00f3n c\u00edtrico-resina viva que se siente limpia, edificante [&hellip;]<\/p>\n","protected":false},"featured_media":2837,"comment_status":"open","ping_status":"closed","template":"","meta":[],"product_brand":[535],"product_cat":[225],"product_tag":[564,565,566,435,107,567,568,122,98,569,112,570],"class_list":{"0":"post-2838","1":"product","2":"type-product","3":"status-publish","4":"has-post-thumbnail","6":"product_brand-armaf","7":"product_cat-perfumes-y-fragancias","8":"product_tag-amberttolide","9":"product_tag-ambrette-absolute","10":"product_tag-cedro-de-virginia","11":"product_tag-cypriol","12":"product_tag-elemi","13":"product_tag-haiti-vetiver","14":"product_tag-la-salvia-sclarea-paga","15":"product_tag-mandarin","16":"product_tag-naranja","17":"product_tag-pachuli-indonesio","18":"product_tag-pera","19":"product_tag-semillas-de-angelica","21":"first","22":"outofstock","23":"taxable","24":"shipping-taxable","25":"product-type-simple"},"_links":{"self":[{"href":"https:\/\/novaluxeurope.com\/en\/wp-json\/wp\/v2\/product\/2838","targetHints":{"allow":["GET"]}}],"collection":[{"href":"https:\/\/novaluxeurope.com\/en\/wp-json\/wp\/v2\/product"}],"about":[{"href":"https:\/\/novaluxeurope.com\/en\/wp-json\/wp\/v2\/types\/product"}],"replies":[{"embeddable":true,"href":"https:\/\/novaluxeurope.com\/en\/wp-json\/wp\/v2\/comments?post=2838"}],"wp:featuredmedia":[{"embeddable":true,"href":"https:\/\/novaluxeurope.com\/en\/wp-json\/wp\/v2\/media\/2837"}],"wp:attachment":[{"href":"https:\/\/novaluxeurope.com\/en\/wp-json\/wp\/v2\/media?parent=2838"}],"wp:term":[{"taxonomy":"product_brand","embeddable":true,"href":"https:\/\/novaluxeurope.com\/en\/wp-json\/wp\/v2\/product_brand?post=2838"},{"taxonomy":"product_cat","embeddable":true,"href":"https:\/\/novaluxeurope.com\/en\/wp-json\/wp\/v2\/product_cat?post=2838"},{"taxonomy":"product_tag","embeddable":true,"href":"https:\/\/novaluxeurope.com\/en\/wp-json\/wp\/v2\/product_tag?post=2838"}],"curies":[{"name":"wp","href":"https:\/\/api.w.org\/{rel}","templated":true}]}}