{"id":2827,"date":"2026-04-10T23:51:34","date_gmt":"2026-04-10T23:51:34","guid":{"rendered":"https:\/\/novaluxeurope.com\/producto\/armaf-check-mate-king-edp-m-100-ml\/"},"modified":"2026-04-24T13:13:53","modified_gmt":"2026-04-24T13:13:53","slug":"armaf-check-mate-king-edp-m-100-ml","status":"publish","type":"product","link":"https:\/\/novaluxeurope.com\/en\/product\/armaf-check-mate-king-edp-m-100-ml\/","title":{"rendered":"Armaf Check Mate &#8211; King"},"content":{"rendered":"<p>Armaf Checkmate King Eau de Parfum 100 ml es una atrevida fragancia masculina creada para hombres que aprecian la profundidad, el refinamiento y un moderno perfil gourmand-amaderado. La composici\u00f3n se abre con una jugosa explosi\u00f3n de ciruela mirabel y matices afrutados brillantes, creando una introducci\u00f3n atractiva y ligeramente dulce que resulta vibrante, en\u00e9rgica y atractiva al instante. A medida que la fragancia comienza a evolucionar, Checkmate King revela un coraz\u00f3n c\u00e1lido y texturizado. Notas de especias, casta\u00f1as asadas y ricos acordes gourmands se despliegan para crear una calidez arom\u00e1tica y acogedora que recuerda a la luz crepitante de una hoguera y a la indulgencia refinada. Esta fase media aporta una dulzura masculina equilibrada con una profundidad arom\u00e1tica que confiere a la fragancia un car\u00e1cter distintivo y memorable. En la fase seca, el perfume se asienta en una base suave y elegante construida en torno a tonos empolvados, s\u00e1ndalo cremoso, \u00e1mbar resplandeciente y sutiles facetas bals\u00e1micas. Estas notas aportan riqueza y longevidad, dejando tras de s\u00ed una c\u00e1lida estela amaderada y ambarina que perdura con serena confianza. El acabado es pulido, sensual y perfectamente adecuado tanto para el d\u00eda como para la noche. Dise\u00f1ado para el caballero moderno que valora la sofisticaci\u00f3n y la artesan\u00eda, Armaf Checkmate King combina el brillo afrutado, la calidez gourmand y la elegancia amaderada en una declaraci\u00f3n de masculinidad caracter\u00edstica: refinada, segura e inconfundiblemente real. NOTAS DE PERFUME Notas de salida: Mirabel, afrutado Notas medias: Especiado, casta\u00f1o, goloso Notas de fondo: Empolvado, S\u00e1ndalo, \u00c1mbar, Bals\u00e1mico<\/p>\n<h4>Pir\u00e1mide olfativa<\/h4>\n<ul>\n<li><strong>Notas de entrada:<\/strong> Mirabelle, Afrutado<\/li>\n<li><strong>Notas de coraz\u00f3n:<\/strong> Picante, Casta\u00f1o, Gourmand<\/li>\n<li><strong>Notas de salida:<\/strong> Polvo, S\u00e1ndalo, \u00c1mbar, Bals\u00e1mico<\/li>\n<\/ul>","protected":false},"excerpt":{"rendered":"<p>Armaf Checkmate King Eau de Parfum 100 ml es una atrevida fragancia masculina creada para hombres que aprecian la profundidad, el refinamiento y un moderno perfil gourmand-amaderado. La composici\u00f3n se abre con una jugosa explosi\u00f3n de ciruela mirabel y matices afrutados brillantes, creando una introducci\u00f3n atractiva y ligeramente dulce que resulta vibrante, en\u00e9rgica y atractiva [&hellip;]<\/p>\n","protected":false},"featured_media":2826,"comment_status":"open","ping_status":"closed","template":"","meta":[],"product_brand":[535],"product_cat":[225],"product_tag":[480,52,547,453,548,549,550,551,174],"class_list":{"0":"post-2827","1":"product","2":"type-product","3":"status-publish","4":"has-post-thumbnail","6":"product_brand-armaf","7":"product_cat-perfumes-y-fragancias","8":"product_tag-afrutado","9":"product_tag-ambar","10":"product_tag-balsamico","11":"product_tag-castano","12":"product_tag-gourmand","13":"product_tag-mirabelle","14":"product_tag-picante","15":"product_tag-polvo","16":"product_tag-sandalo","18":"first","19":"outofstock","20":"taxable","21":"shipping-taxable","22":"product-type-simple"},"_links":{"self":[{"href":"https:\/\/novaluxeurope.com\/en\/wp-json\/wp\/v2\/product\/2827","targetHints":{"allow":["GET"]}}],"collection":[{"href":"https:\/\/novaluxeurope.com\/en\/wp-json\/wp\/v2\/product"}],"about":[{"href":"https:\/\/novaluxeurope.com\/en\/wp-json\/wp\/v2\/types\/product"}],"replies":[{"embeddable":true,"href":"https:\/\/novaluxeurope.com\/en\/wp-json\/wp\/v2\/comments?post=2827"}],"wp:featuredmedia":[{"embeddable":true,"href":"https:\/\/novaluxeurope.com\/en\/wp-json\/wp\/v2\/media\/2826"}],"wp:attachment":[{"href":"https:\/\/novaluxeurope.com\/en\/wp-json\/wp\/v2\/media?parent=2827"}],"wp:term":[{"taxonomy":"product_brand","embeddable":true,"href":"https:\/\/novaluxeurope.com\/en\/wp-json\/wp\/v2\/product_brand?post=2827"},{"taxonomy":"product_cat","embeddable":true,"href":"https:\/\/novaluxeurope.com\/en\/wp-json\/wp\/v2\/product_cat?post=2827"},{"taxonomy":"product_tag","embeddable":true,"href":"https:\/\/novaluxeurope.com\/en\/wp-json\/wp\/v2\/product_tag?post=2827"}],"curies":[{"name":"wp","href":"https:\/\/api.w.org\/{rel}","templated":true}]}}