{"id":2824,"date":"2026-04-10T23:51:32","date_gmt":"2026-04-10T23:51:32","guid":{"rendered":"https:\/\/novaluxeurope.com\/producto\/armaf-blue-homme\/"},"modified":"2026-04-24T13:13:53","modified_gmt":"2026-04-24T13:13:53","slug":"armaf-blue-homme","status":"publish","type":"product","link":"https:\/\/novaluxeurope.com\/en\/product\/armaf-blue-homme\/","title":{"rendered":"Armaf Blue Homme"},"content":{"rendered":"<p dir=\"ltr\"><strong>La fragancia de la masculinidad y del frescor<\/strong><\/p>\n<p dir=\"ltr\">\u00bfUna fragancia que te refresca igual de bien que una brisa veteada de fr\u00edos acordes marinos? El eau de parfum para hombre Armaf Blue Homme, presentada en un moderno frasco de color azul.<\/p>\n<ul>\n<li value=\"1\">composici\u00f3n arom\u00e1tica con acordes c\u00edtricos<\/li>\n<li value=\"2\">fragancia pensada para uso diario<\/li>\n<li value=\"3\">indicada para los meses c\u00e1lidos<\/li>\n<\/ul>\n<p dir=\"ltr\"><strong>Composici\u00f3n de la fragancia:<\/strong><br \/>El eau de parfum para hombre Armaf Blue Homme te cautivar\u00e1 desde el primer instante con su armon\u00eda de bergamota, lim\u00f3n, mandarina, lima y neroli. En sus notas de coraz\u00f3n se maridan la lavanda y el jazm\u00edn, junto con el arom\u00e1tico romero. La fragancia culmina con unos acordes seductores de \u00e1mbar, cedro, musgo de roble y vainilla.<\/p>\n<h4>Pir\u00e1mide olfativa<\/h4>\n<ul>\n<li><strong>Notas de entrada:<\/strong> bergamota, pomelo, neroli, lim\u00f3n, flores de mandarino, lima<\/li>\n<li><strong>Notas de coraz\u00f3n:<\/strong> lavanda, romero, jazm\u00edn, nuez moscada<\/li>\n<li><strong>Notas de salida:<\/strong> \u00e1mbar, cedro, musgo de roble, pachuli, almizcle, vainilla<\/li>\n<\/ul>","protected":false},"excerpt":{"rendered":"<p>La fragancia de la masculinidad y del frescor \u00bfUna fragancia que te refresca igual de bien que una brisa veteada de fr\u00edos acordes marinos? El eau de parfum para hombre Armaf Blue Homme, presentada en un moderno frasco de color azul. composici\u00f3n arom\u00e1tica con acordes c\u00edtricos fragancia pensada para uso diario indicada para los meses [&hellip;]<\/p>\n","protected":false},"featured_media":2823,"comment_status":"open","ping_status":"closed","template":"","meta":[],"product_brand":[535],"product_cat":[225],"product_tag":[59,52,102,53,546,56,73,467,140,61,148,95,67,245,187,63],"class_list":{"0":"post-2824","1":"product","2":"type-product","3":"status-publish","4":"has-post-thumbnail","6":"product_brand-armaf","7":"product_cat-perfumes-y-fragancias","8":"product_tag-almizcle","9":"product_tag-ambar","10":"product_tag-bergamota","11":"product_tag-cedro","12":"product_tag-flores-de-mandarino","13":"product_tag-jazmin","14":"product_tag-lavanda","15":"product_tag-lima","16":"product_tag-limon","17":"product_tag-musgo-de-roble","18":"product_tag-neroli","19":"product_tag-nuez-moscada","20":"product_tag-pachuli","21":"product_tag-pomelo","22":"product_tag-romero","23":"product_tag-vainilla","25":"first","26":"outofstock","27":"taxable","28":"shipping-taxable","29":"product-type-simple"},"_links":{"self":[{"href":"https:\/\/novaluxeurope.com\/en\/wp-json\/wp\/v2\/product\/2824","targetHints":{"allow":["GET"]}}],"collection":[{"href":"https:\/\/novaluxeurope.com\/en\/wp-json\/wp\/v2\/product"}],"about":[{"href":"https:\/\/novaluxeurope.com\/en\/wp-json\/wp\/v2\/types\/product"}],"replies":[{"embeddable":true,"href":"https:\/\/novaluxeurope.com\/en\/wp-json\/wp\/v2\/comments?post=2824"}],"wp:featuredmedia":[{"embeddable":true,"href":"https:\/\/novaluxeurope.com\/en\/wp-json\/wp\/v2\/media\/2823"}],"wp:attachment":[{"href":"https:\/\/novaluxeurope.com\/en\/wp-json\/wp\/v2\/media?parent=2824"}],"wp:term":[{"taxonomy":"product_brand","embeddable":true,"href":"https:\/\/novaluxeurope.com\/en\/wp-json\/wp\/v2\/product_brand?post=2824"},{"taxonomy":"product_cat","embeddable":true,"href":"https:\/\/novaluxeurope.com\/en\/wp-json\/wp\/v2\/product_cat?post=2824"},{"taxonomy":"product_tag","embeddable":true,"href":"https:\/\/novaluxeurope.com\/en\/wp-json\/wp\/v2\/product_tag?post=2824"}],"curies":[{"name":"wp","href":"https:\/\/api.w.org\/{rel}","templated":true}]}}